{"id":17770,"date":"2024-07-16T06:31:48","date_gmt":"2024-07-16T06:31:48","guid":{"rendered":"https:\/\/www.recircle.ch\/?page_id=17770"},"modified":"2026-04-14T13:16:19","modified_gmt":"2026-04-14T13:16:19","slug":"chi-siamo","status":"publish","type":"page","link":"https:\/\/www.recircle.ch\/it\/chi-siamo\/","title":{"rendered":"Chi siamo"},"content":{"rendered":"<div class=\"wpb-content-wrapper\"><p>[vc_row full_width=&#8221;stretch_row&#8221; gap=&#8221;30&#8243; bg_type=&#8221;bg_color&#8221; bg_color_value=&#8221;#fafafa&#8221; css=&#8221;.vc_custom_1661775976583{padding-top: 0px !important;padding-bottom: 120px !important;background-color: #f8e5e2 !important;}&#8221;][vc_column][\/vc_column][\/vc_row][vc_row full_width=&#8221;stretch_row&#8221; full_height=&#8221;yes&#8221; equal_height=&#8221;yes&#8221; bg_type=&#8221;bg_color&#8221; bg_color_value=&#8221;#fafafa&#8221; css=&#8221;.vc_custom_1650294748907{background-color: #fafafa !important;}&#8221;][vc_column width=&#8221;1\/2&#8243;][vc_column_text]<\/p>\n<h1><i>re<\/i>CIRCLE SIAMO NOI<\/h1>\n<p>[\/vc_column_text][\/vc_column][vc_column width=&#8221;1\/2&#8243;][vc_column_text]Facciamo parte di reCIRCLE perch\u00e9 siamo uniti dal desiderio di vivere in una societ\u00e0 pi\u00f9 sostenibile e giusta. Tutti noi vogliamo agire e fare qualcosa di concreto per il nostro Pianeta. Per questo ci impegniamo con passione e fervore nel promuovere un sistema basato sul riutilizzo e sul senso di responsabilit\u00e0, contribuendo a far crescere attorno a noi una fitta rete di utenza.[\/vc_column_text][\/vc_column][\/vc_row][vc_row full_width=&#8221;stretch_row&#8221; content_placement=&#8221;top&#8221; disable_element=&#8221;yes&#8221; bg_type=&#8221;bg_color&#8221; bg_color_value=&#8221;#fafafa&#8221; css=&#8221;.vc_custom_1661457035845{background-color: #fafafa !important;}&#8221; el_class=&#8221;arrowdownsection&#8221;][vc_column][vc_raw_html]PGEgc3R5bGU9Im91dGxpbmU6IG5vbmU7IiBocmVmPSIjc2VjdGlvbjkwMjMxdTg1OTk4MzIxMzIiPjxkaXYgc3R5bGU9IndpZHRoOiA3MHB4OyBoZWlnaHQ6IDcwcHg7IG91dGxpbmU6IG5vbmU7IiBpZD0ic2Nyb2xsZG93biI+PC9kaXY+PC9hPg==[\/vc_raw_html][\/vc_column][\/vc_row][vc_row full_width=&#8221;stretch_row&#8221; equal_height=&#8221;yes&#8221; content_placement=&#8221;middle&#8221; bg_type=&#8221;bg_color&#8221; bg_color_value=&#8221;#fafafa&#8221; css=&#8221;.vc_custom_1661161117636{padding-top: 90px !important;padding-bottom: 0px !important;background-color: #f8e5e2 !important;}&#8221; el_id=&#8221;section90231u8599832132&#8243;][vc_column][vc_column_text]<\/p>\n<h1 style=\"text-align: center;\">IL TEAM<\/h1>\n<p>[\/vc_column_text][\/vc_column][\/vc_row][vc_row full_width=&#8221;stretch_row&#8221; gap=&#8221;30&#8243; bg_type=&#8221;bg_color&#8221; bg_color_value=&#8221;#fafafa&#8221; css=&#8221;.vc_custom_1660918032949{padding-top: 20px !important;padding-bottom: 0px !important;background-color: #f8e5e2 !important;}&#8221;][vc_column width=&#8221;1\/3&#8243;][vc_single_image image=&#8221;8791&#8243; img_size=&#8221;full&#8221; style=&#8221;vc_box_circle&#8221; onclick=&#8221;custom_link&#8221; link=&#8221;https:\/\/www.recircle.ch\/it\/chi-siamo\/team-ursina-haslebacher\/&#8221;][vc_column_text]<\/p>\n<p style=\"text-align: center;\"><strong>Ursina Haslebacher<\/strong><br \/>\nSviluppo dei Prodotti &amp; Progetti<\/p>\n<p>[\/vc_column_text][\/vc_column][vc_column width=&#8221;1\/3&#8243;][vc_single_image image=&#8221;8755&#8243; img_size=&#8221;full&#8221; style=&#8221;vc_box_circle&#8221; onclick=&#8221;custom_link&#8221; link=&#8221;https:\/\/www.recircle.ch\/it\/chi-siamo\/team-jeannette-morath\/&#8221;][vc_column_text]<\/p>\n<p style=\"text-align: center;\"><strong>Jeannette Morath<\/strong><br \/>\nFondatore &amp; CEO<\/p>\n<p>[\/vc_column_text][\/vc_column][vc_column width=&#8221;1\/3&#8243;][vc_single_image image=&#8221;8771&#8243; img_size=&#8221;full&#8221; style=&#8221;vc_box_circle&#8221; onclick=&#8221;custom_link&#8221; link=&#8221;https:\/\/www.recircle.ch\/ueber-uns\/team-lea-burkhardt\/&#8221;][vc_column_text css=&#8221;&#8221;]<\/p>\n<p style=\"text-align: center;\"><strong>Lea Burkhardt<\/strong><br \/>\nAccounting, People &amp; Office Manager<\/p>\n<p>[\/vc_column_text][\/vc_column][\/vc_row][vc_row full_width=&#8221;stretch_row&#8221; gap=&#8221;30&#8243; bg_type=&#8221;bg_color&#8221; bg_color_value=&#8221;#FAFAFA&#8221; css=&#8221;.vc_custom_1755695799787{padding-top: 0px !important;padding-bottom: 0px !important;background-color: #f8e5e2 !important;}&#8221;][vc_column width=&#8221;1\/3&#8243;][vc_single_image image=&#8221;17042&#8243; img_size=&#8221;full&#8221; style=&#8221;vc_box_circle&#8221; onclick=&#8221;custom_link&#8221; link=&#8221;https:\/\/www.recircle.ch\/it\/chi-siamo\/team-noemie-sommer\/&#8221;][vc_column_text css=&#8221;&#8221;]<\/p>\n<p style=\"text-align: center;\"><strong>No\u00e9mie Sommer<\/strong><br \/>\nManager Brand, Content &amp; Digital Communication<\/p>\n<p>[\/vc_column_text][\/vc_column][vc_column width=&#8221;1\/3&#8243;][vc_single_image image=&#8221;19869&#8243; img_size=&#8221;full&#8221; style=&#8221;vc_box_circle&#8221; onclick=&#8221;custom_link&#8221; css=&#8221;&#8221; link=&#8221;https:\/\/www.recircle.ch\/ueber-uns\/team-miro-hostettler\/&#8221;][vc_column_text css=&#8221;&#8221;]<\/p>\n<p style=\"text-align: center;\"><strong>Miro Hostettler<\/strong><br \/>\nPersonale del progetto<\/p>\n<p>[\/vc_column_text][\/vc_column][vc_column width=&#8221;1\/3&#8243;][vc_single_image image=&#8221;21546&#8243; img_size=&#8221;full&#8221; style=&#8221;vc_box_circle_2&#8243; onclick=&#8221;custom_link&#8221; css=&#8221;&#8221; link=&#8221;https:\/\/www.recircle.ch\/it\/chi-siamo\/team-martina-stoller\/&#8221;][vc_column_text css=&#8221;&#8221;]<\/p>\n<p style=\"text-align: center;\"><strong>Martina Stoller<\/strong><br \/>\nOperations Manager &amp; International Project Assistant<\/p>\n<p>[\/vc_column_text][\/vc_column][\/vc_row][vc_row full_width=&#8221;stretch_row&#8221; gap=&#8221;30&#8243; bg_type=&#8221;bg_color&#8221; bg_color_value=&#8221;#FAFAFA&#8221; css=&#8221;.vc_custom_1755695807337{padding-top: 0px !important;padding-bottom: 0px !important;background-color: #f8e5e2 !important;}&#8221; el_id=&#8221;adrianaunternaehrer&#8221;][vc_column width=&#8221;1\/3&#8243;][vc_single_image image=&#8221;21412&#8243; img_size=&#8221;full&#8221; style=&#8221;vc_box_circle_2&#8243; onclick=&#8221;custom_link&#8221; css=&#8221;&#8221; link=&#8221;https:\/\/www.recircle.ch\/it\/chi-siamo\/team-sophie-boesch\/&#8221;][vc_column_text css=&#8221;&#8221;]<\/p>\n<p style=\"text-align: center;\"><strong>Sophie B\u00f6sch<\/strong><br \/>\nStagista Content Creation &amp; Customer Relations<\/p>\n<p>[\/vc_column_text][\/vc_column][vc_column width=&#8221;1\/3&#8243;][vc_single_image image=&#8221;20606&#8243; img_size=&#8221;full&#8221; style=&#8221;vc_box_circle_2&#8243; onclick=&#8221;custom_link&#8221; css=&#8221;&#8221; link=&#8221;https:\/\/www.recircle.ch\/it\/chi-siamo\/team-kasparas-pilkauskas\/&#8221;][vc_column_text css=&#8221;&#8221;]<\/p>\n<p style=\"text-align: center;\"><b>Kasparas Pilkauskas<\/b><\/p>\n<p style=\"text-align: center;\">Stagista Content Creation &amp; Customer Relations<\/p>\n<p>[\/vc_column_text][\/vc_column][vc_column width=&#8221;1\/3&#8243;][vc_single_image image=&#8221;13053&#8243; img_size=&#8221;full&#8221; style=&#8221;vc_box_circle&#8221; onclick=&#8221;custom_link&#8221; img_link_target=&#8221;_blank&#8221; css=&#8221;&#8221; link=&#8221;https:\/\/www.recircle.ch\/wp-content\/uploads\/2025\/09\/250916_Praktikum-Content-Creation-Customer-relations.pdf&#8221;][vc_column_text css=&#8221;&#8221;]<\/p>\n<p style=\"text-align: center;\"><strong>Tu?<\/strong><br \/>\nStage <span class=\"ui-provider a b c d e f g h i j k l m n o p q r s t u v w x y z ab ac ae af ag ah ai aj ak\" dir=\"ltr\">Content Creation &amp; Customer Relations<\/span><\/p>\n<p>[\/vc_column_text][\/vc_column][\/vc_row][vc_row full_width=&#8221;stretch_row&#8221; equal_height=&#8221;yes&#8221; content_placement=&#8221;middle&#8221; bg_type=&#8221;bg_color&#8221; bg_color_value=&#8221;#ffffff&#8221; css=&#8221;.vc_custom_1649877853583{padding-top: 60px !important;padding-bottom: 120px !important;background-color: #fafafa !important;}&#8221;][vc_column width=&#8221;1\/2&#8243;][vc_column_text]<\/p>\n<h2>ANCHE TU?<\/h2>\n<p>Anche tu vorresti lavorare per l&#8217;economia circolare e svolgere un lavoro significativo? Saremo lieti di ricevere la tua candidatura.[\/vc_column_text][vc_btn title=&#8221;CANDIDARSI&#8221; align=&#8221;left&#8221; css=&#8221;&#8221; link=&#8221;url:mailto%3A%20jobs%40recircle.ch|title:Candidarsi&#8221; el_class=&#8221;recircleButton&#8221;][\/vc_column][vc_column width=&#8221;1\/2&#8243;][vc_single_image image=&#8221;4539&#8243; img_size=&#8221;full&#8221; alignment=&#8221;center&#8221;][\/vc_column][\/vc_row][vc_row full_width=&#8221;stretch_row&#8221; equal_height=&#8221;yes&#8221; content_placement=&#8221;middle&#8221; bg_type=&#8221;bg_color&#8221; bg_color_value=&#8221;#fafafa&#8221; css=&#8221;.vc_custom_1660046524685{padding-top: 90px !important;padding-bottom: 120px !important;background-color: #f8e5e2 !important;}&#8221;][vc_column][vc_column_text el_class=&#8221;hyphens&#8221;]<\/p>\n<h1 style=\"text-align: center;\">CONSIGLIO DI AMMINISTRAZIONE<\/h1>\n<p>[\/vc_column_text][\/vc_column][\/vc_row][vc_row full_width=&#8221;stretch_row&#8221; gap=&#8221;30&#8243; bg_type=&#8221;bg_color&#8221; bg_color_value=&#8221;#fafafa&#8221; css=&#8221;.vc_custom_1660918099488{padding-top: 0px !important;padding-bottom: 0px !important;background-color: #f8e5e2 !important;}&#8221;][vc_column width=&#8221;1\/2&#8243;][vc_single_image image=&#8221;6742&#8243; img_size=&#8221;full&#8221; alignment=&#8221;center&#8221; style=&#8221;vc_box_circle_2&#8243; onclick=&#8221;custom_link&#8221; css=&#8221;&#8221; link=&#8221;https:%2F%2Fwww.recircle.ch%2Fueber-uns%2Fverwaltungsrat-philippe-baud%2F|&#8221;][vc_column_text]<\/p>\n<p style=\"text-align: center;\"><strong>Philippe Baud<\/strong><br \/>\nRisorse umane &amp; Finanza<\/p>\n<p>[\/vc_column_text][\/vc_column][vc_column width=&#8221;1\/2&#8243;][vc_single_image image=&#8221;9360&#8243; img_size=&#8221;full&#8221; alignment=&#8221;center&#8221; style=&#8221;vc_box_circle&#8221; onclick=&#8221;custom_link&#8221; css=&#8221;&#8221; link=&#8221;https:%2F%2Fwww.recircle.ch%2Fueber-uns%2Fverwaltungsrat-jeannette-morath%2F|&#8221;][vc_column_text]<\/p>\n<p style=\"text-align: center;\"><strong>Jeannette Morath<\/strong><br \/>\nGoverno d&#8217;impresa, Marketing &amp; Risorse Umane<\/p>\n<p>[\/vc_column_text][\/vc_column][\/vc_row][vc_row full_width=&#8221;stretch_row&#8221; gap=&#8221;30&#8243; bg_type=&#8221;bg_color&#8221; bg_color_value=&#8221;#fafafa&#8221; css=&#8221;.vc_custom_1660918102177{padding-top: 0px !important;padding-bottom: 0px !important;background-color: #f8e5e2 !important;}&#8221;][vc_column width=&#8221;1\/2&#8243;][vc_single_image image=&#8221;9416&#8243; img_size=&#8221;full&#8221; alignment=&#8221;center&#8221; style=&#8221;vc_box_circle_2&#8243; onclick=&#8221;custom_link&#8221; css=&#8221;&#8221; link=&#8221;https:%2F%2Fwww.recircle.ch%2Fueber-uns%2Fverwaltungsrat-silvia-hanhart%2F|&#8221;][vc_column_text]<\/p>\n<p style=\"text-align: center;\"><strong>Silvia Hanhart<\/strong><br \/>\nProspettiva del cliente &amp; ospitalit\u00e0<\/p>\n<p>[\/vc_column_text][\/vc_column][vc_column width=&#8221;1\/2&#8243;][vc_single_image image=&#8221;9400&#8243; img_size=&#8221;full&#8221; alignment=&#8221;center&#8221; style=&#8221;vc_box_circle_2&#8243; onclick=&#8221;custom_link&#8221; css=&#8221;&#8221; link=&#8221;https:%2F%2Fwww.recircle.ch%2Fueber-uns%2Fverwaltungsrat-christoph-hugi%2F|&#8221;][vc_column_text]<\/p>\n<p style=\"text-align: center;\"><strong>Christoph Hugi<\/strong><br \/>\nSostenibilit\u00e0 &amp; Economia circolare<\/p>\n<p>[\/vc_column_text][\/vc_column][\/vc_row][vc_row full_width=&#8221;stretch_row&#8221; gap=&#8221;30&#8243; bg_type=&#8221;bg_color&#8221; bg_color_value=&#8221;#fafafa&#8221; css=&#8221;.vc_custom_1661775976583{padding-top: 0px !important;padding-bottom: 120px !important;background-color: #f8e5e2 !important;}&#8221;][vc_column][\/vc_column][\/vc_row]<\/p>\n<\/div>","protected":false},"excerpt":{"rendered":"<p>[vc_row full_width=&#8221;stretch_row&#8221; gap=&#8221;30&#8243; bg_type=&#8221;bg_color&#8221; bg_color_value=&#8221;#fafafa&#8221; css=&#8221;.vc_custom_1661775976583{padding-top: 0px !important;padding-bottom: 120px !important;background-color: #f8e5e2 !important;}&#8221;][vc_column][\/vc_column][\/vc_row][vc_row full_width=&#8221;stretch_row&#8221; full_height=&#8221;yes&#8221; equal_height=&#8221;yes&#8221; bg_type=&#8221;bg_color&#8221; bg_color_value=&#8221;#fafafa&#8221; css=&#8221;.vc_custom_1650294748907{background-color: #fafafa !important;}&#8221;][vc_column width=&#8221;1\/2&#8243;][vc_column_text] reCIRCLE SIAMO NOI [\/vc_column_text][\/vc_column][vc_column width=&#8221;1\/2&#8243;][vc_column_text]Facciamo parte di reCIRCLE perch\u00e9 siamo uniti dal desiderio di vivere in una societ\u00e0 pi\u00f9 sostenibile e giusta. Tutti noi vogliamo agire e fare qualcosa di concreto per il nostro [&hellip;]<\/p>\n","protected":false},"author":4,"featured_media":0,"parent":0,"menu_order":0,"comment_status":"closed","ping_status":"closed","template":"","meta":{"_acf_changed":false,"content-type":"","footnotes":""},"class_list":["post-17770","page","type-page","status-publish","hentry"],"acf":[],"yoast_head":"<!-- This site is optimized with the Yoast SEO plugin v27.3 - https:\/\/yoast.com\/product\/yoast-seo-wordpress\/ -->\n<title>Chi siamo - reCIRCLE<\/title>\n<meta name=\"robots\" content=\"index, follow, max-snippet:-1, max-image-preview:large, max-video-preview:-1\" \/>\n<link rel=\"canonical\" href=\"https:\/\/www.recircle.ch\/it\/chi-siamo\/\" \/>\n<meta property=\"og:locale\" content=\"it_IT\" \/>\n<meta property=\"og:type\" content=\"article\" \/>\n<meta property=\"og:title\" content=\"Chi siamo - reCIRCLE\" \/>\n<meta property=\"og:description\" content=\"[vc_row full_width=&#8221;stretch_row&#8221; gap=&#8221;30&#8243; bg_type=&#8221;bg_color&#8221; bg_color_value=&#8221;#fafafa&#8221; css=&#8221;.vc_custom_1661775976583{padding-top: 0px !important;padding-bottom: 120px !important;background-color: #f8e5e2 !important;}&#8221;][vc_column][\/vc_column][\/vc_row][vc_row full_width=&#8221;stretch_row&#8221; full_height=&#8221;yes&#8221; equal_height=&#8221;yes&#8221; bg_type=&#8221;bg_color&#8221; bg_color_value=&#8221;#fafafa&#8221; css=&#8221;.vc_custom_1650294748907{background-color: #fafafa !important;}&#8221;][vc_column width=&#8221;1\/2&#8243;][vc_column_text] reCIRCLE SIAMO NOI [\/vc_column_text][\/vc_column][vc_column width=&#8221;1\/2&#8243;][vc_column_text]Facciamo parte di reCIRCLE perch\u00e9 siamo uniti dal desiderio di vivere in una societ\u00e0 pi\u00f9 sostenibile e giusta. Tutti noi vogliamo agire e fare qualcosa di concreto per il nostro [&hellip;]\" \/>\n<meta property=\"og:url\" content=\"https:\/\/www.recircle.ch\/it\/chi-siamo\/\" \/>\n<meta property=\"og:site_name\" content=\"reCIRCLE\" \/>\n<meta property=\"article:publisher\" content=\"https:\/\/www.facebook.com\/reCIRCLEnow\/\" \/>\n<meta property=\"article:modified_time\" content=\"2026-04-14T13:16:19+00:00\" \/>\n<meta property=\"og:image\" content=\"https:\/\/www.recircle.ch\/wp-content\/uploads\/2022\/11\/reCIRCLE_Tavolata-1-scaled.jpg\" \/>\n\t<meta property=\"og:image:width\" content=\"2350\" \/>\n\t<meta property=\"og:image:height\" content=\"1519\" \/>\n\t<meta property=\"og:image:type\" content=\"image\/jpeg\" \/>\n<meta name=\"twitter:card\" content=\"summary_large_image\" \/>\n<meta name=\"twitter:label1\" content=\"Tempo di lettura stimato\" \/>\n\t<meta name=\"twitter:data1\" content=\"4 minuti\" \/>\n<script type=\"application\/ld+json\" class=\"yoast-schema-graph\">{\"@context\":\"https:\\\/\\\/schema.org\",\"@graph\":[{\"@type\":\"WebPage\",\"@id\":\"https:\\\/\\\/www.recircle.ch\\\/it\\\/chi-siamo\\\/\",\"url\":\"https:\\\/\\\/www.recircle.ch\\\/it\\\/chi-siamo\\\/\",\"name\":\"Chi siamo - reCIRCLE\",\"isPartOf\":{\"@id\":\"https:\\\/\\\/www.recircle.ch\\\/#website\"},\"datePublished\":\"2024-07-16T06:31:48+00:00\",\"dateModified\":\"2026-04-14T13:16:19+00:00\",\"breadcrumb\":{\"@id\":\"https:\\\/\\\/www.recircle.ch\\\/it\\\/chi-siamo\\\/#breadcrumb\"},\"inLanguage\":\"it-IT\",\"potentialAction\":[{\"@type\":\"ReadAction\",\"target\":[\"https:\\\/\\\/www.recircle.ch\\\/it\\\/chi-siamo\\\/\"]}]},{\"@type\":\"BreadcrumbList\",\"@id\":\"https:\\\/\\\/www.recircle.ch\\\/it\\\/chi-siamo\\\/#breadcrumb\",\"itemListElement\":[{\"@type\":\"ListItem\",\"position\":1,\"name\":\"Home\",\"item\":\"https:\\\/\\\/www.recircle.ch\\\/it\\\/\"},{\"@type\":\"ListItem\",\"position\":2,\"name\":\"Chi siamo\"}]},{\"@type\":\"WebSite\",\"@id\":\"https:\\\/\\\/www.recircle.ch\\\/#website\",\"url\":\"https:\\\/\\\/www.recircle.ch\\\/\",\"name\":\"reCIRCLE\",\"description\":\"We love to reUSE!\",\"publisher\":{\"@id\":\"https:\\\/\\\/www.recircle.ch\\\/#organization\"},\"potentialAction\":[{\"@type\":\"SearchAction\",\"target\":{\"@type\":\"EntryPoint\",\"urlTemplate\":\"https:\\\/\\\/www.recircle.ch\\\/?s={search_term_string}\"},\"query-input\":{\"@type\":\"PropertyValueSpecification\",\"valueRequired\":true,\"valueName\":\"search_term_string\"}}],\"inLanguage\":\"it-IT\"},{\"@type\":\"Organization\",\"@id\":\"https:\\\/\\\/www.recircle.ch\\\/#organization\",\"name\":\"reCIRCLE\",\"url\":\"https:\\\/\\\/www.recircle.ch\\\/\",\"logo\":{\"@type\":\"ImageObject\",\"inLanguage\":\"it-IT\",\"@id\":\"https:\\\/\\\/www.recircle.ch\\\/#\\\/schema\\\/logo\\\/image\\\/\",\"url\":\"https:\\\/\\\/www.recircle.ch\\\/wp-content\\\/uploads\\\/2024\\\/01\\\/RC_Logo_aubergine_20grad_RGB.jpg\",\"contentUrl\":\"https:\\\/\\\/www.recircle.ch\\\/wp-content\\\/uploads\\\/2024\\\/01\\\/RC_Logo_aubergine_20grad_RGB.jpg\",\"width\":2362,\"height\":2362,\"caption\":\"reCIRCLE\"},\"image\":{\"@id\":\"https:\\\/\\\/www.recircle.ch\\\/#\\\/schema\\\/logo\\\/image\\\/\"},\"sameAs\":[\"https:\\\/\\\/www.facebook.com\\\/reCIRCLEnow\\\/\",\"https:\\\/\\\/www.instagram.com\\\/recirclenow\\\/\"]}]}<\/script>\n<!-- \/ Yoast SEO plugin. -->","yoast_head_json":{"title":"Chi siamo - reCIRCLE","robots":{"index":"index","follow":"follow","max-snippet":"max-snippet:-1","max-image-preview":"max-image-preview:large","max-video-preview":"max-video-preview:-1"},"canonical":"https:\/\/www.recircle.ch\/it\/chi-siamo\/","og_locale":"it_IT","og_type":"article","og_title":"Chi siamo - reCIRCLE","og_description":"[vc_row full_width=&#8221;stretch_row&#8221; gap=&#8221;30&#8243; bg_type=&#8221;bg_color&#8221; bg_color_value=&#8221;#fafafa&#8221; css=&#8221;.vc_custom_1661775976583{padding-top: 0px !important;padding-bottom: 120px !important;background-color: #f8e5e2 !important;}&#8221;][vc_column][\/vc_column][\/vc_row][vc_row full_width=&#8221;stretch_row&#8221; full_height=&#8221;yes&#8221; equal_height=&#8221;yes&#8221; bg_type=&#8221;bg_color&#8221; bg_color_value=&#8221;#fafafa&#8221; css=&#8221;.vc_custom_1650294748907{background-color: #fafafa !important;}&#8221;][vc_column width=&#8221;1\/2&#8243;][vc_column_text] reCIRCLE SIAMO NOI [\/vc_column_text][\/vc_column][vc_column width=&#8221;1\/2&#8243;][vc_column_text]Facciamo parte di reCIRCLE perch\u00e9 siamo uniti dal desiderio di vivere in una societ\u00e0 pi\u00f9 sostenibile e giusta. Tutti noi vogliamo agire e fare qualcosa di concreto per il nostro [&hellip;]","og_url":"https:\/\/www.recircle.ch\/it\/chi-siamo\/","og_site_name":"reCIRCLE","article_publisher":"https:\/\/www.facebook.com\/reCIRCLEnow\/","article_modified_time":"2026-04-14T13:16:19+00:00","og_image":[{"width":2350,"height":1519,"url":"https:\/\/www.recircle.ch\/wp-content\/uploads\/2022\/11\/reCIRCLE_Tavolata-1-scaled.jpg","type":"image\/jpeg"}],"twitter_card":"summary_large_image","twitter_misc":{"Tempo di lettura stimato":"4 minuti"},"schema":{"@context":"https:\/\/schema.org","@graph":[{"@type":"WebPage","@id":"https:\/\/www.recircle.ch\/it\/chi-siamo\/","url":"https:\/\/www.recircle.ch\/it\/chi-siamo\/","name":"Chi siamo - reCIRCLE","isPartOf":{"@id":"https:\/\/www.recircle.ch\/#website"},"datePublished":"2024-07-16T06:31:48+00:00","dateModified":"2026-04-14T13:16:19+00:00","breadcrumb":{"@id":"https:\/\/www.recircle.ch\/it\/chi-siamo\/#breadcrumb"},"inLanguage":"it-IT","potentialAction":[{"@type":"ReadAction","target":["https:\/\/www.recircle.ch\/it\/chi-siamo\/"]}]},{"@type":"BreadcrumbList","@id":"https:\/\/www.recircle.ch\/it\/chi-siamo\/#breadcrumb","itemListElement":[{"@type":"ListItem","position":1,"name":"Home","item":"https:\/\/www.recircle.ch\/it\/"},{"@type":"ListItem","position":2,"name":"Chi siamo"}]},{"@type":"WebSite","@id":"https:\/\/www.recircle.ch\/#website","url":"https:\/\/www.recircle.ch\/","name":"reCIRCLE","description":"We love to reUSE!","publisher":{"@id":"https:\/\/www.recircle.ch\/#organization"},"potentialAction":[{"@type":"SearchAction","target":{"@type":"EntryPoint","urlTemplate":"https:\/\/www.recircle.ch\/?s={search_term_string}"},"query-input":{"@type":"PropertyValueSpecification","valueRequired":true,"valueName":"search_term_string"}}],"inLanguage":"it-IT"},{"@type":"Organization","@id":"https:\/\/www.recircle.ch\/#organization","name":"reCIRCLE","url":"https:\/\/www.recircle.ch\/","logo":{"@type":"ImageObject","inLanguage":"it-IT","@id":"https:\/\/www.recircle.ch\/#\/schema\/logo\/image\/","url":"https:\/\/www.recircle.ch\/wp-content\/uploads\/2024\/01\/RC_Logo_aubergine_20grad_RGB.jpg","contentUrl":"https:\/\/www.recircle.ch\/wp-content\/uploads\/2024\/01\/RC_Logo_aubergine_20grad_RGB.jpg","width":2362,"height":2362,"caption":"reCIRCLE"},"image":{"@id":"https:\/\/www.recircle.ch\/#\/schema\/logo\/image\/"},"sameAs":["https:\/\/www.facebook.com\/reCIRCLEnow\/","https:\/\/www.instagram.com\/recirclenow\/"]}]}},"_links":{"self":[{"href":"https:\/\/www.recircle.ch\/it\/wp-json\/wp\/v2\/pages\/17770","targetHints":{"allow":["GET"]}}],"collection":[{"href":"https:\/\/www.recircle.ch\/it\/wp-json\/wp\/v2\/pages"}],"about":[{"href":"https:\/\/www.recircle.ch\/it\/wp-json\/wp\/v2\/types\/page"}],"author":[{"embeddable":true,"href":"https:\/\/www.recircle.ch\/it\/wp-json\/wp\/v2\/users\/4"}],"replies":[{"embeddable":true,"href":"https:\/\/www.recircle.ch\/it\/wp-json\/wp\/v2\/comments?post=17770"}],"version-history":[{"count":11,"href":"https:\/\/www.recircle.ch\/it\/wp-json\/wp\/v2\/pages\/17770\/revisions"}],"predecessor-version":[{"id":21551,"href":"https:\/\/www.recircle.ch\/it\/wp-json\/wp\/v2\/pages\/17770\/revisions\/21551"}],"wp:attachment":[{"href":"https:\/\/www.recircle.ch\/it\/wp-json\/wp\/v2\/media?parent=17770"}],"curies":[{"name":"wp","href":"https:\/\/api.w.org\/{rel}","templated":true}]}}