{"id":11858,"date":"2022-08-23T17:32:19","date_gmt":"2022-08-23T17:32:19","guid":{"rendered":"https:\/\/www.recircle.ch\/ci-sto\/"},"modified":"2026-03-13T12:22:17","modified_gmt":"2026-03-13T12:22:17","slug":"ci-sto","status":"publish","type":"page","link":"https:\/\/www.recircle.ch\/it\/ci-sto\/","title":{"rendered":"Ci sto!"},"content":{"rendered":"<div class=\"wpb-content-wrapper\"><p>[vc_row full_width=&#8221;stretch_row&#8221; equal_height=&#8221;yes&#8221; content_placement=&#8221;middle&#8221; bg_type=&#8221;bg_color&#8221; bg_color_value=&#8221;#fafafa&#8221; css=&#8221;.vc_custom_1651242783995{padding-top: 90px !important;padding-bottom: 120px !important;background-color: #ffffff !important;}&#8221;][vc_column][vc_empty_space height=&#8221;45px&#8221;][vc_column_text css=&#8221;&#8221;]<\/p>\n<h1 style=\"text-align: center;\">SCEGLIETE LA VOSTRA OFFERTA<\/h1>\n<p>[\/vc_column_text][vc_single_image image=&#8221;20348&#8243; img_size=&#8221;full&#8221; alignment=&#8221;center&#8221; style=&#8221;vc_box_circle_2&#8243; css=&#8221;&#8221;][vc_column_text css=&#8221;&#8221; el_class=&#8221;content800&#8243;]<\/p>\n<p style=\"text-align: center;\">Vuoi offrire alla tua clientela un assortimento di imballaggi riutilizzabili e di qualit\u00e0? Non temporeggiare, comincia subito! In Svizzera sono gi\u00e0 ben 1800 le strutture (tra cui take away, panetterie ecc.) che hanno scelto reCIRCLE. E allora che cosa aspetti? Entra a far parte del gruppo anche tu! Ti proponiamo le seguenti opzioni.<\/p>\n<p>[\/vc_column_text][\/vc_column][\/vc_row][vc_row full_width=&#8221;stretch_row&#8221; equal_height=&#8221;yes&#8221; bg_type=&#8221;bg_color&#8221; bg_color_value=&#8221;#fafafa&#8221; css=&#8221;.vc_custom_1702891879462{margin-bottom: 0px !important;padding-top: 80px !important;padding-bottom: 0px !important;background-color: #fafafa !important;}&#8221;][vc_column width=&#8221;1\/2&#8243;][vc_single_image image=&#8221;17974&#8243; img_size=&#8221;300&#215;300&#8243; alignment=&#8221;center&#8221; style=&#8221;vc_box_circle&#8221; css=&#8221;&#8221;][vc_column_text css=&#8221;&#8221;]<\/p>\n<p style=\"text-align: center;\"><strong>Set modello<\/strong><\/p>\n<p style=\"text-align: center;\">Vi invieremo i nostri prodotti. Riempiteli con il vostro cibo e le vostre bevande e verificate voi stessi la qualit\u00e0.<\/p>\n<p>[\/vc_column_text][vc_btn title=&#8221;Ordina il set modello&#8221; align=&#8221;center&#8221; css=&#8221;&#8221; button_block=&#8221;true&#8221; link=&#8221;url:https%3A%2F%2Fwww.recircle.ch%2Fit%2Fcontatto%2F|title:reCIRCLE%20%E2%80%93%20Ordina%20il%20set%20modello&#8221; el_class=&#8221;buttonlarge_violet&#8221;][vc_empty_space height=&#8221;45px&#8221;][vc_column_text css=&#8221;&#8221; el_class=&#8221;boxTeaserFixedHeight&#8221;]<\/p>\n<ul style=\"width: 100%; max-width: 500px; margin: 0 auto !important;\">\n<li>Ampio assortimento<\/li>\n<li>Prova gratuita \u2013 se i prodotti ci vengono ritornati entro un periodo massimo di tre mesi.<\/li>\n<\/ul>\n<p>[\/vc_column_text][\/vc_column][vc_column width=&#8221;1\/2&#8243;][vc_single_image image=&#8221;18350&#8243; img_size=&#8221;300&#215;300&#8243; alignment=&#8221;center&#8221; style=&#8221;vc_box_circle&#8221; css=&#8221;&#8221;][vc_column_text css=&#8221;&#8221;]<\/p>\n<div class=\"wpb_text_column wpb_content_element\">\n<div class=\"wpb_wrapper\">\n<p style=\"text-align: center;\"><strong>Welcome Pack<\/strong><\/p>\n<p style=\"text-align: center;\">Il Welcome Pack rende il passaggio al riutilizzo molto semplice! Compresa una garanzia di rimborso di 3 mesi!<\/p>\n<\/div>\n<\/div>\n<p>[\/vc_column_text][vc_btn title=&#8221;Ordina ora il welcome pack&#8221; align=&#8221;left&#8221; css=&#8221;&#8221; button_block=&#8221;true&#8221; link=&#8221;url:https%3A%2F%2Fwww.recircle.ch%2Fit%2Fwelcome-pack%2F%23%3A~%3Atext%3DAssolutamente%2520s%25C3%25AC%252C%2520vorrei%2520ordinare%2520un%2520welcome%2520pack!|title:reCIRCLE%20%E2%80%93%20Welcome%20Pack&#8221; el_class=&#8221;buttonlarge_violet&#8221;][vc_empty_space height=&#8221;45px&#8221;][vc_column_text css=&#8221;&#8221;]<\/p>\n<ul style=\"width: 100%; max-width: 500px; margin: 0 auto !important;\">\n<li>20 reCIRCLEs a scelta<\/li>\n<li>Consegna gratuita<\/li>\n<li>Materiale informativo per i collaboratori<\/li>\n<li>Materiale di comunicazione<\/li>\n<li>Localizzazione della tua struttura sulla mappa reCIRCLE<\/li>\n<\/ul>\n<p>[\/vc_column_text][\/vc_column][\/vc_row][vc_row][vc_column][vc_btn title=&#8221;Consultare i Pacchetti di Servizi&#8221; align=&#8221;center&#8221; css=&#8221;&#8221; button_block=&#8221;true&#8221; link=&#8221;url:https%3A%2F%2Fwww.recircle.ch%2Fwp-content%2Fuploads%2F2026%2F03%2F2026_ServicePaketUebersicht_Gastropartner_IT.pdf|target:_blank&#8221; el_class=&#8221;buttonlarge_violet&#8221;][vc_empty_space][\/vc_column][\/vc_row][vc_row full_width=&#8221;stretch_row&#8221; equal_height=&#8221;yes&#8221; disable_element=&#8221;yes&#8221; bg_type=&#8221;bg_color&#8221; bg_color_value=&#8221;#fafafa&#8221; css=&#8221;.vc_custom_1752568338816{margin-bottom: 0px !important;padding-top: 80px !important;padding-bottom: 0px !important;background-color: #fafafa !important;}&#8221;][vc_column width=&#8221;1\/3&#8243;][vc_single_image image=&#8221;19502&#8243; img_size=&#8221;300&#215;300&#8243; alignment=&#8221;center&#8221; style=&#8221;vc_box_circle&#8221; css=&#8221;&#8221;][vc_column_text css=&#8221;&#8221; el_id=&#8221;mitmachenHead1&#8243;]<\/p>\n<p style=\"text-align: center;\"><strong>Pacchetto di Servizi<br \/>\nBasic<\/strong><\/p>\n<p style=\"text-align: center;\">\u00a0Il pacchetto di servizi Basic \u00e8 un&#8217;opzione economica per iniziare con reCIRCLE. Ideale per singole sedi che necessitano di funzioni di base.<\/p>\n<p>[\/vc_column_text][vc_empty_space height=&#8221;45px&#8221;][vc_btn title=&#8221;Acquista il pacchetto di servizi Basic&#8221; align=&#8221;center&#8221; css=&#8221;&#8221; button_block=&#8221;true&#8221; link=&#8221;url:https%3A%2F%2Fwww.recircle.ch%2Fit%2Frecircle-decidi-e-via%2F&#8221; el_class=&#8221;recircleButton&#8221; el_id=&#8221;mitmachenCTA1&#8243;][vc_column_text css=&#8221;&#8221; el_class=&#8221;boxTeaserFixedHeight&#8221; el_id=&#8221;mitmachenCTA1UL&#8221;]<strong>Parteneriato<\/strong><\/p>\n<ul>\n<li>Materiale die comunicazione<\/li>\n<li>Presenza nell&#8217;<a href=\"https:\/\/www.recircle-services.ch\/app\">app<\/a> &amp; <a href=\"https:\/\/www.recircle.ch\/it\/partner-finden\/\">reCIRCLE.ch<\/a><\/li>\n<\/ul>\n<p><strong>Paccheto di servizi<\/strong><\/p>\n<ul>\n<li>Acquisito e riacquisito reCIRCLEs<\/li>\n<\/ul>\n<p>Prezzo annuale, fatturazione annuale[\/vc_column_text][\/vc_column][vc_column width=&#8221;1\/3&#8243;][vc_single_image image=&#8221;19498&#8243; img_size=&#8221;300&#215;300&#8243; alignment=&#8221;center&#8221; style=&#8221;vc_box_circle&#8221; css=&#8221;&#8221;][vc_column_text css=&#8221;&#8221; el_id=&#8221;mitmachenHead2&#8243;]<\/p>\n<p style=\"text-align: center;\"><strong>Pacchetto di Servizi<br \/>\nFlatrate XXS<\/strong><\/p>\n<p style=\"text-align: center;\">\u00a0Il pacchetto di servizi Flatrate XXS \u00e8 adatto a piccole imprese che desiderano maggiore flessibilit\u00e0 e servizi aggiuntivi.<\/p>\n<p>[\/vc_column_text][vc_empty_space height=&#8221;45px&#8221;][vc_btn title=&#8221;Acquista il pacchetto di servizi Flatrate XXS&#8221; align=&#8221;left&#8221; css=&#8221;&#8221; button_block=&#8221;true&#8221; link=&#8221;url:https%3A%2F%2Fwww.recircle.ch%2Fit%2Frecircle-decidi-e-via%2F&#8221; el_class=&#8221;recircleButton&#8221; el_id=&#8221;mitmachenCTA2&#8243;][vc_column_text css=&#8221;&#8221; el_class=&#8221;boxTeaserFixedHeight&#8221; el_id=&#8221;mitmachenCTA2UL&#8221;]<strong>Parteneriato<\/strong><\/p>\n<ul>\n<li>Materiale die comunicazione<\/li>\n<li>Presenza nell&#8217;<a href=\"https:\/\/www.recircle-services.ch\/app\">app<\/a> &amp; <a href=\"https:\/\/www.recircle.ch\/it\/partner-finden\/\">reCIRCLE.ch<\/a><\/li>\n<\/ul>\n<p><strong>Paccheto di servizi<\/strong><\/p>\n<ul>\n<li>Acquisito e riacquisito reCIRCLEs<\/li>\n<li>Sostituzione di 20 reCIRCLEs usati<\/li>\n<li>Spedizione gratuita<\/li>\n<li>Posate incluse<\/li>\n<li>Altre filiali<\/li>\n<\/ul>\n<p>Prezzo annuale, fatturazione annuale[\/vc_column_text][\/vc_column][vc_column width=&#8221;1\/3&#8243;][vc_single_image image=&#8221;19506&#8243; img_size=&#8221;300&#215;300&#8243; alignment=&#8221;center&#8221; style=&#8221;vc_box_circle&#8221; css=&#8221;&#8221;][vc_column_text css=&#8221;&#8221; el_id=&#8221;mitmachenHead3&#8243;]<\/p>\n<p style=\"text-align: center;\"><strong>Pacchetto di Servizi<br \/>\nFlatrate M<\/strong><\/p>\n<p style=\"text-align: center;\">Il pacchetto di servizi Flatrate M \u00e8 perfetto per aziende pi\u00f9 grandi o piccole catene che necessitano di una gamma pi\u00f9 ampia di servizi e di un numero maggiore di prodotti sostituibili.<\/p>\n<p>[\/vc_column_text][vc_empty_space height=&#8221;45px&#8221;][vc_btn title=&#8221;Acquista il pacchetto di servizi Flatrate M&#8221; align=&#8221;left&#8221; css=&#8221;&#8221; button_block=&#8221;true&#8221; link=&#8221;url:https%3A%2F%2Fwww.recircle.ch%2Fit%2Frecircle-decidi-e-via%2F&#8221; el_class=&#8221;recircleButton&#8221; el_id=&#8221;mitmachenCTA3&#8243;][vc_column_text css=&#8221;&#8221; el_class=&#8221;boxTeaserFixedHeight&#8221; el_id=&#8221;mitmachenCTA3UL&#8221;]<strong>Parteneriato<\/strong><\/p>\n<ul>\n<li>Materiale die comunicazione<\/li>\n<li>Presenza nell&#8217;<a href=\"https:\/\/www.recircle-services.ch\/app\">app<\/a> &amp; <a href=\"https:\/\/www.recircle.ch\/it\/partner-finden\/\">reCIRCLE.ch<\/a><\/li>\n<\/ul>\n<p><strong>Paccheto di servizi<\/strong><\/p>\n<ul>\n<li>Acquisito e riacquisito reCIRCLEs<\/li>\n<li>Sostituzione di 150 reCIRCLEs usati<\/li>\n<li>Spedizione gratuita<\/li>\n<li>Posate incluse<\/li>\n<li>Altre filiali<\/li>\n<\/ul>\n<p>Prezzo annuale, fatturazione annuale[\/vc_column_text][\/vc_column][\/vc_row][vc_row full_width=&#8221;stretch_row&#8221; content_placement=&#8221;middle&#8221; bg_type=&#8221;bg_color&#8221; bg_color_value=&#8221;#F8E4F6&#8243; css=&#8221;.vc_custom_1752565240347{padding-top: 20px !important;padding-bottom: 20px !important;background-color: #F8E4F6 !important;}&#8221;][vc_column][vc_column_text css=&#8221;&#8221; el_class=&#8221;blockh5&#8243;]<\/p>\n<h5 style=\"text-align: center;\">Avete domande o altri dubbi?<br \/>\nPrenotate subito il vostro appuntamento di consulenza gratuito!<\/h5>\n<p>[\/vc_column_text][vc_raw_html css=&#8221;&#8221;]JTNDJTIxLS0lMjBDYWxlbmRseSUyMGlubGluZSUyMHdpZGdldCUyMGJlZ2luJTIwLS0lM0UlMEQlMEElM0NkaXYlMjBjbGFzcyUzRCUyMmNhbGVuZGx5LWlubGluZS13aWRnZXQlMjIlMjBkYXRhLXVybCUzRCUyMmh0dHBzJTNBJTJGJTJGY2FsZW5kbHkuY29tJTJGcmVjaXJjbGVfcHJvbW90aW9uJTJGcXVpY2stY2hhdC13aXRoLXJlY2lyY2xlJTIyJTIwc3R5bGUlM0QlMjJtaW4td2lkdGglM0EzMjBweCUzQmhlaWdodCUzQTcwMHB4JTNCJTIyJTNFJTNDJTJGZGl2JTNFJTBEJTBBJTNDc2NyaXB0JTIwdHlwZSUzRCUyMnRleHQlMkZqYXZhc2NyaXB0JTIyJTIwc3JjJTNEJTIyaHR0cHMlM0ElMkYlMkZhc3NldHMuY2FsZW5kbHkuY29tJTJGYXNzZXRzJTJGZXh0ZXJuYWwlMkZ3aWRnZXQuanMlMjIlMjBhc3luYyUzRSUzQyUyRnNjcmlwdCUzRSUwRCUwQSUzQyUyMS0tJTIwQ2FsZW5kbHklMjBpbmxpbmUlMjB3aWRnZXQlMjBlbmQlMjAtLSUzRQ==[\/vc_raw_html][vc_empty_space height=&#8221;45px&#8221;][\/vc_column][\/vc_row]<\/p>\n<\/div>","protected":false},"excerpt":{"rendered":"<p>[vc_row full_width=&#8221;stretch_row&#8221; equal_height=&#8221;yes&#8221; content_placement=&#8221;middle&#8221; bg_type=&#8221;bg_color&#8221; bg_color_value=&#8221;#fafafa&#8221; css=&#8221;.vc_custom_1651242783995{padding-top: 90px !important;padding-bottom: 120px !important;background-color: #ffffff !important;}&#8221;][vc_column][vc_empty_space height=&#8221;45px&#8221;][vc_column_text css=&#8221;&#8221;] SCEGLIETE LA VOSTRA OFFERTA [\/vc_column_text][vc_single_image image=&#8221;20348&#8243; img_size=&#8221;full&#8221; alignment=&#8221;center&#8221; style=&#8221;vc_box_circle_2&#8243; css=&#8221;&#8221;][vc_column_text css=&#8221;&#8221; el_class=&#8221;content800&#8243;] Vuoi offrire alla tua clientela un assortimento di imballaggi riutilizzabili e di qualit\u00e0? Non temporeggiare, comincia subito! In Svizzera sono gi\u00e0 ben 1800 le strutture (tra cui take [&hellip;]<\/p>\n","protected":false},"author":7,"featured_media":0,"parent":0,"menu_order":0,"comment_status":"closed","ping_status":"closed","template":"","meta":{"_acf_changed":false,"content-type":"","footnotes":""},"class_list":["post-11858","page","type-page","status-publish","hentry"],"acf":[],"yoast_head":"<!-- This site is optimized with the Yoast SEO plugin v27.3 - https:\/\/yoast.com\/product\/yoast-seo-wordpress\/ -->\n<title>Ci sto! - reCIRCLE<\/title>\n<meta name=\"robots\" content=\"index, follow, max-snippet:-1, max-image-preview:large, max-video-preview:-1\" \/>\n<link rel=\"canonical\" href=\"https:\/\/www.recircle.ch\/it\/ci-sto\/\" \/>\n<meta property=\"og:locale\" content=\"it_IT\" \/>\n<meta property=\"og:type\" content=\"article\" \/>\n<meta property=\"og:title\" content=\"Ci sto! - reCIRCLE\" \/>\n<meta property=\"og:description\" content=\"[vc_row full_width=&#8221;stretch_row&#8221; equal_height=&#8221;yes&#8221; content_placement=&#8221;middle&#8221; bg_type=&#8221;bg_color&#8221; bg_color_value=&#8221;#fafafa&#8221; css=&#8221;.vc_custom_1651242783995{padding-top: 90px !important;padding-bottom: 120px !important;background-color: #ffffff !important;}&#8221;][vc_column][vc_empty_space height=&#8221;45px&#8221;][vc_column_text css=&#8221;&#8221;] SCEGLIETE LA VOSTRA OFFERTA [\/vc_column_text][vc_single_image image=&#8221;20348&#8243; img_size=&#8221;full&#8221; alignment=&#8221;center&#8221; style=&#8221;vc_box_circle_2&#8243; css=&#8221;&#8221;][vc_column_text css=&#8221;&#8221; el_class=&#8221;content800&#8243;] Vuoi offrire alla tua clientela un assortimento di imballaggi riutilizzabili e di qualit\u00e0? Non temporeggiare, comincia subito! In Svizzera sono gi\u00e0 ben 1800 le strutture (tra cui take [&hellip;]\" \/>\n<meta property=\"og:url\" content=\"https:\/\/www.recircle.ch\/it\/ci-sto\/\" \/>\n<meta property=\"og:site_name\" content=\"reCIRCLE\" \/>\n<meta property=\"article:publisher\" content=\"https:\/\/www.facebook.com\/reCIRCLEnow\/\" \/>\n<meta property=\"article:modified_time\" content=\"2026-03-13T12:22:17+00:00\" \/>\n<meta property=\"og:image\" content=\"https:\/\/www.recircle.ch\/wp-content\/uploads\/2022\/11\/reCIRCLE_Tavolata-1-scaled.jpg\" \/>\n\t<meta property=\"og:image:width\" content=\"2350\" \/>\n\t<meta property=\"og:image:height\" content=\"1519\" \/>\n\t<meta property=\"og:image:type\" content=\"image\/jpeg\" \/>\n<meta name=\"twitter:card\" content=\"summary_large_image\" \/>\n<meta name=\"twitter:label1\" content=\"Tempo di lettura stimato\" \/>\n\t<meta name=\"twitter:data1\" content=\"4 minuti\" \/>\n<script type=\"application\/ld+json\" class=\"yoast-schema-graph\">{\"@context\":\"https:\\\/\\\/schema.org\",\"@graph\":[{\"@type\":\"WebPage\",\"@id\":\"https:\\\/\\\/www.recircle.ch\\\/it\\\/ci-sto\\\/\",\"url\":\"https:\\\/\\\/www.recircle.ch\\\/it\\\/ci-sto\\\/\",\"name\":\"Ci sto! - reCIRCLE\",\"isPartOf\":{\"@id\":\"https:\\\/\\\/www.recircle.ch\\\/#website\"},\"datePublished\":\"2022-08-23T17:32:19+00:00\",\"dateModified\":\"2026-03-13T12:22:17+00:00\",\"breadcrumb\":{\"@id\":\"https:\\\/\\\/www.recircle.ch\\\/it\\\/ci-sto\\\/#breadcrumb\"},\"inLanguage\":\"it-IT\",\"potentialAction\":[{\"@type\":\"ReadAction\",\"target\":[\"https:\\\/\\\/www.recircle.ch\\\/it\\\/ci-sto\\\/\"]}]},{\"@type\":\"BreadcrumbList\",\"@id\":\"https:\\\/\\\/www.recircle.ch\\\/it\\\/ci-sto\\\/#breadcrumb\",\"itemListElement\":[{\"@type\":\"ListItem\",\"position\":1,\"name\":\"Home\",\"item\":\"https:\\\/\\\/www.recircle.ch\\\/it\\\/\"},{\"@type\":\"ListItem\",\"position\":2,\"name\":\"Ci sto!\"}]},{\"@type\":\"WebSite\",\"@id\":\"https:\\\/\\\/www.recircle.ch\\\/#website\",\"url\":\"https:\\\/\\\/www.recircle.ch\\\/\",\"name\":\"reCIRCLE\",\"description\":\"We love to reUSE!\",\"publisher\":{\"@id\":\"https:\\\/\\\/www.recircle.ch\\\/#organization\"},\"potentialAction\":[{\"@type\":\"SearchAction\",\"target\":{\"@type\":\"EntryPoint\",\"urlTemplate\":\"https:\\\/\\\/www.recircle.ch\\\/?s={search_term_string}\"},\"query-input\":{\"@type\":\"PropertyValueSpecification\",\"valueRequired\":true,\"valueName\":\"search_term_string\"}}],\"inLanguage\":\"it-IT\"},{\"@type\":\"Organization\",\"@id\":\"https:\\\/\\\/www.recircle.ch\\\/#organization\",\"name\":\"reCIRCLE\",\"url\":\"https:\\\/\\\/www.recircle.ch\\\/\",\"logo\":{\"@type\":\"ImageObject\",\"inLanguage\":\"it-IT\",\"@id\":\"https:\\\/\\\/www.recircle.ch\\\/#\\\/schema\\\/logo\\\/image\\\/\",\"url\":\"https:\\\/\\\/www.recircle.ch\\\/wp-content\\\/uploads\\\/2024\\\/01\\\/RC_Logo_aubergine_20grad_RGB.jpg\",\"contentUrl\":\"https:\\\/\\\/www.recircle.ch\\\/wp-content\\\/uploads\\\/2024\\\/01\\\/RC_Logo_aubergine_20grad_RGB.jpg\",\"width\":2362,\"height\":2362,\"caption\":\"reCIRCLE\"},\"image\":{\"@id\":\"https:\\\/\\\/www.recircle.ch\\\/#\\\/schema\\\/logo\\\/image\\\/\"},\"sameAs\":[\"https:\\\/\\\/www.facebook.com\\\/reCIRCLEnow\\\/\",\"https:\\\/\\\/www.instagram.com\\\/recirclenow\\\/\"]}]}<\/script>\n<!-- \/ Yoast SEO plugin. -->","yoast_head_json":{"title":"Ci sto! - reCIRCLE","robots":{"index":"index","follow":"follow","max-snippet":"max-snippet:-1","max-image-preview":"max-image-preview:large","max-video-preview":"max-video-preview:-1"},"canonical":"https:\/\/www.recircle.ch\/it\/ci-sto\/","og_locale":"it_IT","og_type":"article","og_title":"Ci sto! - reCIRCLE","og_description":"[vc_row full_width=&#8221;stretch_row&#8221; equal_height=&#8221;yes&#8221; content_placement=&#8221;middle&#8221; bg_type=&#8221;bg_color&#8221; bg_color_value=&#8221;#fafafa&#8221; css=&#8221;.vc_custom_1651242783995{padding-top: 90px !important;padding-bottom: 120px !important;background-color: #ffffff !important;}&#8221;][vc_column][vc_empty_space height=&#8221;45px&#8221;][vc_column_text css=&#8221;&#8221;] SCEGLIETE LA VOSTRA OFFERTA [\/vc_column_text][vc_single_image image=&#8221;20348&#8243; img_size=&#8221;full&#8221; alignment=&#8221;center&#8221; style=&#8221;vc_box_circle_2&#8243; css=&#8221;&#8221;][vc_column_text css=&#8221;&#8221; el_class=&#8221;content800&#8243;] Vuoi offrire alla tua clientela un assortimento di imballaggi riutilizzabili e di qualit\u00e0? Non temporeggiare, comincia subito! In Svizzera sono gi\u00e0 ben 1800 le strutture (tra cui take [&hellip;]","og_url":"https:\/\/www.recircle.ch\/it\/ci-sto\/","og_site_name":"reCIRCLE","article_publisher":"https:\/\/www.facebook.com\/reCIRCLEnow\/","article_modified_time":"2026-03-13T12:22:17+00:00","og_image":[{"width":2350,"height":1519,"url":"https:\/\/www.recircle.ch\/wp-content\/uploads\/2022\/11\/reCIRCLE_Tavolata-1-scaled.jpg","type":"image\/jpeg"}],"twitter_card":"summary_large_image","twitter_misc":{"Tempo di lettura stimato":"4 minuti"},"schema":{"@context":"https:\/\/schema.org","@graph":[{"@type":"WebPage","@id":"https:\/\/www.recircle.ch\/it\/ci-sto\/","url":"https:\/\/www.recircle.ch\/it\/ci-sto\/","name":"Ci sto! - reCIRCLE","isPartOf":{"@id":"https:\/\/www.recircle.ch\/#website"},"datePublished":"2022-08-23T17:32:19+00:00","dateModified":"2026-03-13T12:22:17+00:00","breadcrumb":{"@id":"https:\/\/www.recircle.ch\/it\/ci-sto\/#breadcrumb"},"inLanguage":"it-IT","potentialAction":[{"@type":"ReadAction","target":["https:\/\/www.recircle.ch\/it\/ci-sto\/"]}]},{"@type":"BreadcrumbList","@id":"https:\/\/www.recircle.ch\/it\/ci-sto\/#breadcrumb","itemListElement":[{"@type":"ListItem","position":1,"name":"Home","item":"https:\/\/www.recircle.ch\/it\/"},{"@type":"ListItem","position":2,"name":"Ci sto!"}]},{"@type":"WebSite","@id":"https:\/\/www.recircle.ch\/#website","url":"https:\/\/www.recircle.ch\/","name":"reCIRCLE","description":"We love to reUSE!","publisher":{"@id":"https:\/\/www.recircle.ch\/#organization"},"potentialAction":[{"@type":"SearchAction","target":{"@type":"EntryPoint","urlTemplate":"https:\/\/www.recircle.ch\/?s={search_term_string}"},"query-input":{"@type":"PropertyValueSpecification","valueRequired":true,"valueName":"search_term_string"}}],"inLanguage":"it-IT"},{"@type":"Organization","@id":"https:\/\/www.recircle.ch\/#organization","name":"reCIRCLE","url":"https:\/\/www.recircle.ch\/","logo":{"@type":"ImageObject","inLanguage":"it-IT","@id":"https:\/\/www.recircle.ch\/#\/schema\/logo\/image\/","url":"https:\/\/www.recircle.ch\/wp-content\/uploads\/2024\/01\/RC_Logo_aubergine_20grad_RGB.jpg","contentUrl":"https:\/\/www.recircle.ch\/wp-content\/uploads\/2024\/01\/RC_Logo_aubergine_20grad_RGB.jpg","width":2362,"height":2362,"caption":"reCIRCLE"},"image":{"@id":"https:\/\/www.recircle.ch\/#\/schema\/logo\/image\/"},"sameAs":["https:\/\/www.facebook.com\/reCIRCLEnow\/","https:\/\/www.instagram.com\/recirclenow\/"]}]}},"_links":{"self":[{"href":"https:\/\/www.recircle.ch\/it\/wp-json\/wp\/v2\/pages\/11858","targetHints":{"allow":["GET"]}}],"collection":[{"href":"https:\/\/www.recircle.ch\/it\/wp-json\/wp\/v2\/pages"}],"about":[{"href":"https:\/\/www.recircle.ch\/it\/wp-json\/wp\/v2\/types\/page"}],"author":[{"embeddable":true,"href":"https:\/\/www.recircle.ch\/it\/wp-json\/wp\/v2\/users\/7"}],"replies":[{"embeddable":true,"href":"https:\/\/www.recircle.ch\/it\/wp-json\/wp\/v2\/comments?post=11858"}],"version-history":[{"count":10,"href":"https:\/\/www.recircle.ch\/it\/wp-json\/wp\/v2\/pages\/11858\/revisions"}],"predecessor-version":[{"id":21465,"href":"https:\/\/www.recircle.ch\/it\/wp-json\/wp\/v2\/pages\/11858\/revisions\/21465"}],"wp:attachment":[{"href":"https:\/\/www.recircle.ch\/it\/wp-json\/wp\/v2\/media?parent=11858"}],"curies":[{"name":"wp","href":"https:\/\/api.w.org\/{rel}","templated":true}]}}