{"id":11834,"date":"2022-08-23T17:09:14","date_gmt":"2022-08-23T17:09:14","guid":{"rendered":"https:\/\/www.recircle.ch\/chi-siamo\/mission\/"},"modified":"2025-01-13T13:31:20","modified_gmt":"2025-01-13T13:31:20","slug":"mission","status":"publish","type":"page","link":"https:\/\/www.recircle.ch\/it\/mission\/","title":{"rendered":"Mission"},"content":{"rendered":"<div class=\"wpb-content-wrapper\"><p>[vc_row full_width=&#8221;stretch_row&#8221; full_height=&#8221;yes&#8221; equal_height=&#8221;yes&#8221; content_placement=&#8221;middle&#8221; bg_type=&#8221;bg_color&#8221; bg_color_value=&#8221;#fafafa&#8221; css=&#8221;.vc_custom_1650292621957{background-color: #ffffff !important;}&#8221;][vc_column width=&#8221;1\/2&#8243;][vc_column_text]<\/p>\n<h1><strong>IL RIUTILIZZO COME NUOVA \u00abNORMALIT\u00c0\u00bb<\/strong><\/h1>\n<p>[\/vc_column_text][\/vc_column][vc_column width=&#8221;1\/2&#8243;][vc_column_text]A nostro avviso \u00e8 davvero uno spreco usare una sola volta gli imballaggi e poi gettarli nella spazzatura. Le risorse del nostro Pianeta sono preziose ma limitate. Ecco perch\u00e9 vanno protette, scegliendo la via del riutilizzo. Prima di essere riciclato un contenitore deve poter essere usato un centinaio di volte: \u00e8 questo che ci immaginiamo quando parliamo di \u00abeconomia circolare\u00bb.[\/vc_column_text][\/vc_column][\/vc_row][vc_row full_width=&#8221;stretch_row&#8221; equal_height=&#8221;yes&#8221; content_placement=&#8221;middle&#8221; bg_type=&#8221;bg_color&#8221; bg_color_value=&#8221;#fafafa&#8221; css=&#8221;.vc_custom_1650292701707{padding-top: 90px !important;padding-bottom: 120px !important;background-color: #fafafa !important;}&#8221;][vc_column][vc_column_text]<\/p>\n<h1 style=\"text-align: center;\">BENVENUTO RIUTILIZZO!<\/h1>\n<p>[\/vc_column_text][vc_column_text el_class=&#8221;content800&#8243;]Il riutilizzo non dovrebbe essere l\u2019eccezione, ma la normalit\u00e0. Diamo importanza agli aspetti qualitativi. Riteniamo che i contenitori che utilizziamo per mangiare e per bere dovrebbero in primo luogo attestare una qualit\u00e0 di prim\u2019ordine.[\/vc_column_text][\/vc_column][\/vc_row][vc_row equal_height=&#8221;yes&#8221; content_placement=&#8221;middle&#8221; bg_type=&#8221;bg_color&#8221; bg_color_value=&#8221;#ffffff&#8221; css=&#8221;.vc_custom_1649877793464{padding-top: 80px !important;padding-bottom: 90px !important;background-color: #ffffff !important;}&#8221;][vc_column width=&#8221;1\/2&#8243;][vc_single_image image=&#8221;5274&#8243; img_size=&#8221;full&#8221; alignment=&#8221;center&#8221; el_class=&#8221;image250&#8243;][\/vc_column][vc_column width=&#8221;1\/2&#8243;][vc_column_text]<\/p>\n<h2>UN\u2019IMPRESA CON UNA MISSIONE<\/h2>\n<p>Il nostro obiettivo \u00e8 quello di sostituire gli imballaggi monouso trovando alternative ecologiche, di alto valore qualitativo, economiche e improntate al riutilizzo.[\/vc_column_text][\/vc_column][\/vc_row][vc_row full_width=&#8221;stretch_row&#8221; equal_height=&#8221;yes&#8221; content_placement=&#8221;middle&#8221; bg_type=&#8221;bg_color&#8221; bg_color_value=&#8221;#ffffff&#8221; css=&#8221;.vc_custom_1649877853583{padding-top: 60px !important;padding-bottom: 120px !important;background-color: #fafafa !important;}&#8221;][vc_column width=&#8221;1\/2&#8243;][vc_column_text]<\/p>\n<h2>PENSARE E AGIRE IN MODO GLOBALE<\/h2>\n<p>Il nostro intervento \u00e8 in linea con gli Obiettivi di Sviluppo Sostenibile (<em>Sustainable Development Goals<\/em>) fissati dall\u2019ONU. I cosiddetti OSS, che consistono in 17 obiettivi volti a incoraggiare uno sviluppo sostenibile a livello.[\/vc_column_text][vc_btn title=&#8221;MAGGIORI INFORMAZIONI&#8221; align=&#8221;left&#8221; link=&#8221;url:%23|&#8221; el_class=&#8221;recircleButton&#8221;][\/vc_column][vc_column width=&#8221;1\/2&#8243;][vc_single_image image=&#8221;8836&#8243; img_size=&#8221;full&#8221; alignment=&#8221;center&#8221;][\/vc_column][\/vc_row][vc_row full_width=&#8221;stretch_row&#8221; equal_height=&#8221;yes&#8221; content_placement=&#8221;middle&#8221; bg_type=&#8221;bg_color&#8221; bg_color_value=&#8221;#ffffff&#8221; css=&#8221;.vc_custom_1658146895631{padding-top: 60px !important;padding-bottom: 120px !important;background-color: #ffffff !important;}&#8221; el_id=&#8221;sdg11&#8243;][vc_column width=&#8221;1\/2&#8243;][vc_single_image image=&#8221;8842&#8243; img_size=&#8221;350&#215;350&#8243;][\/vc_column][vc_column width=&#8221;1\/2&#8243;][vc_column_text]<\/p>\n<h2>CITT\u00c0 E COMUNI SOSTENIBILI<\/h2>\n<p>Attraverso il riutilizzo degli imballaggi e grazie al sistema di deposito \u00e8 possibile ridurre i rifiuti legati al packaging. Con reCIRCLE le citt\u00e0 e i comuni hanno la possibilit\u00e0 di ridurre il <em>littering<\/em> e di limitare i costi elevati legati allo smaltimento dei rifiuti.[\/vc_column_text][\/vc_column][\/vc_row][vc_row full_width=&#8221;stretch_row&#8221; equal_height=&#8221;yes&#8221; content_placement=&#8221;middle&#8221; bg_type=&#8221;bg_color&#8221; bg_color_value=&#8221;#ffffff&#8221; css=&#8221;.vc_custom_1658146901499{padding-top: 60px !important;padding-bottom: 120px !important;background-color: #fafafa !important;}&#8221; el_id=&#8221;sdg12&#8243;][vc_column width=&#8221;1\/2&#8243;][vc_column_text]<\/p>\n<h2>CONSUMO E PRODUZIONE RESPONSABILI<\/h2>\n<p>reCIRCLE punta alla produzione locale, a brevi tragitti di trasporto e a prodotti di qualit\u00e0 e durevoli. Il riciclaggio costituisce, sin dall\u2019inizio, parte integrante del processo. Durante la nostra attivit\u00e0 quotidiana, ci impegniamo nel sensibilizzare l\u2019opinione pubblica in merito ai problemi legati alla produzione di rifiuti e mostriamo possibili vie per migliorarci, insieme.[\/vc_column_text][\/vc_column][vc_column width=&#8221;1\/2&#8243;][vc_single_image image=&#8221;8846&#8243; img_size=&#8221;350&#215;350&#8243; alignment=&#8221;center&#8221;][\/vc_column][\/vc_row][vc_row full_width=&#8221;stretch_row&#8221; equal_height=&#8221;yes&#8221; content_placement=&#8221;middle&#8221; bg_type=&#8221;bg_color&#8221; bg_color_value=&#8221;#ffffff&#8221; css=&#8221;.vc_custom_1658146864761{padding-top: 60px !important;padding-bottom: 120px !important;background-color: #ffffff !important;}&#8221; el_id=&#8221;sdg13&#8243;][vc_column width=&#8221;1\/2&#8243;][vc_single_image image=&#8221;8850&#8243; img_size=&#8221;350&#215;350&#8243;][\/vc_column][vc_column width=&#8221;1\/2&#8243;][vc_column_text]<\/p>\n<h2>PROVVEDIMENTI PER IL CLIMA<\/h2>\n<p>Se riutilizziamo, invece di buttare nella spazzatura, gli imballaggi per il cibo da asporto, risparmiamo parecchie risorse preziose, ma non solo. Possiamo anche ridurre le emissioni di CO<sub>2<\/sub>, perch\u00e9 \u00e8 pi\u00f9 ecologico lavare un recipiente usato che smaltirlo dopo un solo utilizzo. In questo modo tutti coloro che aderiscono alla rete reCIRCLE apportano un contributo concreto alla protezione del clima.[\/vc_column_text][\/vc_column][\/vc_row][vc_row full_width=&#8221;stretch_row&#8221; equal_height=&#8221;yes&#8221; content_placement=&#8221;middle&#8221; bg_type=&#8221;bg_color&#8221; bg_color_value=&#8221;#ffffff&#8221; css=&#8221;.vc_custom_1658146857557{padding-top: 60px !important;padding-bottom: 120px !important;background-color: #fafafa !important;}&#8221; el_id=&#8221;sdg14&#8243;][vc_column width=&#8221;1\/2&#8243;][vc_column_text]<\/p>\n<h2>LA VITA SOTT\u2019ACQUA<\/h2>\n<p>La plastica inquina i nostri oceani, i nostri mari e i nostri fiumi. reCIRCLE affronta il problema alla radice. Grazie al riutilizzo e al sistema di deposito, ci sar\u00e0 meno plastica che andr\u00e0 a finire nell\u2019ambiente e dunque nelle nostre acque.[\/vc_column_text][\/vc_column][vc_column width=&#8221;1\/2&#8243;][vc_single_image image=&#8221;8854&#8243; img_size=&#8221;350&#215;350&#8243; alignment=&#8221;center&#8221;][\/vc_column][\/vc_row][vc_row full_width=&#8221;stretch_row&#8221; equal_height=&#8221;yes&#8221; content_placement=&#8221;middle&#8221; bg_type=&#8221;bg_color&#8221; bg_color_value=&#8221;#ffffff&#8221; css=&#8221;.vc_custom_1658146864761{padding-top: 60px !important;padding-bottom: 120px !important;background-color: #ffffff !important;}&#8221;][vc_column width=&#8221;1\/2&#8243;][vc_single_image image=&#8221;19086&#8243; img_size=&#8221;350&#215;350&#8243; css=&#8221;&#8221;][\/vc_column][vc_column width=&#8221;1\/2&#8243;][vc_column_text css=&#8221;&#8221;]<\/p>\n<h2>VITA A TERRA<\/h2>\n<p>Il littering minaccia gli habitat naturali e la biodiversit\u00e0, poich\u00e9 la plastica viene scambiata per cibo dai microrganismi. Gli imballaggi monouso favoriscono la deforestazione e l&#8217;esaurimento delle risorse. Il sistema riutilizzabile reCIRCLE mantiene in circolo le risorse, proteggendo cos\u00ec gli ecosistemi terrestri e la biodiversit\u00e0, in linea con l&#8217;SDG 15.[\/vc_column_text][\/vc_column][\/vc_row]<\/p>\n<\/div>","protected":false},"excerpt":{"rendered":"<p>[vc_row full_width=&#8221;stretch_row&#8221; full_height=&#8221;yes&#8221; equal_height=&#8221;yes&#8221; content_placement=&#8221;middle&#8221; bg_type=&#8221;bg_color&#8221; bg_color_value=&#8221;#fafafa&#8221; css=&#8221;.vc_custom_1650292621957{background-color: #ffffff !important;}&#8221;][vc_column width=&#8221;1\/2&#8243;][vc_column_text] IL RIUTILIZZO COME NUOVA \u00abNORMALIT\u00c0\u00bb [\/vc_column_text][\/vc_column][vc_column width=&#8221;1\/2&#8243;][vc_column_text]A nostro avviso \u00e8 davvero uno spreco usare una sola volta gli imballaggi e poi gettarli nella spazzatura. Le risorse del nostro Pianeta sono preziose ma limitate. Ecco perch\u00e9 vanno protette, scegliendo la via del riutilizzo. Prima di [&hellip;]<\/p>\n","protected":false},"author":1,"featured_media":0,"parent":0,"menu_order":0,"comment_status":"closed","ping_status":"closed","template":"","meta":{"_acf_changed":false,"content-type":"","footnotes":""},"class_list":["post-11834","page","type-page","status-publish","hentry"],"acf":[],"yoast_head":"<!-- This site is optimized with the Yoast SEO plugin v27.3 - https:\/\/yoast.com\/product\/yoast-seo-wordpress\/ -->\n<title>Mission - reCIRCLE<\/title>\n<meta name=\"robots\" content=\"index, follow, max-snippet:-1, max-image-preview:large, max-video-preview:-1\" \/>\n<link rel=\"canonical\" href=\"https:\/\/www.recircle.ch\/it\/mission\/\" \/>\n<meta property=\"og:locale\" content=\"it_IT\" \/>\n<meta property=\"og:type\" content=\"article\" \/>\n<meta property=\"og:title\" content=\"Mission - reCIRCLE\" \/>\n<meta property=\"og:description\" content=\"[vc_row full_width=&#8221;stretch_row&#8221; full_height=&#8221;yes&#8221; equal_height=&#8221;yes&#8221; content_placement=&#8221;middle&#8221; bg_type=&#8221;bg_color&#8221; bg_color_value=&#8221;#fafafa&#8221; css=&#8221;.vc_custom_1650292621957{background-color: #ffffff !important;}&#8221;][vc_column width=&#8221;1\/2&#8243;][vc_column_text] IL RIUTILIZZO COME NUOVA \u00abNORMALIT\u00c0\u00bb [\/vc_column_text][\/vc_column][vc_column width=&#8221;1\/2&#8243;][vc_column_text]A nostro avviso \u00e8 davvero uno spreco usare una sola volta gli imballaggi e poi gettarli nella spazzatura. Le risorse del nostro Pianeta sono preziose ma limitate. Ecco perch\u00e9 vanno protette, scegliendo la via del riutilizzo. Prima di [&hellip;]\" \/>\n<meta property=\"og:url\" content=\"https:\/\/www.recircle.ch\/it\/mission\/\" \/>\n<meta property=\"og:site_name\" content=\"reCIRCLE\" \/>\n<meta property=\"article:publisher\" content=\"https:\/\/www.facebook.com\/reCIRCLEnow\/\" \/>\n<meta property=\"article:modified_time\" content=\"2025-01-13T13:31:20+00:00\" \/>\n<meta property=\"og:image\" content=\"https:\/\/www.recircle.ch\/wp-content\/uploads\/2022\/11\/reCIRCLE_Tavolata-1-scaled.jpg\" \/>\n\t<meta property=\"og:image:width\" content=\"2350\" \/>\n\t<meta property=\"og:image:height\" content=\"1519\" \/>\n\t<meta property=\"og:image:type\" content=\"image\/jpeg\" \/>\n<meta name=\"twitter:card\" content=\"summary_large_image\" \/>\n<meta name=\"twitter:label1\" content=\"Tempo di lettura stimato\" \/>\n\t<meta name=\"twitter:data1\" content=\"5 minuti\" \/>\n<script type=\"application\/ld+json\" class=\"yoast-schema-graph\">{\"@context\":\"https:\\\/\\\/schema.org\",\"@graph\":[{\"@type\":\"WebPage\",\"@id\":\"https:\\\/\\\/www.recircle.ch\\\/it\\\/mission\\\/\",\"url\":\"https:\\\/\\\/www.recircle.ch\\\/it\\\/mission\\\/\",\"name\":\"Mission - reCIRCLE\",\"isPartOf\":{\"@id\":\"https:\\\/\\\/www.recircle.ch\\\/#website\"},\"datePublished\":\"2022-08-23T17:09:14+00:00\",\"dateModified\":\"2025-01-13T13:31:20+00:00\",\"breadcrumb\":{\"@id\":\"https:\\\/\\\/www.recircle.ch\\\/it\\\/mission\\\/#breadcrumb\"},\"inLanguage\":\"it-IT\",\"potentialAction\":[{\"@type\":\"ReadAction\",\"target\":[\"https:\\\/\\\/www.recircle.ch\\\/it\\\/mission\\\/\"]}]},{\"@type\":\"BreadcrumbList\",\"@id\":\"https:\\\/\\\/www.recircle.ch\\\/it\\\/mission\\\/#breadcrumb\",\"itemListElement\":[{\"@type\":\"ListItem\",\"position\":1,\"name\":\"Home\",\"item\":\"https:\\\/\\\/www.recircle.ch\\\/it\\\/\"},{\"@type\":\"ListItem\",\"position\":2,\"name\":\"Mission\"}]},{\"@type\":\"WebSite\",\"@id\":\"https:\\\/\\\/www.recircle.ch\\\/#website\",\"url\":\"https:\\\/\\\/www.recircle.ch\\\/\",\"name\":\"reCIRCLE\",\"description\":\"We love to reUSE!\",\"publisher\":{\"@id\":\"https:\\\/\\\/www.recircle.ch\\\/#organization\"},\"potentialAction\":[{\"@type\":\"SearchAction\",\"target\":{\"@type\":\"EntryPoint\",\"urlTemplate\":\"https:\\\/\\\/www.recircle.ch\\\/?s={search_term_string}\"},\"query-input\":{\"@type\":\"PropertyValueSpecification\",\"valueRequired\":true,\"valueName\":\"search_term_string\"}}],\"inLanguage\":\"it-IT\"},{\"@type\":\"Organization\",\"@id\":\"https:\\\/\\\/www.recircle.ch\\\/#organization\",\"name\":\"reCIRCLE\",\"url\":\"https:\\\/\\\/www.recircle.ch\\\/\",\"logo\":{\"@type\":\"ImageObject\",\"inLanguage\":\"it-IT\",\"@id\":\"https:\\\/\\\/www.recircle.ch\\\/#\\\/schema\\\/logo\\\/image\\\/\",\"url\":\"https:\\\/\\\/www.recircle.ch\\\/wp-content\\\/uploads\\\/2024\\\/01\\\/RC_Logo_aubergine_20grad_RGB.jpg\",\"contentUrl\":\"https:\\\/\\\/www.recircle.ch\\\/wp-content\\\/uploads\\\/2024\\\/01\\\/RC_Logo_aubergine_20grad_RGB.jpg\",\"width\":2362,\"height\":2362,\"caption\":\"reCIRCLE\"},\"image\":{\"@id\":\"https:\\\/\\\/www.recircle.ch\\\/#\\\/schema\\\/logo\\\/image\\\/\"},\"sameAs\":[\"https:\\\/\\\/www.facebook.com\\\/reCIRCLEnow\\\/\",\"https:\\\/\\\/www.instagram.com\\\/recirclenow\\\/\"]}]}<\/script>\n<!-- \/ Yoast SEO plugin. -->","yoast_head_json":{"title":"Mission - reCIRCLE","robots":{"index":"index","follow":"follow","max-snippet":"max-snippet:-1","max-image-preview":"max-image-preview:large","max-video-preview":"max-video-preview:-1"},"canonical":"https:\/\/www.recircle.ch\/it\/mission\/","og_locale":"it_IT","og_type":"article","og_title":"Mission - reCIRCLE","og_description":"[vc_row full_width=&#8221;stretch_row&#8221; full_height=&#8221;yes&#8221; equal_height=&#8221;yes&#8221; content_placement=&#8221;middle&#8221; bg_type=&#8221;bg_color&#8221; bg_color_value=&#8221;#fafafa&#8221; css=&#8221;.vc_custom_1650292621957{background-color: #ffffff !important;}&#8221;][vc_column width=&#8221;1\/2&#8243;][vc_column_text] IL RIUTILIZZO COME NUOVA \u00abNORMALIT\u00c0\u00bb [\/vc_column_text][\/vc_column][vc_column width=&#8221;1\/2&#8243;][vc_column_text]A nostro avviso \u00e8 davvero uno spreco usare una sola volta gli imballaggi e poi gettarli nella spazzatura. Le risorse del nostro Pianeta sono preziose ma limitate. Ecco perch\u00e9 vanno protette, scegliendo la via del riutilizzo. Prima di [&hellip;]","og_url":"https:\/\/www.recircle.ch\/it\/mission\/","og_site_name":"reCIRCLE","article_publisher":"https:\/\/www.facebook.com\/reCIRCLEnow\/","article_modified_time":"2025-01-13T13:31:20+00:00","og_image":[{"width":2350,"height":1519,"url":"https:\/\/www.recircle.ch\/wp-content\/uploads\/2022\/11\/reCIRCLE_Tavolata-1-scaled.jpg","type":"image\/jpeg"}],"twitter_card":"summary_large_image","twitter_misc":{"Tempo di lettura stimato":"5 minuti"},"schema":{"@context":"https:\/\/schema.org","@graph":[{"@type":"WebPage","@id":"https:\/\/www.recircle.ch\/it\/mission\/","url":"https:\/\/www.recircle.ch\/it\/mission\/","name":"Mission - reCIRCLE","isPartOf":{"@id":"https:\/\/www.recircle.ch\/#website"},"datePublished":"2022-08-23T17:09:14+00:00","dateModified":"2025-01-13T13:31:20+00:00","breadcrumb":{"@id":"https:\/\/www.recircle.ch\/it\/mission\/#breadcrumb"},"inLanguage":"it-IT","potentialAction":[{"@type":"ReadAction","target":["https:\/\/www.recircle.ch\/it\/mission\/"]}]},{"@type":"BreadcrumbList","@id":"https:\/\/www.recircle.ch\/it\/mission\/#breadcrumb","itemListElement":[{"@type":"ListItem","position":1,"name":"Home","item":"https:\/\/www.recircle.ch\/it\/"},{"@type":"ListItem","position":2,"name":"Mission"}]},{"@type":"WebSite","@id":"https:\/\/www.recircle.ch\/#website","url":"https:\/\/www.recircle.ch\/","name":"reCIRCLE","description":"We love to reUSE!","publisher":{"@id":"https:\/\/www.recircle.ch\/#organization"},"potentialAction":[{"@type":"SearchAction","target":{"@type":"EntryPoint","urlTemplate":"https:\/\/www.recircle.ch\/?s={search_term_string}"},"query-input":{"@type":"PropertyValueSpecification","valueRequired":true,"valueName":"search_term_string"}}],"inLanguage":"it-IT"},{"@type":"Organization","@id":"https:\/\/www.recircle.ch\/#organization","name":"reCIRCLE","url":"https:\/\/www.recircle.ch\/","logo":{"@type":"ImageObject","inLanguage":"it-IT","@id":"https:\/\/www.recircle.ch\/#\/schema\/logo\/image\/","url":"https:\/\/www.recircle.ch\/wp-content\/uploads\/2024\/01\/RC_Logo_aubergine_20grad_RGB.jpg","contentUrl":"https:\/\/www.recircle.ch\/wp-content\/uploads\/2024\/01\/RC_Logo_aubergine_20grad_RGB.jpg","width":2362,"height":2362,"caption":"reCIRCLE"},"image":{"@id":"https:\/\/www.recircle.ch\/#\/schema\/logo\/image\/"},"sameAs":["https:\/\/www.facebook.com\/reCIRCLEnow\/","https:\/\/www.instagram.com\/recirclenow\/"]}]}},"_links":{"self":[{"href":"https:\/\/www.recircle.ch\/it\/wp-json\/wp\/v2\/pages\/11834","targetHints":{"allow":["GET"]}}],"collection":[{"href":"https:\/\/www.recircle.ch\/it\/wp-json\/wp\/v2\/pages"}],"about":[{"href":"https:\/\/www.recircle.ch\/it\/wp-json\/wp\/v2\/types\/page"}],"author":[{"embeddable":true,"href":"https:\/\/www.recircle.ch\/it\/wp-json\/wp\/v2\/users\/1"}],"replies":[{"embeddable":true,"href":"https:\/\/www.recircle.ch\/it\/wp-json\/wp\/v2\/comments?post=11834"}],"version-history":[{"count":2,"href":"https:\/\/www.recircle.ch\/it\/wp-json\/wp\/v2\/pages\/11834\/revisions"}],"predecessor-version":[{"id":19091,"href":"https:\/\/www.recircle.ch\/it\/wp-json\/wp\/v2\/pages\/11834\/revisions\/19091"}],"wp:attachment":[{"href":"https:\/\/www.recircle.ch\/it\/wp-json\/wp\/v2\/media?parent=11834"}],"curies":[{"name":"wp","href":"https:\/\/api.w.org\/{rel}","templated":true}]}}