{"id":11800,"date":"2022-08-23T15:54:00","date_gmt":"2022-08-23T15:54:00","guid":{"rendered":"https:\/\/www.recircle.ch\/recircle-per-te\/comunita\/"},"modified":"2024-10-28T15:38:07","modified_gmt":"2024-10-28T15:38:07","slug":"comunita","status":"publish","type":"page","link":"https:\/\/www.recircle.ch\/it\/recircle-per-te\/comunita\/","title":{"rendered":"Comunit\u00e0"},"content":{"rendered":"<div class=\"wpb-content-wrapper\"><p>[vc_row full_width=&#8221;stretch_row&#8221; full_height=&#8221;yes&#8221; equal_height=&#8221;yes&#8221; content_placement=&#8221;middle&#8221; bg_type=&#8221;bg_color&#8221; bg_color_value=&#8221;#fafafa&#8221; css=&#8221;.vc_custom_1650292621957{background-color: #ffffff !important;}&#8221;][vc_column width=&#8221;1\/2&#8243;][vc_column_text]<\/p>\n<h1>UN GESTO TANGIBILE<\/h1>\n<p>[\/vc_column_text][\/vc_column][vc_column width=&#8221;1\/2&#8243;][vc_column_text]Fai s\u00ec che anche il tuo Comune possa compiere un gesto tangibile per il bene dell\u2019ambiente. Se il tuo Comune lancia una campagna che promuove il riutilizzo, potrai risparmiare tonnellate di rifiuti.[\/vc_column_text][vc_btn title=&#8221;ZU DEN TEILEHMENDEN GEMEINDEN&#8221; align=&#8221;center&#8221; css=&#8221;&#8221; link=&#8221;url:https%3A%2F%2Fwww.recircle.ch%2Fit%2Fcampagne%2F|title:Campagne|&#8221; el_class=&#8221;recircleButton&#8221;][\/vc_column][\/vc_row][vc_row full_width=&#8221;stretch_row&#8221; equal_height=&#8221;yes&#8221; content_placement=&#8221;middle&#8221; bg_type=&#8221;bg_color&#8221; bg_color_value=&#8221;#fafafa&#8221; css=&#8221;.vc_custom_1650292701707{padding-top: 90px !important;padding-bottom: 120px !important;background-color: #fafafa !important;}&#8221;][vc_column][vc_column_text css=&#8221;&#8221;]<\/p>\n<h1 style=\"text-align: center;\">BEW\u00c4HRTE L\u00d6SUNG F\u00dcR WENIGER ABFALL<\/h1>\n<p>[\/vc_column_text][vc_column_text css=&#8221;&#8221; el_class=&#8221;content800&#8243;]<\/p>\n<p style=\"text-align: center;\">Die Schweiz hat mit <a href=\"https:\/\/www.bafu.admin.ch\/bafu\/de\/home\/themen\/abfall\/inkuerze.html#:~:text=In%20der%20Schweiz%20entstehen%20j%C3%A4hrlich%20rund%2080%20bis%2090%20Millionen%20Tonnen%20Abfall.\">716 kg Abfall pro Jahr<\/a> pro Person eines der h\u00f6chsten Siedlungsabfallaufkommen der Welt. Wenn deine Gemeinde Mehrwegl\u00f6sungen bef\u00fcrwortet, leistet sie einen Beitrag dazu, dass die Schweiz bald nicht mehr Abfallspitzenreiterin ist.<\/p>\n<p>[\/vc_column_text][\/vc_column][\/vc_row][vc_row equal_height=&#8221;yes&#8221; content_placement=&#8221;middle&#8221; bg_type=&#8221;bg_color&#8221; bg_color_value=&#8221;#ffffff&#8221; css=&#8221;.vc_custom_1649877793464{padding-top: 80px !important;padding-bottom: 90px !important;background-color: #ffffff !important;}&#8221;][vc_column width=&#8221;1\/2&#8243;][vc_single_image image=&#8221;4373&#8243; img_size=&#8221;full&#8221; alignment=&#8221;center&#8221; el_class=&#8221;image250&#8243;][\/vc_column][vc_column width=&#8221;1\/2&#8243;][vc_column_text]<\/p>\n<h2>ARBEITE MIT EXPERT:INNEN ZUSAMMEN<\/h2>\n<p>Wir besch\u00e4ftigen uns tagt\u00e4glich damit, wie Mehrweg in unserer Gesellschaft zur Normalit\u00e4t wird. In unserer Welt ist es normal, Essen und Getr\u00e4nke in wiederverwendbarer Verpackung mitzunehmen, statt Abfall zu verursachen.[\/vc_column_text][\/vc_column][\/vc_row][vc_row full_width=&#8221;stretch_row&#8221; equal_height=&#8221;yes&#8221; content_placement=&#8221;middle&#8221; bg_type=&#8221;bg_color&#8221; bg_color_value=&#8221;#ffffff&#8221; css=&#8221;.vc_custom_1660120428103{padding-top: 80px !important;padding-bottom: 90px !important;background-color: #fafafa !important;}&#8221;][vc_column width=&#8221;1\/2&#8243;][vc_column_text]<\/p>\n<h2>UNTERST\u00dcTZUNG<\/h2>\n<p>Wir unterst\u00fctzen euch dabei, beispielsweise eine Abfall-Vermeidungs-Kampagne zu planen, vernetzen euch mit anderen wichtigen Partnern, wie Zero Waste Switzerland, organisieren einen Stakeholder-Dialog und vieles mehr.[\/vc_column_text][\/vc_column][vc_column width=&#8221;1\/2&#8243;][vc_single_image image=&#8221;5274&#8243; img_size=&#8221;full&#8221; alignment=&#8221;center&#8221; el_class=&#8221;image250&#8243;][\/vc_column][\/vc_row][vc_row equal_height=&#8221;yes&#8221; content_placement=&#8221;middle&#8221; bg_type=&#8221;bg_color&#8221; bg_color_value=&#8221;#ffffff&#8221; css=&#8221;.vc_custom_1649877793464{padding-top: 80px !important;padding-bottom: 90px !important;background-color: #ffffff !important;}&#8221;][vc_column width=&#8221;1\/2&#8243;][vc_single_image image=&#8221;18448&#8243; img_size=&#8221;full&#8221; alignment=&#8221;center&#8221; css=&#8221;&#8221;][\/vc_column][vc_column width=&#8221;1\/2&#8243;][vc_column_text css=&#8221;&#8221;]<\/p>\n<h2>BRANDING<\/h2>\n<div class=\"flex max-w-full flex-col flex-grow\">\n<div class=\"min-h-[20px] text-message flex w-full flex-col items-end gap-2 whitespace-normal break-words [.text-message+&amp;]:mt-5\" dir=\"auto\" data-message-author-role=\"assistant\" data-message-id=\"08698c72-0059-4ef1-87c9-76684c294e51\">\n<div class=\"flex w-full flex-col gap-1 empty:hidden first:pt-[3px]\">\n<div class=\"markdown prose w-full break-words dark:prose-invert light\">\n<p>Gib den BOXen einen einzigartigen Look! Dein Logo auf den reCIRCLE-Deckeln macht dein Engagement sichtbar und sorgt f\u00fcr Wiedererkennung bei jeder Nutzung.<\/p>\n<\/div>\n<\/div>\n<\/div>\n<\/div>\n<p>[\/vc_column_text][\/vc_column][\/vc_row][vc_row disable_element=&#8221;yes&#8221;][vc_column][vc_column_text]<div id=\"testimonialslist\"><div class=\"testimonials\" style=\"display: flex;\"><\/div><\/div>[\/vc_column_text][\/vc_column][\/vc_row][vc_row full_width=&#8221;stretch_row&#8221; css=&#8221;.vc_custom_1660919465773{padding-top: 120px !important;padding-bottom: 200px !important;background-color: #f8e5e2 !important;}&#8221;][vc_column][vc_column_text]<\/p>\n<h2 style=\"text-align: center;\">Vorrei dare il buon esempio<\/h2>\n<p>[\/vc_column_text][vc_empty_space height=&#8221;25px&#8221;][vc_btn title=&#8221;CONTATTI&#8221; align=&#8221;center&#8221; link=&#8221;url:https%3A%2F%2Fwww.recircle.ch%2Fit%2Fcontatto%2F|title:Contatto|&#8221; el_class=&#8221;recircleButton&#8221;][\/vc_column][\/vc_row]<\/p>\n<\/div>","protected":false},"excerpt":{"rendered":"<p>[vc_row full_width=&#8221;stretch_row&#8221; full_height=&#8221;yes&#8221; equal_height=&#8221;yes&#8221; content_placement=&#8221;middle&#8221; bg_type=&#8221;bg_color&#8221; bg_color_value=&#8221;#fafafa&#8221; css=&#8221;.vc_custom_1650292621957{background-color: #ffffff !important;}&#8221;][vc_column width=&#8221;1\/2&#8243;][vc_column_text] UN GESTO TANGIBILE [\/vc_column_text][\/vc_column][vc_column width=&#8221;1\/2&#8243;][vc_column_text]Fai s\u00ec che anche il tuo Comune possa compiere un gesto tangibile per il bene dell\u2019ambiente. Se il tuo Comune lancia una campagna che promuove il riutilizzo, potrai risparmiare tonnellate di rifiuti.[\/vc_column_text][vc_btn title=&#8221;ZU DEN TEILEHMENDEN GEMEINDEN&#8221; align=&#8221;center&#8221; css=&#8221;&#8221; link=&#8221;url:https%3A%2F%2Fwww.recircle.ch%2Fit%2Fcampagne%2F|title:Campagne|&#8221; el_class=&#8221;recircleButton&#8221;][\/vc_column][\/vc_row][vc_row [&hellip;]<\/p>\n","protected":false},"author":1,"featured_media":0,"parent":11781,"menu_order":0,"comment_status":"closed","ping_status":"closed","template":"","meta":{"_acf_changed":false,"content-type":"","footnotes":""},"class_list":["post-11800","page","type-page","status-publish","hentry"],"acf":[],"yoast_head":"<!-- This site is optimized with the Yoast SEO plugin v27.3 - https:\/\/yoast.com\/product\/yoast-seo-wordpress\/ -->\n<title>Comunit\u00e0 - reCIRCLE<\/title>\n<meta name=\"robots\" content=\"index, follow, max-snippet:-1, max-image-preview:large, max-video-preview:-1\" \/>\n<link rel=\"canonical\" href=\"https:\/\/www.recircle.ch\/recircle-fuer-dich\/gemeinden\/\" \/>\n<meta property=\"og:locale\" content=\"it_IT\" \/>\n<meta property=\"og:type\" content=\"article\" \/>\n<meta property=\"og:title\" content=\"Comunit\u00e0 - reCIRCLE\" \/>\n<meta property=\"og:description\" content=\"[vc_row full_width=&#8221;stretch_row&#8221; full_height=&#8221;yes&#8221; equal_height=&#8221;yes&#8221; content_placement=&#8221;middle&#8221; bg_type=&#8221;bg_color&#8221; bg_color_value=&#8221;#fafafa&#8221; css=&#8221;.vc_custom_1650292621957{background-color: #ffffff !important;}&#8221;][vc_column width=&#8221;1\/2&#8243;][vc_column_text] UN GESTO TANGIBILE [\/vc_column_text][\/vc_column][vc_column width=&#8221;1\/2&#8243;][vc_column_text]Fai s\u00ec che anche il tuo Comune possa compiere un gesto tangibile per il bene dell\u2019ambiente. Se il tuo Comune lancia una campagna che promuove il riutilizzo, potrai risparmiare tonnellate di rifiuti.[\/vc_column_text][vc_btn title=&#8221;ZU DEN TEILEHMENDEN GEMEINDEN&#8221; align=&#8221;center&#8221; css=&#8221;&#8221; link=&#8221;url:https%3A%2F%2Fwww.recircle.ch%2Fit%2Fcampagne%2F|title:Campagne|&#8221; el_class=&#8221;recircleButton&#8221;][\/vc_column][\/vc_row][vc_row [&hellip;]\" \/>\n<meta property=\"og:url\" content=\"https:\/\/www.recircle.ch\/recircle-fuer-dich\/gemeinden\/\" \/>\n<meta property=\"og:site_name\" content=\"reCIRCLE\" \/>\n<meta property=\"article:publisher\" content=\"https:\/\/www.facebook.com\/reCIRCLEnow\/\" \/>\n<meta property=\"article:modified_time\" content=\"2024-10-28T15:38:07+00:00\" \/>\n<meta property=\"og:image\" content=\"https:\/\/www.recircle.ch\/wp-content\/uploads\/2022\/11\/reCIRCLE_Tavolata-1-scaled.jpg\" \/>\n\t<meta property=\"og:image:width\" content=\"2350\" \/>\n\t<meta property=\"og:image:height\" content=\"1519\" \/>\n\t<meta property=\"og:image:type\" content=\"image\/jpeg\" \/>\n<meta name=\"twitter:card\" content=\"summary_large_image\" \/>\n<meta name=\"twitter:label1\" content=\"Tempo di lettura stimato\" \/>\n\t<meta name=\"twitter:data1\" content=\"3 minuti\" \/>\n<script type=\"application\/ld+json\" class=\"yoast-schema-graph\">{\"@context\":\"https:\\\/\\\/schema.org\",\"@graph\":[{\"@type\":\"WebPage\",\"@id\":\"https:\\\/\\\/www.recircle.ch\\\/recircle-fuer-dich\\\/gemeinden\\\/\",\"url\":\"https:\\\/\\\/www.recircle.ch\\\/recircle-fuer-dich\\\/gemeinden\\\/\",\"name\":\"Comunit\u00e0 - reCIRCLE\",\"isPartOf\":{\"@id\":\"https:\\\/\\\/www.recircle.ch\\\/#website\"},\"datePublished\":\"2022-08-23T15:54:00+00:00\",\"dateModified\":\"2024-10-28T15:38:07+00:00\",\"breadcrumb\":{\"@id\":\"https:\\\/\\\/www.recircle.ch\\\/recircle-fuer-dich\\\/gemeinden\\\/#breadcrumb\"},\"inLanguage\":\"it-IT\",\"potentialAction\":[{\"@type\":\"ReadAction\",\"target\":[\"https:\\\/\\\/www.recircle.ch\\\/recircle-fuer-dich\\\/gemeinden\\\/\"]}]},{\"@type\":\"BreadcrumbList\",\"@id\":\"https:\\\/\\\/www.recircle.ch\\\/recircle-fuer-dich\\\/gemeinden\\\/#breadcrumb\",\"itemListElement\":[{\"@type\":\"ListItem\",\"position\":1,\"name\":\"Home\",\"item\":\"https:\\\/\\\/www.recircle.ch\\\/it\\\/\"},{\"@type\":\"ListItem\",\"position\":2,\"name\":\"reCIRCLE per te\",\"item\":\"https:\\\/\\\/www.recircle.ch\\\/it\\\/recircle-per-te\\\/\"},{\"@type\":\"ListItem\",\"position\":3,\"name\":\"Comunit\u00e0\"}]},{\"@type\":\"WebSite\",\"@id\":\"https:\\\/\\\/www.recircle.ch\\\/#website\",\"url\":\"https:\\\/\\\/www.recircle.ch\\\/\",\"name\":\"reCIRCLE\",\"description\":\"We love to reUSE!\",\"publisher\":{\"@id\":\"https:\\\/\\\/www.recircle.ch\\\/#organization\"},\"potentialAction\":[{\"@type\":\"SearchAction\",\"target\":{\"@type\":\"EntryPoint\",\"urlTemplate\":\"https:\\\/\\\/www.recircle.ch\\\/?s={search_term_string}\"},\"query-input\":{\"@type\":\"PropertyValueSpecification\",\"valueRequired\":true,\"valueName\":\"search_term_string\"}}],\"inLanguage\":\"it-IT\"},{\"@type\":\"Organization\",\"@id\":\"https:\\\/\\\/www.recircle.ch\\\/#organization\",\"name\":\"reCIRCLE\",\"url\":\"https:\\\/\\\/www.recircle.ch\\\/\",\"logo\":{\"@type\":\"ImageObject\",\"inLanguage\":\"it-IT\",\"@id\":\"https:\\\/\\\/www.recircle.ch\\\/#\\\/schema\\\/logo\\\/image\\\/\",\"url\":\"https:\\\/\\\/www.recircle.ch\\\/wp-content\\\/uploads\\\/2024\\\/01\\\/RC_Logo_aubergine_20grad_RGB.jpg\",\"contentUrl\":\"https:\\\/\\\/www.recircle.ch\\\/wp-content\\\/uploads\\\/2024\\\/01\\\/RC_Logo_aubergine_20grad_RGB.jpg\",\"width\":2362,\"height\":2362,\"caption\":\"reCIRCLE\"},\"image\":{\"@id\":\"https:\\\/\\\/www.recircle.ch\\\/#\\\/schema\\\/logo\\\/image\\\/\"},\"sameAs\":[\"https:\\\/\\\/www.facebook.com\\\/reCIRCLEnow\\\/\",\"https:\\\/\\\/www.instagram.com\\\/recirclenow\\\/\"]}]}<\/script>\n<!-- \/ Yoast SEO plugin. -->","yoast_head_json":{"title":"Comunit\u00e0 - reCIRCLE","robots":{"index":"index","follow":"follow","max-snippet":"max-snippet:-1","max-image-preview":"max-image-preview:large","max-video-preview":"max-video-preview:-1"},"canonical":"https:\/\/www.recircle.ch\/recircle-fuer-dich\/gemeinden\/","og_locale":"it_IT","og_type":"article","og_title":"Comunit\u00e0 - reCIRCLE","og_description":"[vc_row full_width=&#8221;stretch_row&#8221; full_height=&#8221;yes&#8221; equal_height=&#8221;yes&#8221; content_placement=&#8221;middle&#8221; bg_type=&#8221;bg_color&#8221; bg_color_value=&#8221;#fafafa&#8221; css=&#8221;.vc_custom_1650292621957{background-color: #ffffff !important;}&#8221;][vc_column width=&#8221;1\/2&#8243;][vc_column_text] UN GESTO TANGIBILE [\/vc_column_text][\/vc_column][vc_column width=&#8221;1\/2&#8243;][vc_column_text]Fai s\u00ec che anche il tuo Comune possa compiere un gesto tangibile per il bene dell\u2019ambiente. Se il tuo Comune lancia una campagna che promuove il riutilizzo, potrai risparmiare tonnellate di rifiuti.[\/vc_column_text][vc_btn title=&#8221;ZU DEN TEILEHMENDEN GEMEINDEN&#8221; align=&#8221;center&#8221; css=&#8221;&#8221; link=&#8221;url:https%3A%2F%2Fwww.recircle.ch%2Fit%2Fcampagne%2F|title:Campagne|&#8221; el_class=&#8221;recircleButton&#8221;][\/vc_column][\/vc_row][vc_row [&hellip;]","og_url":"https:\/\/www.recircle.ch\/recircle-fuer-dich\/gemeinden\/","og_site_name":"reCIRCLE","article_publisher":"https:\/\/www.facebook.com\/reCIRCLEnow\/","article_modified_time":"2024-10-28T15:38:07+00:00","og_image":[{"width":2350,"height":1519,"url":"https:\/\/www.recircle.ch\/wp-content\/uploads\/2022\/11\/reCIRCLE_Tavolata-1-scaled.jpg","type":"image\/jpeg"}],"twitter_card":"summary_large_image","twitter_misc":{"Tempo di lettura stimato":"3 minuti"},"schema":{"@context":"https:\/\/schema.org","@graph":[{"@type":"WebPage","@id":"https:\/\/www.recircle.ch\/recircle-fuer-dich\/gemeinden\/","url":"https:\/\/www.recircle.ch\/recircle-fuer-dich\/gemeinden\/","name":"Comunit\u00e0 - reCIRCLE","isPartOf":{"@id":"https:\/\/www.recircle.ch\/#website"},"datePublished":"2022-08-23T15:54:00+00:00","dateModified":"2024-10-28T15:38:07+00:00","breadcrumb":{"@id":"https:\/\/www.recircle.ch\/recircle-fuer-dich\/gemeinden\/#breadcrumb"},"inLanguage":"it-IT","potentialAction":[{"@type":"ReadAction","target":["https:\/\/www.recircle.ch\/recircle-fuer-dich\/gemeinden\/"]}]},{"@type":"BreadcrumbList","@id":"https:\/\/www.recircle.ch\/recircle-fuer-dich\/gemeinden\/#breadcrumb","itemListElement":[{"@type":"ListItem","position":1,"name":"Home","item":"https:\/\/www.recircle.ch\/it\/"},{"@type":"ListItem","position":2,"name":"reCIRCLE per te","item":"https:\/\/www.recircle.ch\/it\/recircle-per-te\/"},{"@type":"ListItem","position":3,"name":"Comunit\u00e0"}]},{"@type":"WebSite","@id":"https:\/\/www.recircle.ch\/#website","url":"https:\/\/www.recircle.ch\/","name":"reCIRCLE","description":"We love to reUSE!","publisher":{"@id":"https:\/\/www.recircle.ch\/#organization"},"potentialAction":[{"@type":"SearchAction","target":{"@type":"EntryPoint","urlTemplate":"https:\/\/www.recircle.ch\/?s={search_term_string}"},"query-input":{"@type":"PropertyValueSpecification","valueRequired":true,"valueName":"search_term_string"}}],"inLanguage":"it-IT"},{"@type":"Organization","@id":"https:\/\/www.recircle.ch\/#organization","name":"reCIRCLE","url":"https:\/\/www.recircle.ch\/","logo":{"@type":"ImageObject","inLanguage":"it-IT","@id":"https:\/\/www.recircle.ch\/#\/schema\/logo\/image\/","url":"https:\/\/www.recircle.ch\/wp-content\/uploads\/2024\/01\/RC_Logo_aubergine_20grad_RGB.jpg","contentUrl":"https:\/\/www.recircle.ch\/wp-content\/uploads\/2024\/01\/RC_Logo_aubergine_20grad_RGB.jpg","width":2362,"height":2362,"caption":"reCIRCLE"},"image":{"@id":"https:\/\/www.recircle.ch\/#\/schema\/logo\/image\/"},"sameAs":["https:\/\/www.facebook.com\/reCIRCLEnow\/","https:\/\/www.instagram.com\/recirclenow\/"]}]}},"_links":{"self":[{"href":"https:\/\/www.recircle.ch\/it\/wp-json\/wp\/v2\/pages\/11800","targetHints":{"allow":["GET"]}}],"collection":[{"href":"https:\/\/www.recircle.ch\/it\/wp-json\/wp\/v2\/pages"}],"about":[{"href":"https:\/\/www.recircle.ch\/it\/wp-json\/wp\/v2\/types\/page"}],"author":[{"embeddable":true,"href":"https:\/\/www.recircle.ch\/it\/wp-json\/wp\/v2\/users\/1"}],"replies":[{"embeddable":true,"href":"https:\/\/www.recircle.ch\/it\/wp-json\/wp\/v2\/comments?post=11800"}],"version-history":[{"count":2,"href":"https:\/\/www.recircle.ch\/it\/wp-json\/wp\/v2\/pages\/11800\/revisions"}],"predecessor-version":[{"id":18822,"href":"https:\/\/www.recircle.ch\/it\/wp-json\/wp\/v2\/pages\/11800\/revisions\/18822"}],"up":[{"embeddable":true,"href":"https:\/\/www.recircle.ch\/it\/wp-json\/wp\/v2\/pages\/11781"}],"wp:attachment":[{"href":"https:\/\/www.recircle.ch\/it\/wp-json\/wp\/v2\/media?parent=11800"}],"curies":[{"name":"wp","href":"https:\/\/api.w.org\/{rel}","templated":true}]}}