{"id":9706,"date":"2022-08-04T12:38:17","date_gmt":"2022-08-04T12:38:17","guid":{"rendered":"https:\/\/www.recircle.ch\/membre-du-ca-philippe-baud\/"},"modified":"2025-07-22T12:56:46","modified_gmt":"2025-07-22T12:56:46","slug":"membre-du-ca-philippe-baud","status":"publish","type":"page","link":"https:\/\/www.recircle.ch\/fr\/membre-du-ca-philippe-baud\/","title":{"rendered":"MEMBRE DU CA &#8211; PHILIPPE BAUD"},"content":{"rendered":"<div class=\"wpb-content-wrapper\"><p>[vc_row full_width=\u00a0\u00bbstretch_row\u00a0\u00bb full_height=\u00a0\u00bbyes\u00a0\u00bb css=\u00a0\u00bb.vc_custom_1655384404403{padding-top: 100px !important;padding-bottom: 160px !important;background-color: #ffffff !important;}\u00a0\u00bb][vc_column][vc_column_text]<\/p>\n<h2>PHILIPPE BAUD<\/h2>\n<p>[\/vc_column_text][vc_row_inner][vc_column_inner width=\u00a0\u00bb1\/2&Prime;][vc_single_image image=\u00a0\u00bb6739&Prime; img_size=\u00a0\u00bblarge\u00a0\u00bb style=\u00a0\u00bbvc_box_circle_2&Prime;][\/vc_column_inner][vc_column_inner width=\u00a0\u00bb1\/2&Prime;][vc_column_text css=\u00a0\u00bb\u00a0\u00bb el_class=\u00a0\u00bbteamcontent\u00a0\u00bb]<em>\u00abUne entreprise qui r\u00e9ussit a besoin d&rsquo;une \u00e9quipe forte \u00e0 l&rsquo;ext\u00e9rieur et du soutien n\u00e9cessaire \u00e0 l&rsquo;int\u00e9rieur &#8211; et c&rsquo;est l\u00e0 que je mets la main \u00e0 la p\u00e2te\u00bb<\/em><\/p>\n<p><strong>Responsable des finances\/RH et de l&rsquo;administration de l&rsquo;h\u00f4tel Waldhaus, Sils\/Segl Maria<\/strong><\/p>\n<p><strong>Formation:<\/strong> Ecole H\u00f4teli\u00e8re de Lausanne &#8211; EHL Hospitality Business School<\/p>\n<p><strong>Exp\u00e9rience professionnelle:<\/strong> Philippe a plus de 25 ans d&rsquo;exp\u00e9rience dans l&rsquo;h\u00f4tellerie, l&rsquo;\u00e9v\u00e9nementiel et dans une organisation multilat\u00e9rale de d\u00e9veloppement. Il s&rsquo;est toujours concentr\u00e9 sur l&rsquo;administration de PME et d&rsquo;ONG.[\/vc_column_text][\/vc_column_inner][\/vc_row_inner][\/vc_column][\/vc_row]<\/p>\n<\/div>","protected":false},"excerpt":{"rendered":"<p>[vc_row full_width=\u00a0\u00bbstretch_row\u00a0\u00bb full_height=\u00a0\u00bbyes\u00a0\u00bb css=\u00a0\u00bb.vc_custom_1655384404403{padding-top: 100px !important;padding-bottom: 160px !important;background-color: #ffffff !important;}\u00a0\u00bb][vc_column][vc_column_text] PHILIPPE BAUD [\/vc_column_text][vc_row_inner][vc_column_inner width=\u00a0\u00bb1\/2&Prime;][vc_single_image image=\u00a0\u00bb6739&Prime; img_size=\u00a0\u00bblarge\u00a0\u00bb style=\u00a0\u00bbvc_box_circle_2&Prime;][\/vc_column_inner][vc_column_inner width=\u00a0\u00bb1\/2&Prime;][vc_column_text css=\u00a0\u00bb\u00a0\u00bb el_class=\u00a0\u00bbteamcontent\u00a0\u00bb]\u00abUne entreprise qui r\u00e9ussit a besoin d&rsquo;une \u00e9quipe forte \u00e0 l&rsquo;ext\u00e9rieur et du soutien n\u00e9cessaire \u00e0 l&rsquo;int\u00e9rieur &#8211; et c&rsquo;est l\u00e0 que je mets la main \u00e0 la p\u00e2te\u00bb Responsable des finances\/RH et de l&rsquo;administration de [&hellip;]<\/p>\n","protected":false},"author":4,"featured_media":0,"parent":0,"menu_order":0,"comment_status":"closed","ping_status":"closed","template":"","meta":{"_acf_changed":false,"content-type":"","footnotes":""},"class_list":["post-9706","page","type-page","status-publish","hentry"],"acf":[],"yoast_head":"<!-- This site is optimized with the Yoast SEO plugin v27.3 - https:\/\/yoast.com\/product\/yoast-seo-wordpress\/ -->\n<title>MEMBRE DU CA - PHILIPPE BAUD - reCIRCLE<\/title>\n<meta name=\"robots\" content=\"index, follow, max-snippet:-1, max-image-preview:large, max-video-preview:-1\" \/>\n<link rel=\"canonical\" href=\"https:\/\/www.recircle.ch\/fr\/membre-du-ca-philippe-baud\/\" \/>\n<meta property=\"og:locale\" content=\"fr_FR\" \/>\n<meta property=\"og:type\" content=\"article\" \/>\n<meta property=\"og:title\" content=\"MEMBRE DU CA - PHILIPPE BAUD - reCIRCLE\" \/>\n<meta property=\"og:description\" content=\"[vc_row full_width=\u00a0\u00bbstretch_row\u00a0\u00bb full_height=\u00a0\u00bbyes\u00a0\u00bb css=\u00a0\u00bb.vc_custom_1655384404403{padding-top: 100px !important;padding-bottom: 160px !important;background-color: #ffffff !important;}\u00a0\u00bb][vc_column][vc_column_text] PHILIPPE BAUD [\/vc_column_text][vc_row_inner][vc_column_inner width=\u00a0\u00bb1\/2&Prime;][vc_single_image image=\u00a0\u00bb6739&Prime; img_size=\u00a0\u00bblarge\u00a0\u00bb style=\u00a0\u00bbvc_box_circle_2&Prime;][\/vc_column_inner][vc_column_inner width=\u00a0\u00bb1\/2&Prime;][vc_column_text css=\u00a0\u00bb\u00a0\u00bb el_class=\u00a0\u00bbteamcontent\u00a0\u00bb]\u00abUne entreprise qui r\u00e9ussit a besoin d&rsquo;une \u00e9quipe forte \u00e0 l&rsquo;ext\u00e9rieur et du soutien n\u00e9cessaire \u00e0 l&rsquo;int\u00e9rieur &#8211; et c&rsquo;est l\u00e0 que je mets la main \u00e0 la p\u00e2te\u00bb Responsable des finances\/RH et de l&rsquo;administration de [&hellip;]\" \/>\n<meta property=\"og:url\" content=\"https:\/\/www.recircle.ch\/fr\/membre-du-ca-philippe-baud\/\" \/>\n<meta property=\"og:site_name\" content=\"reCIRCLE\" \/>\n<meta property=\"article:publisher\" content=\"https:\/\/www.facebook.com\/reCIRCLEnow\/\" \/>\n<meta property=\"article:modified_time\" content=\"2025-07-22T12:56:46+00:00\" \/>\n<meta property=\"og:image\" content=\"https:\/\/www.recircle.ch\/wp-content\/uploads\/2022\/11\/reCIRCLE_Tavolata-1-scaled.jpg\" \/>\n\t<meta property=\"og:image:width\" content=\"2350\" \/>\n\t<meta property=\"og:image:height\" content=\"1519\" \/>\n\t<meta property=\"og:image:type\" content=\"image\/jpeg\" \/>\n<meta name=\"twitter:card\" content=\"summary_large_image\" \/>\n<meta name=\"twitter:label1\" content=\"Dur\u00e9e de lecture estim\u00e9e\" \/>\n\t<meta name=\"twitter:data1\" content=\"1 minute\" \/>\n<script type=\"application\/ld+json\" class=\"yoast-schema-graph\">{\"@context\":\"https:\\\/\\\/schema.org\",\"@graph\":[{\"@type\":\"WebPage\",\"@id\":\"https:\\\/\\\/www.recircle.ch\\\/fr\\\/membre-du-ca-philippe-baud\\\/\",\"url\":\"https:\\\/\\\/www.recircle.ch\\\/fr\\\/membre-du-ca-philippe-baud\\\/\",\"name\":\"MEMBRE DU CA - PHILIPPE BAUD - reCIRCLE\",\"isPartOf\":{\"@id\":\"https:\\\/\\\/www.recircle.ch\\\/#website\"},\"datePublished\":\"2022-08-04T12:38:17+00:00\",\"dateModified\":\"2025-07-22T12:56:46+00:00\",\"breadcrumb\":{\"@id\":\"https:\\\/\\\/www.recircle.ch\\\/fr\\\/membre-du-ca-philippe-baud\\\/#breadcrumb\"},\"inLanguage\":\"fr-FR\",\"potentialAction\":[{\"@type\":\"ReadAction\",\"target\":[\"https:\\\/\\\/www.recircle.ch\\\/fr\\\/membre-du-ca-philippe-baud\\\/\"]}]},{\"@type\":\"BreadcrumbList\",\"@id\":\"https:\\\/\\\/www.recircle.ch\\\/fr\\\/membre-du-ca-philippe-baud\\\/#breadcrumb\",\"itemListElement\":[{\"@type\":\"ListItem\",\"position\":1,\"name\":\"Home\",\"item\":\"https:\\\/\\\/www.recircle.ch\\\/fr\\\/\"},{\"@type\":\"ListItem\",\"position\":2,\"name\":\"MEMBRE DU CA &#8211; PHILIPPE BAUD\"}]},{\"@type\":\"WebSite\",\"@id\":\"https:\\\/\\\/www.recircle.ch\\\/#website\",\"url\":\"https:\\\/\\\/www.recircle.ch\\\/\",\"name\":\"reCIRCLE\",\"description\":\"We love to reUSE!\",\"publisher\":{\"@id\":\"https:\\\/\\\/www.recircle.ch\\\/#organization\"},\"potentialAction\":[{\"@type\":\"SearchAction\",\"target\":{\"@type\":\"EntryPoint\",\"urlTemplate\":\"https:\\\/\\\/www.recircle.ch\\\/?s={search_term_string}\"},\"query-input\":{\"@type\":\"PropertyValueSpecification\",\"valueRequired\":true,\"valueName\":\"search_term_string\"}}],\"inLanguage\":\"fr-FR\"},{\"@type\":\"Organization\",\"@id\":\"https:\\\/\\\/www.recircle.ch\\\/#organization\",\"name\":\"reCIRCLE\",\"url\":\"https:\\\/\\\/www.recircle.ch\\\/\",\"logo\":{\"@type\":\"ImageObject\",\"inLanguage\":\"fr-FR\",\"@id\":\"https:\\\/\\\/www.recircle.ch\\\/#\\\/schema\\\/logo\\\/image\\\/\",\"url\":\"https:\\\/\\\/www.recircle.ch\\\/wp-content\\\/uploads\\\/2024\\\/01\\\/RC_Logo_aubergine_20grad_RGB.jpg\",\"contentUrl\":\"https:\\\/\\\/www.recircle.ch\\\/wp-content\\\/uploads\\\/2024\\\/01\\\/RC_Logo_aubergine_20grad_RGB.jpg\",\"width\":2362,\"height\":2362,\"caption\":\"reCIRCLE\"},\"image\":{\"@id\":\"https:\\\/\\\/www.recircle.ch\\\/#\\\/schema\\\/logo\\\/image\\\/\"},\"sameAs\":[\"https:\\\/\\\/www.facebook.com\\\/reCIRCLEnow\\\/\",\"https:\\\/\\\/www.instagram.com\\\/recirclenow\\\/\"]}]}<\/script>\n<!-- \/ Yoast SEO plugin. -->","yoast_head_json":{"title":"MEMBRE DU CA - PHILIPPE BAUD - reCIRCLE","robots":{"index":"index","follow":"follow","max-snippet":"max-snippet:-1","max-image-preview":"max-image-preview:large","max-video-preview":"max-video-preview:-1"},"canonical":"https:\/\/www.recircle.ch\/fr\/membre-du-ca-philippe-baud\/","og_locale":"fr_FR","og_type":"article","og_title":"MEMBRE DU CA - PHILIPPE BAUD - reCIRCLE","og_description":"[vc_row full_width=\u00a0\u00bbstretch_row\u00a0\u00bb full_height=\u00a0\u00bbyes\u00a0\u00bb css=\u00a0\u00bb.vc_custom_1655384404403{padding-top: 100px !important;padding-bottom: 160px !important;background-color: #ffffff !important;}\u00a0\u00bb][vc_column][vc_column_text] PHILIPPE BAUD [\/vc_column_text][vc_row_inner][vc_column_inner width=\u00a0\u00bb1\/2&Prime;][vc_single_image image=\u00a0\u00bb6739&Prime; img_size=\u00a0\u00bblarge\u00a0\u00bb style=\u00a0\u00bbvc_box_circle_2&Prime;][\/vc_column_inner][vc_column_inner width=\u00a0\u00bb1\/2&Prime;][vc_column_text css=\u00a0\u00bb\u00a0\u00bb el_class=\u00a0\u00bbteamcontent\u00a0\u00bb]\u00abUne entreprise qui r\u00e9ussit a besoin d&rsquo;une \u00e9quipe forte \u00e0 l&rsquo;ext\u00e9rieur et du soutien n\u00e9cessaire \u00e0 l&rsquo;int\u00e9rieur &#8211; et c&rsquo;est l\u00e0 que je mets la main \u00e0 la p\u00e2te\u00bb Responsable des finances\/RH et de l&rsquo;administration de [&hellip;]","og_url":"https:\/\/www.recircle.ch\/fr\/membre-du-ca-philippe-baud\/","og_site_name":"reCIRCLE","article_publisher":"https:\/\/www.facebook.com\/reCIRCLEnow\/","article_modified_time":"2025-07-22T12:56:46+00:00","og_image":[{"width":2350,"height":1519,"url":"https:\/\/www.recircle.ch\/wp-content\/uploads\/2022\/11\/reCIRCLE_Tavolata-1-scaled.jpg","type":"image\/jpeg"}],"twitter_card":"summary_large_image","twitter_misc":{"Dur\u00e9e de lecture estim\u00e9e":"1 minute"},"schema":{"@context":"https:\/\/schema.org","@graph":[{"@type":"WebPage","@id":"https:\/\/www.recircle.ch\/fr\/membre-du-ca-philippe-baud\/","url":"https:\/\/www.recircle.ch\/fr\/membre-du-ca-philippe-baud\/","name":"MEMBRE DU CA - PHILIPPE BAUD - reCIRCLE","isPartOf":{"@id":"https:\/\/www.recircle.ch\/#website"},"datePublished":"2022-08-04T12:38:17+00:00","dateModified":"2025-07-22T12:56:46+00:00","breadcrumb":{"@id":"https:\/\/www.recircle.ch\/fr\/membre-du-ca-philippe-baud\/#breadcrumb"},"inLanguage":"fr-FR","potentialAction":[{"@type":"ReadAction","target":["https:\/\/www.recircle.ch\/fr\/membre-du-ca-philippe-baud\/"]}]},{"@type":"BreadcrumbList","@id":"https:\/\/www.recircle.ch\/fr\/membre-du-ca-philippe-baud\/#breadcrumb","itemListElement":[{"@type":"ListItem","position":1,"name":"Home","item":"https:\/\/www.recircle.ch\/fr\/"},{"@type":"ListItem","position":2,"name":"MEMBRE DU CA &#8211; PHILIPPE BAUD"}]},{"@type":"WebSite","@id":"https:\/\/www.recircle.ch\/#website","url":"https:\/\/www.recircle.ch\/","name":"reCIRCLE","description":"We love to reUSE!","publisher":{"@id":"https:\/\/www.recircle.ch\/#organization"},"potentialAction":[{"@type":"SearchAction","target":{"@type":"EntryPoint","urlTemplate":"https:\/\/www.recircle.ch\/?s={search_term_string}"},"query-input":{"@type":"PropertyValueSpecification","valueRequired":true,"valueName":"search_term_string"}}],"inLanguage":"fr-FR"},{"@type":"Organization","@id":"https:\/\/www.recircle.ch\/#organization","name":"reCIRCLE","url":"https:\/\/www.recircle.ch\/","logo":{"@type":"ImageObject","inLanguage":"fr-FR","@id":"https:\/\/www.recircle.ch\/#\/schema\/logo\/image\/","url":"https:\/\/www.recircle.ch\/wp-content\/uploads\/2024\/01\/RC_Logo_aubergine_20grad_RGB.jpg","contentUrl":"https:\/\/www.recircle.ch\/wp-content\/uploads\/2024\/01\/RC_Logo_aubergine_20grad_RGB.jpg","width":2362,"height":2362,"caption":"reCIRCLE"},"image":{"@id":"https:\/\/www.recircle.ch\/#\/schema\/logo\/image\/"},"sameAs":["https:\/\/www.facebook.com\/reCIRCLEnow\/","https:\/\/www.instagram.com\/recirclenow\/"]}]}},"_links":{"self":[{"href":"https:\/\/www.recircle.ch\/fr\/wp-json\/wp\/v2\/pages\/9706","targetHints":{"allow":["GET"]}}],"collection":[{"href":"https:\/\/www.recircle.ch\/fr\/wp-json\/wp\/v2\/pages"}],"about":[{"href":"https:\/\/www.recircle.ch\/fr\/wp-json\/wp\/v2\/types\/page"}],"author":[{"embeddable":true,"href":"https:\/\/www.recircle.ch\/fr\/wp-json\/wp\/v2\/users\/4"}],"replies":[{"embeddable":true,"href":"https:\/\/www.recircle.ch\/fr\/wp-json\/wp\/v2\/comments?post=9706"}],"version-history":[{"count":1,"href":"https:\/\/www.recircle.ch\/fr\/wp-json\/wp\/v2\/pages\/9706\/revisions"}],"predecessor-version":[{"id":20368,"href":"https:\/\/www.recircle.ch\/fr\/wp-json\/wp\/v2\/pages\/9706\/revisions\/20368"}],"wp:attachment":[{"href":"https:\/\/www.recircle.ch\/fr\/wp-json\/wp\/v2\/media?parent=9706"}],"curies":[{"name":"wp","href":"https:\/\/api.w.org\/{rel}","templated":true}]}}