{"id":20610,"date":"2025-08-20T13:19:40","date_gmt":"2025-08-20T13:19:40","guid":{"rendered":"https:\/\/www.recircle.ch\/?page_id=20610"},"modified":"2026-02-26T06:44:06","modified_gmt":"2026-02-26T06:44:06","slug":"team-sophie-boesch","status":"publish","type":"page","link":"https:\/\/www.recircle.ch\/fr\/a-propos-de-nous\/team-sophie-boesch\/","title":{"rendered":"Team &#8211; Sophie B\u00f6sch"},"content":{"rendered":"<div class=\"wpb-content-wrapper\"><p>[vc_row full_width=\u00a0\u00bbstretch_row\u00a0\u00bb full_height=\u00a0\u00bbyes\u00a0\u00bb css=\u00a0\u00bb.vc_custom_1655384404403{padding-top: 100px !important;padding-bottom: 160px !important;background-color: #ffffff !important;}\u00a0\u00bb][vc_column][vc_column_text css=\u00a0\u00bb\u00a0\u00bb]<\/p>\n<h2>SOPHIE B\u00d6SCH<\/h2>\n<p>[\/vc_column_text][vc_row_inner][vc_column_inner width=\u00a0\u00bb1\/2&Prime;][vc_single_image image=\u00a0\u00bb21407&Prime; img_size=\u00a0\u00bblarge\u00a0\u00bb style=\u00a0\u00bbvc_box_circle_2&Prime; css=\u00a0\u00bb\u00a0\u00bb][\/vc_column_inner][vc_column_inner width=\u00a0\u00bb1\/2&Prime;][vc_column_text css=\u00a0\u00bb\u00a0\u00bb el_class=\u00a0\u00bbteamcontent\u00a0\u00bb]<em>\u201eIn omnia paratus.\u00a0\u00bb<\/em><\/p>\n<p>Sophie est stagiaire chez reCIRCLE. Elle nous apporte son soutien dans nos activit\u00e9s quotidiennes, mais aussi dans le domaine du marketing. Avec son regard neuf et ses id\u00e9es novatrices, elle soutient \u00e9galement notre \u00e9quipe charg\u00e9e des r\u00e9seaux sociaux et cr\u00e9e du contenu qui non seulement suit les tendances, mais transmet \u00e9galement des connaissances.<\/p>\n<p><strong>Formation:<\/strong> BA International Affairs \u00e0 l&rsquo;universit\u00e9 de Saint-Gall.<\/p>\n<p><strong>Exp\u00e9rience:<\/strong> Gr\u00e2ce \u00e0 ses nombreux emplois \u00e0 temps partiel, elle a pu s&rsquo;essayer \u00e0 tout, de la restauration \u00e0 la fiducie en passant par le marketing. Son m\u00e9moire de licence sur la responsabilit\u00e9 des entreprises l&rsquo;a finalement sensibilis\u00e9e \u00e0 l&rsquo;\u00e9conomie circulaire et aux solutions durables.[\/vc_column_text][vc_column_text css=\u00a0\u00bb\u00a0\u00bb el_class=\u00a0\u00bbteamcontent\u00a0\u00bb]<strong>reCIRCLE pr\u00e9f\u00e9r\u00e9e<\/strong><br \/>\nSon produit pr\u00e9f\u00e9r\u00e9 est l&rsquo;ISY L, parfait pour d\u00e9guster un chai latte sur le chemin du travail.[\/vc_column_text][vc_single_image image=\u00a0\u00bb18645&Prime; img_size=\u00a0\u00bblarge\u00a0\u00bb css=\u00a0\u00bb\u00a0\u00bb][\/vc_column_inner][\/vc_row_inner][\/vc_column][\/vc_row]<\/p>\n<\/div>","protected":false},"excerpt":{"rendered":"<p>[vc_row full_width=\u00a0\u00bbstretch_row\u00a0\u00bb full_height=\u00a0\u00bbyes\u00a0\u00bb css=\u00a0\u00bb.vc_custom_1655384404403{padding-top: 100px !important;padding-bottom: 160px !important;background-color: #ffffff !important;}\u00a0\u00bb][vc_column][vc_column_text css=\u00a0\u00bb\u00a0\u00bb] SOPHIE B\u00d6SCH [\/vc_column_text][vc_row_inner][vc_column_inner width=\u00a0\u00bb1\/2&Prime;][vc_single_image image=\u00a0\u00bb21407&Prime; img_size=\u00a0\u00bblarge\u00a0\u00bb style=\u00a0\u00bbvc_box_circle_2&Prime; css=\u00a0\u00bb\u00a0\u00bb][\/vc_column_inner][vc_column_inner width=\u00a0\u00bb1\/2&Prime;][vc_column_text css=\u00a0\u00bb\u00a0\u00bb el_class=\u00a0\u00bbteamcontent\u00a0\u00bb]\u201eIn omnia paratus.\u00a0\u00bb Sophie est stagiaire chez reCIRCLE. Elle nous apporte son soutien dans nos activit\u00e9s quotidiennes, mais aussi dans le domaine du marketing. Avec son regard neuf et ses id\u00e9es novatrices, elle soutient [&hellip;]<\/p>\n","protected":false},"author":11,"featured_media":0,"parent":17769,"menu_order":0,"comment_status":"closed","ping_status":"closed","template":"","meta":{"_acf_changed":false,"content-type":"","footnotes":""},"class_list":["post-20610","page","type-page","status-publish","hentry"],"acf":[],"yoast_head":"<!-- This site is optimized with the Yoast SEO plugin v27.3 - https:\/\/yoast.com\/product\/yoast-seo-wordpress\/ -->\n<title>Team - Sophie B\u00f6sch - reCIRCLE<\/title>\n<meta name=\"robots\" content=\"index, follow, max-snippet:-1, max-image-preview:large, max-video-preview:-1\" \/>\n<link rel=\"canonical\" href=\"https:\/\/www.recircle.ch\/fr\/a-propos-de-nous\/team-sophie-boesch\/\" \/>\n<meta property=\"og:locale\" content=\"fr_FR\" \/>\n<meta property=\"og:type\" content=\"article\" \/>\n<meta property=\"og:title\" content=\"Team - Sophie B\u00f6sch - reCIRCLE\" \/>\n<meta property=\"og:description\" content=\"[vc_row full_width=\u00a0\u00bbstretch_row\u00a0\u00bb full_height=\u00a0\u00bbyes\u00a0\u00bb css=\u00a0\u00bb.vc_custom_1655384404403{padding-top: 100px !important;padding-bottom: 160px !important;background-color: #ffffff !important;}\u00a0\u00bb][vc_column][vc_column_text css=\u00a0\u00bb\u00a0\u00bb] SOPHIE B\u00d6SCH [\/vc_column_text][vc_row_inner][vc_column_inner width=\u00a0\u00bb1\/2&Prime;][vc_single_image image=\u00a0\u00bb21407&Prime; img_size=\u00a0\u00bblarge\u00a0\u00bb style=\u00a0\u00bbvc_box_circle_2&Prime; css=\u00a0\u00bb\u00a0\u00bb][\/vc_column_inner][vc_column_inner width=\u00a0\u00bb1\/2&Prime;][vc_column_text css=\u00a0\u00bb\u00a0\u00bb el_class=\u00a0\u00bbteamcontent\u00a0\u00bb]\u201eIn omnia paratus.\u00a0\u00bb Sophie est stagiaire chez reCIRCLE. Elle nous apporte son soutien dans nos activit\u00e9s quotidiennes, mais aussi dans le domaine du marketing. Avec son regard neuf et ses id\u00e9es novatrices, elle soutient [&hellip;]\" \/>\n<meta property=\"og:url\" content=\"https:\/\/www.recircle.ch\/fr\/a-propos-de-nous\/team-sophie-boesch\/\" \/>\n<meta property=\"og:site_name\" content=\"reCIRCLE\" \/>\n<meta property=\"article:publisher\" content=\"https:\/\/www.facebook.com\/reCIRCLEnow\/\" \/>\n<meta property=\"article:modified_time\" content=\"2026-02-26T06:44:06+00:00\" \/>\n<meta property=\"og:image\" content=\"https:\/\/www.recircle.ch\/wp-content\/uploads\/2022\/11\/reCIRCLE_Tavolata-1-scaled.jpg\" \/>\n\t<meta property=\"og:image:width\" content=\"2350\" \/>\n\t<meta property=\"og:image:height\" content=\"1519\" \/>\n\t<meta property=\"og:image:type\" content=\"image\/jpeg\" \/>\n<meta name=\"twitter:card\" content=\"summary_large_image\" \/>\n<meta name=\"twitter:label1\" content=\"Dur\u00e9e de lecture estim\u00e9e\" \/>\n\t<meta name=\"twitter:data1\" content=\"2 minutes\" \/>\n<script type=\"application\/ld+json\" class=\"yoast-schema-graph\">{\"@context\":\"https:\\\/\\\/schema.org\",\"@graph\":[{\"@type\":\"WebPage\",\"@id\":\"https:\\\/\\\/www.recircle.ch\\\/fr\\\/a-propos-de-nous\\\/team-sophie-boesch\\\/\",\"url\":\"https:\\\/\\\/www.recircle.ch\\\/fr\\\/a-propos-de-nous\\\/team-sophie-boesch\\\/\",\"name\":\"Team - Sophie B\u00f6sch - reCIRCLE\",\"isPartOf\":{\"@id\":\"https:\\\/\\\/www.recircle.ch\\\/#website\"},\"datePublished\":\"2025-08-20T13:19:40+00:00\",\"dateModified\":\"2026-02-26T06:44:06+00:00\",\"breadcrumb\":{\"@id\":\"https:\\\/\\\/www.recircle.ch\\\/fr\\\/a-propos-de-nous\\\/team-sophie-boesch\\\/#breadcrumb\"},\"inLanguage\":\"fr-FR\",\"potentialAction\":[{\"@type\":\"ReadAction\",\"target\":[\"https:\\\/\\\/www.recircle.ch\\\/fr\\\/a-propos-de-nous\\\/team-sophie-boesch\\\/\"]}]},{\"@type\":\"BreadcrumbList\",\"@id\":\"https:\\\/\\\/www.recircle.ch\\\/fr\\\/a-propos-de-nous\\\/team-sophie-boesch\\\/#breadcrumb\",\"itemListElement\":[{\"@type\":\"ListItem\",\"position\":1,\"name\":\"Home\",\"item\":\"https:\\\/\\\/www.recircle.ch\\\/fr\\\/\"},{\"@type\":\"ListItem\",\"position\":2,\"name\":\"\u00c0 PROPOS DE NOUS\",\"item\":\"https:\\\/\\\/www.recircle.ch\\\/fr\\\/a-propos-de-nous\\\/\"},{\"@type\":\"ListItem\",\"position\":3,\"name\":\"Team &#8211; Sophie B\u00f6sch\"}]},{\"@type\":\"WebSite\",\"@id\":\"https:\\\/\\\/www.recircle.ch\\\/#website\",\"url\":\"https:\\\/\\\/www.recircle.ch\\\/\",\"name\":\"reCIRCLE\",\"description\":\"We love to reUSE!\",\"publisher\":{\"@id\":\"https:\\\/\\\/www.recircle.ch\\\/#organization\"},\"potentialAction\":[{\"@type\":\"SearchAction\",\"target\":{\"@type\":\"EntryPoint\",\"urlTemplate\":\"https:\\\/\\\/www.recircle.ch\\\/?s={search_term_string}\"},\"query-input\":{\"@type\":\"PropertyValueSpecification\",\"valueRequired\":true,\"valueName\":\"search_term_string\"}}],\"inLanguage\":\"fr-FR\"},{\"@type\":\"Organization\",\"@id\":\"https:\\\/\\\/www.recircle.ch\\\/#organization\",\"name\":\"reCIRCLE\",\"url\":\"https:\\\/\\\/www.recircle.ch\\\/\",\"logo\":{\"@type\":\"ImageObject\",\"inLanguage\":\"fr-FR\",\"@id\":\"https:\\\/\\\/www.recircle.ch\\\/#\\\/schema\\\/logo\\\/image\\\/\",\"url\":\"https:\\\/\\\/www.recircle.ch\\\/wp-content\\\/uploads\\\/2024\\\/01\\\/RC_Logo_aubergine_20grad_RGB.jpg\",\"contentUrl\":\"https:\\\/\\\/www.recircle.ch\\\/wp-content\\\/uploads\\\/2024\\\/01\\\/RC_Logo_aubergine_20grad_RGB.jpg\",\"width\":2362,\"height\":2362,\"caption\":\"reCIRCLE\"},\"image\":{\"@id\":\"https:\\\/\\\/www.recircle.ch\\\/#\\\/schema\\\/logo\\\/image\\\/\"},\"sameAs\":[\"https:\\\/\\\/www.facebook.com\\\/reCIRCLEnow\\\/\",\"https:\\\/\\\/www.instagram.com\\\/recirclenow\\\/\"]}]}<\/script>\n<!-- \/ Yoast SEO plugin. -->","yoast_head_json":{"title":"Team - Sophie B\u00f6sch - reCIRCLE","robots":{"index":"index","follow":"follow","max-snippet":"max-snippet:-1","max-image-preview":"max-image-preview:large","max-video-preview":"max-video-preview:-1"},"canonical":"https:\/\/www.recircle.ch\/fr\/a-propos-de-nous\/team-sophie-boesch\/","og_locale":"fr_FR","og_type":"article","og_title":"Team - Sophie B\u00f6sch - reCIRCLE","og_description":"[vc_row full_width=\u00a0\u00bbstretch_row\u00a0\u00bb full_height=\u00a0\u00bbyes\u00a0\u00bb css=\u00a0\u00bb.vc_custom_1655384404403{padding-top: 100px !important;padding-bottom: 160px !important;background-color: #ffffff !important;}\u00a0\u00bb][vc_column][vc_column_text css=\u00a0\u00bb\u00a0\u00bb] SOPHIE B\u00d6SCH [\/vc_column_text][vc_row_inner][vc_column_inner width=\u00a0\u00bb1\/2&Prime;][vc_single_image image=\u00a0\u00bb21407&Prime; img_size=\u00a0\u00bblarge\u00a0\u00bb style=\u00a0\u00bbvc_box_circle_2&Prime; css=\u00a0\u00bb\u00a0\u00bb][\/vc_column_inner][vc_column_inner width=\u00a0\u00bb1\/2&Prime;][vc_column_text css=\u00a0\u00bb\u00a0\u00bb el_class=\u00a0\u00bbteamcontent\u00a0\u00bb]\u201eIn omnia paratus.\u00a0\u00bb Sophie est stagiaire chez reCIRCLE. Elle nous apporte son soutien dans nos activit\u00e9s quotidiennes, mais aussi dans le domaine du marketing. Avec son regard neuf et ses id\u00e9es novatrices, elle soutient [&hellip;]","og_url":"https:\/\/www.recircle.ch\/fr\/a-propos-de-nous\/team-sophie-boesch\/","og_site_name":"reCIRCLE","article_publisher":"https:\/\/www.facebook.com\/reCIRCLEnow\/","article_modified_time":"2026-02-26T06:44:06+00:00","og_image":[{"width":2350,"height":1519,"url":"https:\/\/www.recircle.ch\/wp-content\/uploads\/2022\/11\/reCIRCLE_Tavolata-1-scaled.jpg","type":"image\/jpeg"}],"twitter_card":"summary_large_image","twitter_misc":{"Dur\u00e9e de lecture estim\u00e9e":"2 minutes"},"schema":{"@context":"https:\/\/schema.org","@graph":[{"@type":"WebPage","@id":"https:\/\/www.recircle.ch\/fr\/a-propos-de-nous\/team-sophie-boesch\/","url":"https:\/\/www.recircle.ch\/fr\/a-propos-de-nous\/team-sophie-boesch\/","name":"Team - Sophie B\u00f6sch - reCIRCLE","isPartOf":{"@id":"https:\/\/www.recircle.ch\/#website"},"datePublished":"2025-08-20T13:19:40+00:00","dateModified":"2026-02-26T06:44:06+00:00","breadcrumb":{"@id":"https:\/\/www.recircle.ch\/fr\/a-propos-de-nous\/team-sophie-boesch\/#breadcrumb"},"inLanguage":"fr-FR","potentialAction":[{"@type":"ReadAction","target":["https:\/\/www.recircle.ch\/fr\/a-propos-de-nous\/team-sophie-boesch\/"]}]},{"@type":"BreadcrumbList","@id":"https:\/\/www.recircle.ch\/fr\/a-propos-de-nous\/team-sophie-boesch\/#breadcrumb","itemListElement":[{"@type":"ListItem","position":1,"name":"Home","item":"https:\/\/www.recircle.ch\/fr\/"},{"@type":"ListItem","position":2,"name":"\u00c0 PROPOS DE NOUS","item":"https:\/\/www.recircle.ch\/fr\/a-propos-de-nous\/"},{"@type":"ListItem","position":3,"name":"Team &#8211; Sophie B\u00f6sch"}]},{"@type":"WebSite","@id":"https:\/\/www.recircle.ch\/#website","url":"https:\/\/www.recircle.ch\/","name":"reCIRCLE","description":"We love to reUSE!","publisher":{"@id":"https:\/\/www.recircle.ch\/#organization"},"potentialAction":[{"@type":"SearchAction","target":{"@type":"EntryPoint","urlTemplate":"https:\/\/www.recircle.ch\/?s={search_term_string}"},"query-input":{"@type":"PropertyValueSpecification","valueRequired":true,"valueName":"search_term_string"}}],"inLanguage":"fr-FR"},{"@type":"Organization","@id":"https:\/\/www.recircle.ch\/#organization","name":"reCIRCLE","url":"https:\/\/www.recircle.ch\/","logo":{"@type":"ImageObject","inLanguage":"fr-FR","@id":"https:\/\/www.recircle.ch\/#\/schema\/logo\/image\/","url":"https:\/\/www.recircle.ch\/wp-content\/uploads\/2024\/01\/RC_Logo_aubergine_20grad_RGB.jpg","contentUrl":"https:\/\/www.recircle.ch\/wp-content\/uploads\/2024\/01\/RC_Logo_aubergine_20grad_RGB.jpg","width":2362,"height":2362,"caption":"reCIRCLE"},"image":{"@id":"https:\/\/www.recircle.ch\/#\/schema\/logo\/image\/"},"sameAs":["https:\/\/www.facebook.com\/reCIRCLEnow\/","https:\/\/www.instagram.com\/recirclenow\/"]}]}},"_links":{"self":[{"href":"https:\/\/www.recircle.ch\/fr\/wp-json\/wp\/v2\/pages\/20610","targetHints":{"allow":["GET"]}}],"collection":[{"href":"https:\/\/www.recircle.ch\/fr\/wp-json\/wp\/v2\/pages"}],"about":[{"href":"https:\/\/www.recircle.ch\/fr\/wp-json\/wp\/v2\/types\/page"}],"author":[{"embeddable":true,"href":"https:\/\/www.recircle.ch\/fr\/wp-json\/wp\/v2\/users\/11"}],"replies":[{"embeddable":true,"href":"https:\/\/www.recircle.ch\/fr\/wp-json\/wp\/v2\/comments?post=20610"}],"version-history":[{"count":3,"href":"https:\/\/www.recircle.ch\/fr\/wp-json\/wp\/v2\/pages\/20610\/revisions"}],"predecessor-version":[{"id":21410,"href":"https:\/\/www.recircle.ch\/fr\/wp-json\/wp\/v2\/pages\/20610\/revisions\/21410"}],"up":[{"embeddable":true,"href":"https:\/\/www.recircle.ch\/fr\/wp-json\/wp\/v2\/pages\/17769"}],"wp:attachment":[{"href":"https:\/\/www.recircle.ch\/fr\/wp-json\/wp\/v2\/media?parent=20610"}],"curies":[{"name":"wp","href":"https:\/\/api.w.org\/{rel}","templated":true}]}}