{"id":20589,"date":"2025-08-15T12:08:00","date_gmt":"2025-08-15T12:08:00","guid":{"rendered":"https:\/\/www.recircle.ch\/?page_id=20589"},"modified":"2025-08-15T12:19:35","modified_gmt":"2025-08-15T12:19:35","slug":"team-ursina-haslebacher","status":"publish","type":"page","link":"https:\/\/www.recircle.ch\/fr\/a-propos-de-nous\/team-ursina-haslebacher\/","title":{"rendered":"Team &#8211; Ursina Haslebacher"},"content":{"rendered":"<div class=\"wpb-content-wrapper\"><p>[vc_row full_width=\u00a0\u00bbstretch_row\u00a0\u00bb full_height=\u00a0\u00bbyes\u00a0\u00bb css=\u00a0\u00bb.vc_custom_1655384404403{padding-top: 100px !important;padding-bottom: 160px !important;background-color: #ffffff !important;}\u00a0\u00bb][vc_column][vc_column_text css=\u00a0\u00bb\u00a0\u00bb]<\/p>\n<h2>URSINA HASLEBACHER<\/h2>\n<p>[\/vc_column_text][vc_row_inner][vc_column_inner width=\u00a0\u00bb1\/2&Prime;][vc_single_image image=\u00a0\u00bb8790&Prime; img_size=\u00a0\u00bblarge\u00a0\u00bb style=\u00a0\u00bbvc_box_circle_2&Prime; css=\u00a0\u00bb\u00a0\u00bb][\/vc_column_inner][vc_column_inner width=\u00a0\u00bb1\/2&Prime;][vc_column_text css=\u00a0\u00bb\u00a0\u00bb el_class=\u00a0\u00bbteamcontent\u00a0\u00bb]<em>\u00abLe chemin est le but.\u00bb<\/em> \u2013 Confucius<\/p>\n<p>Ursina fait partie de l&rsquo;\u00e9quipe depuis 2019 et a d\u00e9j\u00e0 travaill\u00e9 dans presque tous les domaines \u2013 communication, campagnes, acquisition et vente, d\u00e9veloppement de produits, divers projets \u2013 elle conna\u00eet pratiquement l&rsquo;entreprise sur le bout des doigts. C&rsquo;est pourquoi elle remplace r\u00e9guli\u00e8rement Jeannette lors d&rsquo;\u00e9v\u00e9nements et a d\u00e9j\u00e0 particip\u00e9 \u00e0 plusieurs reprises \u00e0 des tables rondes et des d\u00e9bats publics. Depuis 2024, elle est chef de projet dans le cadre de notre premier projet de recherche europ\u00e9en \u00ab <a href=\"http:\/\/www.stopp-project.eu\/\">STOPP<\/a> \u00bb, dont l&rsquo;objectif est de boucler les cycles des mat\u00e9riaux et de promouvoir le r\u00e9utilisable au niveau r\u00e9glementaire.<\/p>\n<p><strong>Formation:<\/strong> CAS en psychologie appliqu\u00e9e pour la strat\u00e9gie, le marketing et la communication, designer de produits HES<\/p>\n<p><strong>Exp\u00e9rience:<\/strong> Coordination et gestion de projets, d\u00e9veloppement de produits au sein d&rsquo;\u00e9quipes interdisciplinaires, diverses conf\u00e9rences et contributions th\u00e9matiques sur l&rsquo;\u00e9conomie circulaire, la sobri\u00e9t\u00e9 et le changement de comportement, communication cibl\u00e9e et gestion des r\u00e9seaux sociaux, gestion d&rsquo;\u00e9v\u00e9nements et de b\u00e9n\u00e9voles[\/vc_column_text][vc_column_text css=\u00a0\u00bb\u00a0\u00bb el_class=\u00a0\u00bbteamcontent\u00a0\u00bb]<strong>reCIRCLE pr\u00e9f\u00e9r\u00e9e<\/strong><br \/>\nElle adore remplir chaque jour sa reCIRCLE BOX 1S avec quelque chose de nouveau.[\/vc_column_text][vc_single_image image=\u00a0\u00bb16105&Prime; img_size=\u00a0\u00bblarge\u00a0\u00bb css=\u00a0\u00bb\u00a0\u00bb][\/vc_column_inner][\/vc_row_inner][\/vc_column][\/vc_row]<\/p>\n<\/div>","protected":false},"excerpt":{"rendered":"<p>[vc_row full_width=\u00a0\u00bbstretch_row\u00a0\u00bb full_height=\u00a0\u00bbyes\u00a0\u00bb css=\u00a0\u00bb.vc_custom_1655384404403{padding-top: 100px !important;padding-bottom: 160px !important;background-color: #ffffff !important;}\u00a0\u00bb][vc_column][vc_column_text css=\u00a0\u00bb\u00a0\u00bb] URSINA HASLEBACHER [\/vc_column_text][vc_row_inner][vc_column_inner width=\u00a0\u00bb1\/2&Prime;][vc_single_image image=\u00a0\u00bb8790&Prime; img_size=\u00a0\u00bblarge\u00a0\u00bb style=\u00a0\u00bbvc_box_circle_2&Prime; css=\u00a0\u00bb\u00a0\u00bb][\/vc_column_inner][vc_column_inner width=\u00a0\u00bb1\/2&Prime;][vc_column_text css=\u00a0\u00bb\u00a0\u00bb el_class=\u00a0\u00bbteamcontent\u00a0\u00bb]\u00abLe chemin est le but.\u00bb \u2013 Confucius Ursina fait partie de l&rsquo;\u00e9quipe depuis 2019 et a d\u00e9j\u00e0 travaill\u00e9 dans presque tous les domaines \u2013 communication, campagnes, acquisition et vente, d\u00e9veloppement de produits, divers projets [&hellip;]<\/p>\n","protected":false},"author":11,"featured_media":0,"parent":17769,"menu_order":0,"comment_status":"closed","ping_status":"closed","template":"","meta":{"_acf_changed":false,"content-type":"","footnotes":""},"class_list":["post-20589","page","type-page","status-publish","hentry"],"acf":[],"yoast_head":"<!-- This site is optimized with the Yoast SEO plugin v27.3 - https:\/\/yoast.com\/product\/yoast-seo-wordpress\/ -->\n<title>Team - Ursina Haslebacher - reCIRCLE<\/title>\n<meta name=\"robots\" content=\"index, follow, max-snippet:-1, max-image-preview:large, max-video-preview:-1\" \/>\n<link rel=\"canonical\" href=\"https:\/\/www.recircle.ch\/fr\/a-propos-de-nous\/team-ursina-haslebacher\/\" \/>\n<meta property=\"og:locale\" content=\"fr_FR\" \/>\n<meta property=\"og:type\" content=\"article\" \/>\n<meta property=\"og:title\" content=\"Team - Ursina Haslebacher - reCIRCLE\" \/>\n<meta property=\"og:description\" content=\"[vc_row full_width=\u00a0\u00bbstretch_row\u00a0\u00bb full_height=\u00a0\u00bbyes\u00a0\u00bb css=\u00a0\u00bb.vc_custom_1655384404403{padding-top: 100px !important;padding-bottom: 160px !important;background-color: #ffffff !important;}\u00a0\u00bb][vc_column][vc_column_text css=\u00a0\u00bb\u00a0\u00bb] URSINA HASLEBACHER [\/vc_column_text][vc_row_inner][vc_column_inner width=\u00a0\u00bb1\/2&Prime;][vc_single_image image=\u00a0\u00bb8790&Prime; img_size=\u00a0\u00bblarge\u00a0\u00bb style=\u00a0\u00bbvc_box_circle_2&Prime; css=\u00a0\u00bb\u00a0\u00bb][\/vc_column_inner][vc_column_inner width=\u00a0\u00bb1\/2&Prime;][vc_column_text css=\u00a0\u00bb\u00a0\u00bb el_class=\u00a0\u00bbteamcontent\u00a0\u00bb]\u00abLe chemin est le but.\u00bb \u2013 Confucius Ursina fait partie de l&rsquo;\u00e9quipe depuis 2019 et a d\u00e9j\u00e0 travaill\u00e9 dans presque tous les domaines \u2013 communication, campagnes, acquisition et vente, d\u00e9veloppement de produits, divers projets [&hellip;]\" \/>\n<meta property=\"og:url\" content=\"https:\/\/www.recircle.ch\/fr\/a-propos-de-nous\/team-ursina-haslebacher\/\" \/>\n<meta property=\"og:site_name\" content=\"reCIRCLE\" \/>\n<meta property=\"article:publisher\" content=\"https:\/\/www.facebook.com\/reCIRCLEnow\/\" \/>\n<meta property=\"article:modified_time\" content=\"2025-08-15T12:19:35+00:00\" \/>\n<meta property=\"og:image\" content=\"https:\/\/www.recircle.ch\/wp-content\/uploads\/2022\/11\/reCIRCLE_Tavolata-1-scaled.jpg\" \/>\n\t<meta property=\"og:image:width\" content=\"2350\" \/>\n\t<meta property=\"og:image:height\" content=\"1519\" \/>\n\t<meta property=\"og:image:type\" content=\"image\/jpeg\" \/>\n<meta name=\"twitter:card\" content=\"summary_large_image\" \/>\n<meta name=\"twitter:label1\" content=\"Dur\u00e9e de lecture estim\u00e9e\" \/>\n\t<meta name=\"twitter:data1\" content=\"2 minutes\" \/>\n<script type=\"application\/ld+json\" class=\"yoast-schema-graph\">{\"@context\":\"https:\\\/\\\/schema.org\",\"@graph\":[{\"@type\":\"WebPage\",\"@id\":\"https:\\\/\\\/www.recircle.ch\\\/fr\\\/a-propos-de-nous\\\/team-ursina-haslebacher\\\/\",\"url\":\"https:\\\/\\\/www.recircle.ch\\\/fr\\\/a-propos-de-nous\\\/team-ursina-haslebacher\\\/\",\"name\":\"Team - Ursina Haslebacher - reCIRCLE\",\"isPartOf\":{\"@id\":\"https:\\\/\\\/www.recircle.ch\\\/#website\"},\"datePublished\":\"2025-08-15T12:08:00+00:00\",\"dateModified\":\"2025-08-15T12:19:35+00:00\",\"breadcrumb\":{\"@id\":\"https:\\\/\\\/www.recircle.ch\\\/fr\\\/a-propos-de-nous\\\/team-ursina-haslebacher\\\/#breadcrumb\"},\"inLanguage\":\"fr-FR\",\"potentialAction\":[{\"@type\":\"ReadAction\",\"target\":[\"https:\\\/\\\/www.recircle.ch\\\/fr\\\/a-propos-de-nous\\\/team-ursina-haslebacher\\\/\"]}]},{\"@type\":\"BreadcrumbList\",\"@id\":\"https:\\\/\\\/www.recircle.ch\\\/fr\\\/a-propos-de-nous\\\/team-ursina-haslebacher\\\/#breadcrumb\",\"itemListElement\":[{\"@type\":\"ListItem\",\"position\":1,\"name\":\"Home\",\"item\":\"https:\\\/\\\/www.recircle.ch\\\/fr\\\/\"},{\"@type\":\"ListItem\",\"position\":2,\"name\":\"\u00c0 PROPOS DE NOUS\",\"item\":\"https:\\\/\\\/www.recircle.ch\\\/fr\\\/a-propos-de-nous\\\/\"},{\"@type\":\"ListItem\",\"position\":3,\"name\":\"Team &#8211; Ursina Haslebacher\"}]},{\"@type\":\"WebSite\",\"@id\":\"https:\\\/\\\/www.recircle.ch\\\/#website\",\"url\":\"https:\\\/\\\/www.recircle.ch\\\/\",\"name\":\"reCIRCLE\",\"description\":\"We love to reUSE!\",\"publisher\":{\"@id\":\"https:\\\/\\\/www.recircle.ch\\\/#organization\"},\"potentialAction\":[{\"@type\":\"SearchAction\",\"target\":{\"@type\":\"EntryPoint\",\"urlTemplate\":\"https:\\\/\\\/www.recircle.ch\\\/?s={search_term_string}\"},\"query-input\":{\"@type\":\"PropertyValueSpecification\",\"valueRequired\":true,\"valueName\":\"search_term_string\"}}],\"inLanguage\":\"fr-FR\"},{\"@type\":\"Organization\",\"@id\":\"https:\\\/\\\/www.recircle.ch\\\/#organization\",\"name\":\"reCIRCLE\",\"url\":\"https:\\\/\\\/www.recircle.ch\\\/\",\"logo\":{\"@type\":\"ImageObject\",\"inLanguage\":\"fr-FR\",\"@id\":\"https:\\\/\\\/www.recircle.ch\\\/#\\\/schema\\\/logo\\\/image\\\/\",\"url\":\"https:\\\/\\\/www.recircle.ch\\\/wp-content\\\/uploads\\\/2024\\\/01\\\/RC_Logo_aubergine_20grad_RGB.jpg\",\"contentUrl\":\"https:\\\/\\\/www.recircle.ch\\\/wp-content\\\/uploads\\\/2024\\\/01\\\/RC_Logo_aubergine_20grad_RGB.jpg\",\"width\":2362,\"height\":2362,\"caption\":\"reCIRCLE\"},\"image\":{\"@id\":\"https:\\\/\\\/www.recircle.ch\\\/#\\\/schema\\\/logo\\\/image\\\/\"},\"sameAs\":[\"https:\\\/\\\/www.facebook.com\\\/reCIRCLEnow\\\/\",\"https:\\\/\\\/www.instagram.com\\\/recirclenow\\\/\"]}]}<\/script>\n<!-- \/ Yoast SEO plugin. -->","yoast_head_json":{"title":"Team - Ursina Haslebacher - reCIRCLE","robots":{"index":"index","follow":"follow","max-snippet":"max-snippet:-1","max-image-preview":"max-image-preview:large","max-video-preview":"max-video-preview:-1"},"canonical":"https:\/\/www.recircle.ch\/fr\/a-propos-de-nous\/team-ursina-haslebacher\/","og_locale":"fr_FR","og_type":"article","og_title":"Team - Ursina Haslebacher - reCIRCLE","og_description":"[vc_row full_width=\u00a0\u00bbstretch_row\u00a0\u00bb full_height=\u00a0\u00bbyes\u00a0\u00bb css=\u00a0\u00bb.vc_custom_1655384404403{padding-top: 100px !important;padding-bottom: 160px !important;background-color: #ffffff !important;}\u00a0\u00bb][vc_column][vc_column_text css=\u00a0\u00bb\u00a0\u00bb] URSINA HASLEBACHER [\/vc_column_text][vc_row_inner][vc_column_inner width=\u00a0\u00bb1\/2&Prime;][vc_single_image image=\u00a0\u00bb8790&Prime; img_size=\u00a0\u00bblarge\u00a0\u00bb style=\u00a0\u00bbvc_box_circle_2&Prime; css=\u00a0\u00bb\u00a0\u00bb][\/vc_column_inner][vc_column_inner width=\u00a0\u00bb1\/2&Prime;][vc_column_text css=\u00a0\u00bb\u00a0\u00bb el_class=\u00a0\u00bbteamcontent\u00a0\u00bb]\u00abLe chemin est le but.\u00bb \u2013 Confucius Ursina fait partie de l&rsquo;\u00e9quipe depuis 2019 et a d\u00e9j\u00e0 travaill\u00e9 dans presque tous les domaines \u2013 communication, campagnes, acquisition et vente, d\u00e9veloppement de produits, divers projets [&hellip;]","og_url":"https:\/\/www.recircle.ch\/fr\/a-propos-de-nous\/team-ursina-haslebacher\/","og_site_name":"reCIRCLE","article_publisher":"https:\/\/www.facebook.com\/reCIRCLEnow\/","article_modified_time":"2025-08-15T12:19:35+00:00","og_image":[{"width":2350,"height":1519,"url":"https:\/\/www.recircle.ch\/wp-content\/uploads\/2022\/11\/reCIRCLE_Tavolata-1-scaled.jpg","type":"image\/jpeg"}],"twitter_card":"summary_large_image","twitter_misc":{"Dur\u00e9e de lecture estim\u00e9e":"2 minutes"},"schema":{"@context":"https:\/\/schema.org","@graph":[{"@type":"WebPage","@id":"https:\/\/www.recircle.ch\/fr\/a-propos-de-nous\/team-ursina-haslebacher\/","url":"https:\/\/www.recircle.ch\/fr\/a-propos-de-nous\/team-ursina-haslebacher\/","name":"Team - Ursina Haslebacher - reCIRCLE","isPartOf":{"@id":"https:\/\/www.recircle.ch\/#website"},"datePublished":"2025-08-15T12:08:00+00:00","dateModified":"2025-08-15T12:19:35+00:00","breadcrumb":{"@id":"https:\/\/www.recircle.ch\/fr\/a-propos-de-nous\/team-ursina-haslebacher\/#breadcrumb"},"inLanguage":"fr-FR","potentialAction":[{"@type":"ReadAction","target":["https:\/\/www.recircle.ch\/fr\/a-propos-de-nous\/team-ursina-haslebacher\/"]}]},{"@type":"BreadcrumbList","@id":"https:\/\/www.recircle.ch\/fr\/a-propos-de-nous\/team-ursina-haslebacher\/#breadcrumb","itemListElement":[{"@type":"ListItem","position":1,"name":"Home","item":"https:\/\/www.recircle.ch\/fr\/"},{"@type":"ListItem","position":2,"name":"\u00c0 PROPOS DE NOUS","item":"https:\/\/www.recircle.ch\/fr\/a-propos-de-nous\/"},{"@type":"ListItem","position":3,"name":"Team &#8211; Ursina Haslebacher"}]},{"@type":"WebSite","@id":"https:\/\/www.recircle.ch\/#website","url":"https:\/\/www.recircle.ch\/","name":"reCIRCLE","description":"We love to reUSE!","publisher":{"@id":"https:\/\/www.recircle.ch\/#organization"},"potentialAction":[{"@type":"SearchAction","target":{"@type":"EntryPoint","urlTemplate":"https:\/\/www.recircle.ch\/?s={search_term_string}"},"query-input":{"@type":"PropertyValueSpecification","valueRequired":true,"valueName":"search_term_string"}}],"inLanguage":"fr-FR"},{"@type":"Organization","@id":"https:\/\/www.recircle.ch\/#organization","name":"reCIRCLE","url":"https:\/\/www.recircle.ch\/","logo":{"@type":"ImageObject","inLanguage":"fr-FR","@id":"https:\/\/www.recircle.ch\/#\/schema\/logo\/image\/","url":"https:\/\/www.recircle.ch\/wp-content\/uploads\/2024\/01\/RC_Logo_aubergine_20grad_RGB.jpg","contentUrl":"https:\/\/www.recircle.ch\/wp-content\/uploads\/2024\/01\/RC_Logo_aubergine_20grad_RGB.jpg","width":2362,"height":2362,"caption":"reCIRCLE"},"image":{"@id":"https:\/\/www.recircle.ch\/#\/schema\/logo\/image\/"},"sameAs":["https:\/\/www.facebook.com\/reCIRCLEnow\/","https:\/\/www.instagram.com\/recirclenow\/"]}]}},"_links":{"self":[{"href":"https:\/\/www.recircle.ch\/fr\/wp-json\/wp\/v2\/pages\/20589","targetHints":{"allow":["GET"]}}],"collection":[{"href":"https:\/\/www.recircle.ch\/fr\/wp-json\/wp\/v2\/pages"}],"about":[{"href":"https:\/\/www.recircle.ch\/fr\/wp-json\/wp\/v2\/types\/page"}],"author":[{"embeddable":true,"href":"https:\/\/www.recircle.ch\/fr\/wp-json\/wp\/v2\/users\/11"}],"replies":[{"embeddable":true,"href":"https:\/\/www.recircle.ch\/fr\/wp-json\/wp\/v2\/comments?post=20589"}],"version-history":[{"count":1,"href":"https:\/\/www.recircle.ch\/fr\/wp-json\/wp\/v2\/pages\/20589\/revisions"}],"predecessor-version":[{"id":20592,"href":"https:\/\/www.recircle.ch\/fr\/wp-json\/wp\/v2\/pages\/20589\/revisions\/20592"}],"up":[{"embeddable":true,"href":"https:\/\/www.recircle.ch\/fr\/wp-json\/wp\/v2\/pages\/17769"}],"wp:attachment":[{"href":"https:\/\/www.recircle.ch\/fr\/wp-json\/wp\/v2\/media?parent=20589"}],"curies":[{"name":"wp","href":"https:\/\/api.w.org\/{rel}","templated":true}]}}