{"id":15062,"date":"2023-08-14T15:11:08","date_gmt":"2023-08-14T15:11:08","guid":{"rendered":"https:\/\/www.recircle.ch\/?page_id=15062"},"modified":"2025-07-22T13:29:44","modified_gmt":"2025-07-22T13:29:44","slug":"team-noemie-sommer","status":"publish","type":"page","link":"https:\/\/www.recircle.ch\/fr\/a-propos-de-nous\/team-noemie-sommer\/","title":{"rendered":"Team &#8211; No\u00e9mie Sommer"},"content":{"rendered":"<div class=\"wpb-content-wrapper\"><p>[vc_row full_width=\u00a0\u00bbstretch_row\u00a0\u00bb full_height=\u00a0\u00bbyes\u00a0\u00bb css=\u00a0\u00bb.vc_custom_1655384404403{padding-top: 100px !important;padding-bottom: 160px !important;background-color: #ffffff !important;}\u00a0\u00bb][vc_column][vc_column_text]<\/p>\n<h2>NO\u00c9MIE SOMMER<\/h2>\n<p>[\/vc_column_text][vc_row_inner][vc_column_inner width=\u00a0\u00bb1\/2&Prime;][vc_single_image image=\u00a0\u00bb17041&Prime; img_size=\u00a0\u00bblarge\u00a0\u00bb style=\u00a0\u00bbvc_box_circle_2&Prime;][\/vc_column_inner][vc_column_inner width=\u00a0\u00bb1\/2&Prime;][vc_column_text css=\u00a0\u00bb\u00a0\u00bb el_class=\u00a0\u00bbteamcontent\u00a0\u00bb]<em>\u00abSois toi-m\u00eame le changement que tu souhaites pour ce monde.\u00bb<\/em>\u00a0&#8211; Mahatma Gandhi<\/p>\n<p>No\u00e9mie est notre experte en mati\u00e8re de marque, de contenu et de communication digitale. Elle assure la visibilit\u00e9, la compr\u00e9hension et l&rsquo;inspiration de reCIRCLE sur tous les canaux &#8211; de mani\u00e8re strat\u00e9giquement r\u00e9fl\u00e9chie et cr\u00e9ativement mise en \u0153uvre. Qu&rsquo;il s&rsquo;agisse des m\u00e9dias sociaux, du web, des campagnes ou de l&rsquo;impression : elle met les contenus en \u00e9vidence et les messages de marque en mouvement. Elle pense en termes de groupes cibles, de couleurs et de formats &#8211; tout en gardant une vue globale. Elle planifie, r\u00e9dige, met en forme, analyse &#8211; et soutient \u00e9galement nos entreprises partenaires avec sa force de communication.<\/p>\n<p><strong>Formation:<\/strong> Bachelor of Applied Science in Media Engineering \/ Multimedia Production, maturit\u00e9 professionnelle dans le domaine des services, Gestionnaire du commerce de d\u00e9tail CFC.<\/p>\n<p><strong>Exp\u00e9rience professionnelle:<\/strong> cr\u00e9ation de contenu et gestion des m\u00e9dias sociaux, d\u00e9veloppement et mise en \u0153uvre de strat\u00e9gies de communication digitale, webdesign et SEO, production de contenus multim\u00e9dias (vid\u00e9o, graphisme, animation, branding), automatisation du marketing et planification de campagnes, storytelling adapt\u00e9 au groupe cible sur divers canaux, compr\u00e9hension technique de l&rsquo;UX et des performances web.[\/vc_column_text][vc_column_text el_class=\u00a0\u00bbteamcontent\u00a0\u00bb]<strong>reCIRCLE pr\u00e9f\u00e9r\u00e9e<br \/>\n<\/strong>Elle aime prendre son caf\u00e9 du matin dans le ISY M.[\/vc_column_text][vc_single_image image=\u00a0\u00bb16193&Prime; img_size=\u00a0\u00bblarge\u00a0\u00bb][\/vc_column_inner][\/vc_row_inner][\/vc_column][\/vc_row]<\/p>\n<\/div>","protected":false},"excerpt":{"rendered":"<p>[vc_row full_width=\u00a0\u00bbstretch_row\u00a0\u00bb full_height=\u00a0\u00bbyes\u00a0\u00bb css=\u00a0\u00bb.vc_custom_1655384404403{padding-top: 100px !important;padding-bottom: 160px !important;background-color: #ffffff !important;}\u00a0\u00bb][vc_column][vc_column_text] NO\u00c9MIE SOMMER [\/vc_column_text][vc_row_inner][vc_column_inner width=\u00a0\u00bb1\/2&Prime;][vc_single_image image=\u00a0\u00bb17041&Prime; img_size=\u00a0\u00bblarge\u00a0\u00bb style=\u00a0\u00bbvc_box_circle_2&Prime;][\/vc_column_inner][vc_column_inner width=\u00a0\u00bb1\/2&Prime;][vc_column_text css=\u00a0\u00bb\u00a0\u00bb el_class=\u00a0\u00bbteamcontent\u00a0\u00bb]\u00abSois toi-m\u00eame le changement que tu souhaites pour ce monde.\u00bb\u00a0&#8211; Mahatma Gandhi No\u00e9mie est notre experte en mati\u00e8re de marque, de contenu et de communication digitale. Elle assure la visibilit\u00e9, la compr\u00e9hension et l&rsquo;inspiration de reCIRCLE [&hellip;]<\/p>\n","protected":false},"author":4,"featured_media":0,"parent":17769,"menu_order":0,"comment_status":"closed","ping_status":"closed","template":"","meta":{"_acf_changed":false,"content-type":"","footnotes":""},"class_list":["post-15062","page","type-page","status-publish","hentry"],"acf":[],"yoast_head":"<!-- This site is optimized with the Yoast SEO plugin v27.3 - https:\/\/yoast.com\/product\/yoast-seo-wordpress\/ -->\n<title>Team - No\u00e9mie Sommer - reCIRCLE<\/title>\n<meta name=\"robots\" content=\"index, follow, max-snippet:-1, max-image-preview:large, max-video-preview:-1\" \/>\n<link rel=\"canonical\" href=\"https:\/\/www.recircle.ch\/fr\/a-propos-de-nous\/team-noemie-sommer\/\" \/>\n<meta property=\"og:locale\" content=\"fr_FR\" \/>\n<meta property=\"og:type\" content=\"article\" \/>\n<meta property=\"og:title\" content=\"Team - No\u00e9mie Sommer - reCIRCLE\" \/>\n<meta property=\"og:description\" content=\"[vc_row full_width=\u00a0\u00bbstretch_row\u00a0\u00bb full_height=\u00a0\u00bbyes\u00a0\u00bb css=\u00a0\u00bb.vc_custom_1655384404403{padding-top: 100px !important;padding-bottom: 160px !important;background-color: #ffffff !important;}\u00a0\u00bb][vc_column][vc_column_text] NO\u00c9MIE SOMMER [\/vc_column_text][vc_row_inner][vc_column_inner width=\u00a0\u00bb1\/2&Prime;][vc_single_image image=\u00a0\u00bb17041&Prime; img_size=\u00a0\u00bblarge\u00a0\u00bb style=\u00a0\u00bbvc_box_circle_2&Prime;][\/vc_column_inner][vc_column_inner width=\u00a0\u00bb1\/2&Prime;][vc_column_text css=\u00a0\u00bb\u00a0\u00bb el_class=\u00a0\u00bbteamcontent\u00a0\u00bb]\u00abSois toi-m\u00eame le changement que tu souhaites pour ce monde.\u00bb\u00a0&#8211; Mahatma Gandhi No\u00e9mie est notre experte en mati\u00e8re de marque, de contenu et de communication digitale. Elle assure la visibilit\u00e9, la compr\u00e9hension et l&rsquo;inspiration de reCIRCLE [&hellip;]\" \/>\n<meta property=\"og:url\" content=\"https:\/\/www.recircle.ch\/fr\/a-propos-de-nous\/team-noemie-sommer\/\" \/>\n<meta property=\"og:site_name\" content=\"reCIRCLE\" \/>\n<meta property=\"article:publisher\" content=\"https:\/\/www.facebook.com\/reCIRCLEnow\/\" \/>\n<meta property=\"article:modified_time\" content=\"2025-07-22T13:29:44+00:00\" \/>\n<meta property=\"og:image\" content=\"https:\/\/www.recircle.ch\/wp-content\/uploads\/2022\/11\/reCIRCLE_Tavolata-1-scaled.jpg\" \/>\n\t<meta property=\"og:image:width\" content=\"2350\" \/>\n\t<meta property=\"og:image:height\" content=\"1519\" \/>\n\t<meta property=\"og:image:type\" content=\"image\/jpeg\" \/>\n<meta name=\"twitter:card\" content=\"summary_large_image\" \/>\n<meta name=\"twitter:label1\" content=\"Dur\u00e9e de lecture estim\u00e9e\" \/>\n\t<meta name=\"twitter:data1\" content=\"1 minute\" \/>\n<script type=\"application\/ld+json\" class=\"yoast-schema-graph\">{\"@context\":\"https:\\\/\\\/schema.org\",\"@graph\":[{\"@type\":\"WebPage\",\"@id\":\"https:\\\/\\\/www.recircle.ch\\\/fr\\\/a-propos-de-nous\\\/team-noemie-sommer\\\/\",\"url\":\"https:\\\/\\\/www.recircle.ch\\\/fr\\\/a-propos-de-nous\\\/team-noemie-sommer\\\/\",\"name\":\"Team - No\u00e9mie Sommer - reCIRCLE\",\"isPartOf\":{\"@id\":\"https:\\\/\\\/www.recircle.ch\\\/#website\"},\"datePublished\":\"2023-08-14T15:11:08+00:00\",\"dateModified\":\"2025-07-22T13:29:44+00:00\",\"breadcrumb\":{\"@id\":\"https:\\\/\\\/www.recircle.ch\\\/fr\\\/a-propos-de-nous\\\/team-noemie-sommer\\\/#breadcrumb\"},\"inLanguage\":\"fr-FR\",\"potentialAction\":[{\"@type\":\"ReadAction\",\"target\":[\"https:\\\/\\\/www.recircle.ch\\\/fr\\\/a-propos-de-nous\\\/team-noemie-sommer\\\/\"]}]},{\"@type\":\"BreadcrumbList\",\"@id\":\"https:\\\/\\\/www.recircle.ch\\\/fr\\\/a-propos-de-nous\\\/team-noemie-sommer\\\/#breadcrumb\",\"itemListElement\":[{\"@type\":\"ListItem\",\"position\":1,\"name\":\"Home\",\"item\":\"https:\\\/\\\/www.recircle.ch\\\/fr\\\/\"},{\"@type\":\"ListItem\",\"position\":2,\"name\":\"\u00c0 PROPOS DE NOUS\",\"item\":\"https:\\\/\\\/www.recircle.ch\\\/fr\\\/a-propos-de-nous\\\/\"},{\"@type\":\"ListItem\",\"position\":3,\"name\":\"Team &#8211; No\u00e9mie Sommer\"}]},{\"@type\":\"WebSite\",\"@id\":\"https:\\\/\\\/www.recircle.ch\\\/#website\",\"url\":\"https:\\\/\\\/www.recircle.ch\\\/\",\"name\":\"reCIRCLE\",\"description\":\"We love to reUSE!\",\"publisher\":{\"@id\":\"https:\\\/\\\/www.recircle.ch\\\/#organization\"},\"potentialAction\":[{\"@type\":\"SearchAction\",\"target\":{\"@type\":\"EntryPoint\",\"urlTemplate\":\"https:\\\/\\\/www.recircle.ch\\\/?s={search_term_string}\"},\"query-input\":{\"@type\":\"PropertyValueSpecification\",\"valueRequired\":true,\"valueName\":\"search_term_string\"}}],\"inLanguage\":\"fr-FR\"},{\"@type\":\"Organization\",\"@id\":\"https:\\\/\\\/www.recircle.ch\\\/#organization\",\"name\":\"reCIRCLE\",\"url\":\"https:\\\/\\\/www.recircle.ch\\\/\",\"logo\":{\"@type\":\"ImageObject\",\"inLanguage\":\"fr-FR\",\"@id\":\"https:\\\/\\\/www.recircle.ch\\\/#\\\/schema\\\/logo\\\/image\\\/\",\"url\":\"https:\\\/\\\/www.recircle.ch\\\/wp-content\\\/uploads\\\/2024\\\/01\\\/RC_Logo_aubergine_20grad_RGB.jpg\",\"contentUrl\":\"https:\\\/\\\/www.recircle.ch\\\/wp-content\\\/uploads\\\/2024\\\/01\\\/RC_Logo_aubergine_20grad_RGB.jpg\",\"width\":2362,\"height\":2362,\"caption\":\"reCIRCLE\"},\"image\":{\"@id\":\"https:\\\/\\\/www.recircle.ch\\\/#\\\/schema\\\/logo\\\/image\\\/\"},\"sameAs\":[\"https:\\\/\\\/www.facebook.com\\\/reCIRCLEnow\\\/\",\"https:\\\/\\\/www.instagram.com\\\/recirclenow\\\/\"]}]}<\/script>\n<!-- \/ Yoast SEO plugin. -->","yoast_head_json":{"title":"Team - No\u00e9mie Sommer - reCIRCLE","robots":{"index":"index","follow":"follow","max-snippet":"max-snippet:-1","max-image-preview":"max-image-preview:large","max-video-preview":"max-video-preview:-1"},"canonical":"https:\/\/www.recircle.ch\/fr\/a-propos-de-nous\/team-noemie-sommer\/","og_locale":"fr_FR","og_type":"article","og_title":"Team - No\u00e9mie Sommer - reCIRCLE","og_description":"[vc_row full_width=\u00a0\u00bbstretch_row\u00a0\u00bb full_height=\u00a0\u00bbyes\u00a0\u00bb css=\u00a0\u00bb.vc_custom_1655384404403{padding-top: 100px !important;padding-bottom: 160px !important;background-color: #ffffff !important;}\u00a0\u00bb][vc_column][vc_column_text] NO\u00c9MIE SOMMER [\/vc_column_text][vc_row_inner][vc_column_inner width=\u00a0\u00bb1\/2&Prime;][vc_single_image image=\u00a0\u00bb17041&Prime; img_size=\u00a0\u00bblarge\u00a0\u00bb style=\u00a0\u00bbvc_box_circle_2&Prime;][\/vc_column_inner][vc_column_inner width=\u00a0\u00bb1\/2&Prime;][vc_column_text css=\u00a0\u00bb\u00a0\u00bb el_class=\u00a0\u00bbteamcontent\u00a0\u00bb]\u00abSois toi-m\u00eame le changement que tu souhaites pour ce monde.\u00bb\u00a0&#8211; Mahatma Gandhi No\u00e9mie est notre experte en mati\u00e8re de marque, de contenu et de communication digitale. Elle assure la visibilit\u00e9, la compr\u00e9hension et l&rsquo;inspiration de reCIRCLE [&hellip;]","og_url":"https:\/\/www.recircle.ch\/fr\/a-propos-de-nous\/team-noemie-sommer\/","og_site_name":"reCIRCLE","article_publisher":"https:\/\/www.facebook.com\/reCIRCLEnow\/","article_modified_time":"2025-07-22T13:29:44+00:00","og_image":[{"width":2350,"height":1519,"url":"https:\/\/www.recircle.ch\/wp-content\/uploads\/2022\/11\/reCIRCLE_Tavolata-1-scaled.jpg","type":"image\/jpeg"}],"twitter_card":"summary_large_image","twitter_misc":{"Dur\u00e9e de lecture estim\u00e9e":"1 minute"},"schema":{"@context":"https:\/\/schema.org","@graph":[{"@type":"WebPage","@id":"https:\/\/www.recircle.ch\/fr\/a-propos-de-nous\/team-noemie-sommer\/","url":"https:\/\/www.recircle.ch\/fr\/a-propos-de-nous\/team-noemie-sommer\/","name":"Team - No\u00e9mie Sommer - reCIRCLE","isPartOf":{"@id":"https:\/\/www.recircle.ch\/#website"},"datePublished":"2023-08-14T15:11:08+00:00","dateModified":"2025-07-22T13:29:44+00:00","breadcrumb":{"@id":"https:\/\/www.recircle.ch\/fr\/a-propos-de-nous\/team-noemie-sommer\/#breadcrumb"},"inLanguage":"fr-FR","potentialAction":[{"@type":"ReadAction","target":["https:\/\/www.recircle.ch\/fr\/a-propos-de-nous\/team-noemie-sommer\/"]}]},{"@type":"BreadcrumbList","@id":"https:\/\/www.recircle.ch\/fr\/a-propos-de-nous\/team-noemie-sommer\/#breadcrumb","itemListElement":[{"@type":"ListItem","position":1,"name":"Home","item":"https:\/\/www.recircle.ch\/fr\/"},{"@type":"ListItem","position":2,"name":"\u00c0 PROPOS DE NOUS","item":"https:\/\/www.recircle.ch\/fr\/a-propos-de-nous\/"},{"@type":"ListItem","position":3,"name":"Team &#8211; No\u00e9mie Sommer"}]},{"@type":"WebSite","@id":"https:\/\/www.recircle.ch\/#website","url":"https:\/\/www.recircle.ch\/","name":"reCIRCLE","description":"We love to reUSE!","publisher":{"@id":"https:\/\/www.recircle.ch\/#organization"},"potentialAction":[{"@type":"SearchAction","target":{"@type":"EntryPoint","urlTemplate":"https:\/\/www.recircle.ch\/?s={search_term_string}"},"query-input":{"@type":"PropertyValueSpecification","valueRequired":true,"valueName":"search_term_string"}}],"inLanguage":"fr-FR"},{"@type":"Organization","@id":"https:\/\/www.recircle.ch\/#organization","name":"reCIRCLE","url":"https:\/\/www.recircle.ch\/","logo":{"@type":"ImageObject","inLanguage":"fr-FR","@id":"https:\/\/www.recircle.ch\/#\/schema\/logo\/image\/","url":"https:\/\/www.recircle.ch\/wp-content\/uploads\/2024\/01\/RC_Logo_aubergine_20grad_RGB.jpg","contentUrl":"https:\/\/www.recircle.ch\/wp-content\/uploads\/2024\/01\/RC_Logo_aubergine_20grad_RGB.jpg","width":2362,"height":2362,"caption":"reCIRCLE"},"image":{"@id":"https:\/\/www.recircle.ch\/#\/schema\/logo\/image\/"},"sameAs":["https:\/\/www.facebook.com\/reCIRCLEnow\/","https:\/\/www.instagram.com\/recirclenow\/"]}]}},"_links":{"self":[{"href":"https:\/\/www.recircle.ch\/fr\/wp-json\/wp\/v2\/pages\/15062","targetHints":{"allow":["GET"]}}],"collection":[{"href":"https:\/\/www.recircle.ch\/fr\/wp-json\/wp\/v2\/pages"}],"about":[{"href":"https:\/\/www.recircle.ch\/fr\/wp-json\/wp\/v2\/types\/page"}],"author":[{"embeddable":true,"href":"https:\/\/www.recircle.ch\/fr\/wp-json\/wp\/v2\/users\/4"}],"replies":[{"embeddable":true,"href":"https:\/\/www.recircle.ch\/fr\/wp-json\/wp\/v2\/comments?post=15062"}],"version-history":[{"count":1,"href":"https:\/\/www.recircle.ch\/fr\/wp-json\/wp\/v2\/pages\/15062\/revisions"}],"predecessor-version":[{"id":20377,"href":"https:\/\/www.recircle.ch\/fr\/wp-json\/wp\/v2\/pages\/15062\/revisions\/20377"}],"up":[{"embeddable":true,"href":"https:\/\/www.recircle.ch\/fr\/wp-json\/wp\/v2\/pages\/17769"}],"wp:attachment":[{"href":"https:\/\/www.recircle.ch\/fr\/wp-json\/wp\/v2\/media?parent=15062"}],"curies":[{"name":"wp","href":"https:\/\/api.w.org\/{rel}","templated":true}]}}