{"id":11687,"date":"2022-08-23T12:23:20","date_gmt":"2022-08-23T12:23:20","guid":{"rendered":"https:\/\/www.recircle.ch\/je-participe\/"},"modified":"2026-03-13T12:21:30","modified_gmt":"2026-03-13T12:21:30","slug":"je-participe","status":"publish","type":"page","link":"https:\/\/www.recircle.ch\/fr\/je-participe\/","title":{"rendered":"Je participe !"},"content":{"rendered":"<div class=\"wpb-content-wrapper\"><p>[vc_row full_width=\u00a0\u00bbstretch_row\u00a0\u00bb equal_height=\u00a0\u00bbyes\u00a0\u00bb content_placement=\u00a0\u00bbmiddle\u00a0\u00bb bg_type=\u00a0\u00bbbg_color\u00a0\u00bb bg_color_value=\u00a0\u00bb#fafafa\u00a0\u00bb css=\u00a0\u00bb.vc_custom_1651242783995{padding-top: 90px !important;padding-bottom: 120px !important;background-color: #ffffff !important;}\u00a0\u00bb][vc_column][vc_empty_space height=\u00a0\u00bb45px\u00a0\u00bb][vc_column_text css=\u00a0\u00bb\u00a0\u00bb]<\/p>\n<h1 style=\"text-align: center;\">CHOISISSEZ VOTRE OFFRE<\/h1>\n<p>[\/vc_column_text][vc_single_image image=\u00a0\u00bb20345&Prime; img_size=\u00a0\u00bbfull\u00a0\u00bb alignment=\u00a0\u00bbcenter\u00a0\u00bb style=\u00a0\u00bbvc_box_circle_2&Prime; css=\u00a0\u00bb\u00a0\u00bb][vc_column_text css=\u00a0\u00bb\u00a0\u00bb el_class=\u00a0\u00bbcontent800&Prime;]<\/p>\n<p style=\"text-align: center;\">Vous voulez proposer des contenants r\u00e9utilisables de qualit\u00e9 \u00e0 votre client\u00e8le?\u00a0Alors, c\u2019est parti ! Inscrivez-vous sans tarder et rejoignez les 1800 \u00e9tablissements de restauration en Suisse qui reCIRCLEnt d\u00e9j\u00e0. Nous vous proposons les options suivantes.<\/p>\n<p>[\/vc_column_text][\/vc_column][\/vc_row][vc_row full_width=\u00a0\u00bbstretch_row\u00a0\u00bb equal_height=\u00a0\u00bbyes\u00a0\u00bb bg_type=\u00a0\u00bbbg_color\u00a0\u00bb bg_color_value=\u00a0\u00bb#fafafa\u00a0\u00bb css=\u00a0\u00bb.vc_custom_1702891879462{margin-bottom: 0px !important;padding-top: 80px !important;padding-bottom: 0px !important;background-color: #fafafa !important;}\u00a0\u00bb][vc_column width=\u00a0\u00bb1\/2&Prime;][vc_single_image image=\u00a0\u00bb17973&Prime; img_size=\u00a0\u00bb300&#215;300&Prime; alignment=\u00a0\u00bbcenter\u00a0\u00bb style=\u00a0\u00bbvc_box_circle\u00a0\u00bb css=\u00a0\u00bb\u00a0\u00bb][vc_column_text css=\u00a0\u00bb\u00a0\u00bb]<\/p>\n<p style=\"text-align: center;\"><strong>Set d\u2019essai<\/strong><\/p>\n<p style=\"text-align: center;\">Nous vous envoyons un set d\u2019essai pour vos plats et vos boissons. Testez et constatez par vous-m\u00eame la qualit\u00e9 des produits.<\/p>\n<p>[\/vc_column_text][vc_btn title=\u00a0\u00bbCommandez un set d\u2019essai\u00a0\u00bb align=\u00a0\u00bbcenter\u00a0\u00bb css=\u00a0\u00bb\u00a0\u00bb button_block=\u00a0\u00bbtrue\u00a0\u00bb link=\u00a0\u00bburl:https%3A%2F%2Fwww.recircle.ch%2Ffr%2Fcontact%2F|title:reCIRCLE%20%E2%80%93%20Commander%20un%20set%20d%E2%80%99essai\u00a0\u00bb el_class=\u00a0\u00bbbuttonlarge_violet\u00a0\u00bb][vc_empty_space][vc_column_text]<\/p>\n<ul style=\"width: 100%; max-width: 500px; margin: 0 auto !important;\">\n<li>Vaste palette de produits<\/li>\n<li>Gratuit si les produits sont retourn\u00e9s dans un d\u00e9lai de 3\u00a0mois<\/li>\n<\/ul>\n<p>[\/vc_column_text][\/vc_column][vc_column width=\u00a0\u00bb1\/2&Prime;][vc_single_image image=\u00a0\u00bb18349&Prime; img_size=\u00a0\u00bb300&#215;300&Prime; alignment=\u00a0\u00bbcenter\u00a0\u00bb style=\u00a0\u00bbvc_box_circle_2&Prime; css=\u00a0\u00bb\u00a0\u00bb][vc_column_text css=\u00a0\u00bb\u00a0\u00bb]<\/p>\n<p style=\"text-align: center;\"><b>Welcome Pack<\/b><\/p>\n<p style=\"text-align: center;\">Avec le Welcome Pack, le passage au r\u00e9utilisable est tr\u00e8s simple ! Inclus une garantie \u00absatisfait ou rembours\u00e9\u00bb de 3 mois !<\/p>\n<p>[\/vc_column_text][vc_btn title=\u00a0\u00bbCommandez le Welcome Pack !\u00a0\u00bb align=\u00a0\u00bbcenter\u00a0\u00bb css=\u00a0\u00bb\u00a0\u00bb button_block=\u00a0\u00bbtrue\u00a0\u00bb link=\u00a0\u00bburl:https%3A%2F%2Fwww.recircle.ch%2Ffr%2Fwelcome-pack%2F|title:reCIRCLE%20-%20Welcome%20Pack\u00a0\u00bb el_class=\u00a0\u00bbbuttonlarge_violet\u00a0\u00bb][vc_empty_space][vc_column_text css=\u00a0\u00bb\u00a0\u00bb]<\/p>\n<ul>\n<li>20 reCIRCLEs au choix<\/li>\n<li>Livraison gratuite<\/li>\n<li>Aide-m\u00e9moire pour les employ\u00e9\u00b7es<\/li>\n<li>Mat\u00e9riel de communication<\/li>\n<li>Inscription sur la carte reCIRCLE<\/li>\n<\/ul>\n<p>[\/vc_column_text][\/vc_column][\/vc_row][vc_row full_width=\u00a0\u00bbstretch_row\u00a0\u00bb][vc_column][vc_btn title=\u00a0\u00bbVoir les paquets de services\u00a0\u00bb align=\u00a0\u00bbcenter\u00a0\u00bb css=\u00a0\u00bb\u00a0\u00bb button_block=\u00a0\u00bbtrue\u00a0\u00bb link=\u00a0\u00bburl:https%3A%2F%2Fwww.recircle.ch%2Fwp-content%2Fuploads%2F2026%2F03%2F2026_ServicePaketUebersicht_Gastropartner_FR.pdf|target:_blank\u00a0\u00bb el_class=\u00a0\u00bbbuttonlarge_violet\u00a0\u00bb][vc_empty_space][\/vc_column][\/vc_row][vc_row full_width=\u00a0\u00bbstretch_row\u00a0\u00bb equal_height=\u00a0\u00bbyes\u00a0\u00bb disable_element=\u00a0\u00bbyes\u00a0\u00bb bg_type=\u00a0\u00bbbg_color\u00a0\u00bb bg_color_value=\u00a0\u00bb#fafafa\u00a0\u00bb css=\u00a0\u00bb.vc_custom_1752567092264{margin-bottom: 0px !important;padding-top: 80px !important;padding-bottom: 0px !important;background-color: #fafafa !important;}\u00a0\u00bb][vc_column width=\u00a0\u00bb1\/3&Prime;][vc_single_image image=\u00a0\u00bb19501&Prime; img_size=\u00a0\u00bb300&#215;300&Prime; alignment=\u00a0\u00bbcenter\u00a0\u00bb style=\u00a0\u00bbvc_box_circle\u00a0\u00bb css=\u00a0\u00bb\u00a0\u00bb][vc_column_text css=\u00a0\u00bb\u00a0\u00bb el_id=\u00a0\u00bbmitmachenHead1&Prime;]<\/p>\n<p style=\"text-align: center;\"><strong>Paquet de services<br \/>\nBasic<\/strong><\/p>\n<p style=\"text-align: center;\">Le paquet de services Basic offre une entr\u00e9e \u00e9conomique dans l&rsquo;univers de reCIRCLE. Id\u00e9al pour les sites uniques n\u00e9cessitant des fonctionnalit\u00e9s de base.<\/p>\n<p>[\/vc_column_text][vc_empty_space height=\u00a0\u00bb45px\u00a0\u00bb][vc_btn title=\u00a0\u00bbAcheter le paquet de services Basic\u00a0\u00bb align=\u00a0\u00bbcenter\u00a0\u00bb css=\u00a0\u00bb\u00a0\u00bb button_block=\u00a0\u00bbtrue\u00a0\u00bb link=\u00a0\u00bburl:https%3A%2F%2Fwww.recircle.ch%2Ffr%2Frecircle-lancer-directement%2F\u00a0\u00bb el_class=\u00a0\u00bbrecircleButton\u00a0\u00bb el_id=\u00a0\u00bbmitmachenCTA1&Prime;][vc_column_text css=\u00a0\u00bb\u00a0\u00bb el_class=\u00a0\u00bbboxTeaserFixedHeight\u00a0\u00bb el_id=\u00a0\u00bbmitmachenCTA1UL\u00a0\u00bb]<strong>Partenariat<\/strong><\/p>\n<ul>\n<li>Mat\u00e9riel d&rsquo;Info\/de communication<\/li>\n<li>Mention dans <a href=\"https:\/\/www.recircle-services.ch\/app\">l&rsquo;appli<\/a> &amp; <a href=\"https:\/\/www.recircle.ch\/fr\/partner-finden\/\">reCIRCLE.ch<\/a><\/li>\n<\/ul>\n<p><strong>Paquet de services<\/strong><\/p>\n<ul>\n<li>Achat et rachat des reCIRCLEs<\/li>\n<\/ul>\n<p>Co\u00fbts annuelle, facturation annuelle[\/vc_column_text][\/vc_column][vc_column width=\u00a0\u00bb1\/3&Prime;][vc_single_image image=\u00a0\u00bb19497&Prime; img_size=\u00a0\u00bb300&#215;300&Prime; alignment=\u00a0\u00bbcenter\u00a0\u00bb style=\u00a0\u00bbvc_box_circle\u00a0\u00bb css=\u00a0\u00bb\u00a0\u00bb][vc_column_text css=\u00a0\u00bb\u00a0\u00bb el_id=\u00a0\u00bbmitmachenHead2&Prime;]<\/p>\n<p style=\"text-align: center;\"><strong>Paquet de services<br \/>\nFlatrate XXS<\/strong><\/p>\n<p style=\"text-align: center;\">Le paquet de services Flatrate XXS convient aux petites entreprises qui souhaitent plus de flexibilit\u00e9 et de services suppl\u00e9mentaires.<\/p>\n<p>[\/vc_column_text][vc_empty_space height=\u00a0\u00bb45px\u00a0\u00bb][vc_btn title=\u00a0\u00bbAcheter le paquet de service Flatrate XXS\u00a0\u00bb align=\u00a0\u00bbleft\u00a0\u00bb css=\u00a0\u00bb\u00a0\u00bb button_block=\u00a0\u00bbtrue\u00a0\u00bb link=\u00a0\u00bburl:https%3A%2F%2Fwww.recircle.ch%2Ffr%2Frecircle-lancer-directement%2F\u00a0\u00bb el_class=\u00a0\u00bbrecircleButton\u00a0\u00bb el_id=\u00a0\u00bbmitmachenCTA2&Prime;][vc_column_text css=\u00a0\u00bb\u00a0\u00bb el_class=\u00a0\u00bbboxTeaserFixedHeight\u00a0\u00bb el_id=\u00a0\u00bbmitmachenCTA2UL\u00a0\u00bb]<strong>Partenariat<\/strong><\/p>\n<ul>\n<li>Mat\u00e9riel d&rsquo;info\/de communication<\/li>\n<li>Mention dans <a href=\"https:\/\/www.recircle-services.ch\/app\">l&rsquo;appli<\/a> &amp; <a href=\"https:\/\/www.recircle.ch\/fr\/partner-finden\/\">reCIRCLE.ch<\/a><\/li>\n<\/ul>\n<p><strong>Paquet de services<\/strong><\/p>\n<ul>\n<li>Achat et rachat des reCIRCLEs avec 10 % de r\u00e9duction<\/li>\n<li>Remplacement de 20 reCIRCLEs usag\u00e9s<\/li>\n<li>Exp\u00e9dition gratuite<\/li>\n<li>Couverts inclus<\/li>\n<li>Plusieurs succursales<\/li>\n<\/ul>\n<p>Co\u00fbts annuelle, facturation annuelle[\/vc_column_text][\/vc_column][vc_column width=\u00a0\u00bb1\/3&Prime;][vc_single_image image=\u00a0\u00bb19505&Prime; img_size=\u00a0\u00bb300&#215;300&Prime; alignment=\u00a0\u00bbcenter\u00a0\u00bb style=\u00a0\u00bbvc_box_circle\u00a0\u00bb css=\u00a0\u00bb\u00a0\u00bb][vc_column_text css=\u00a0\u00bb\u00a0\u00bb el_id=\u00a0\u00bbmitmachenHead3&Prime;]<\/p>\n<p style=\"text-align: center;\"><strong>Paquet de services<br \/>\nFlatrate M<\/strong><\/p>\n<p style=\"text-align: center;\">Le paquet de services Flatrate M est parfait pour les entreprises plus grandes ou les petites cha\u00eenes qui ont besoin d&rsquo;une gamme de services plus \u00e9tendue et de plus de produits de remplacement.<\/p>\n<p>[\/vc_column_text][vc_empty_space height=\u00a0\u00bb45px\u00a0\u00bb][vc_btn title=\u00a0\u00bbAcheter le paquet de service Flatrate M\u00a0\u00bb align=\u00a0\u00bbleft\u00a0\u00bb css=\u00a0\u00bb\u00a0\u00bb button_block=\u00a0\u00bbtrue\u00a0\u00bb link=\u00a0\u00bburl:https%3A%2F%2Fwww.recircle.ch%2Frecircle-direkt-starten%2F\u00a0\u00bb el_class=\u00a0\u00bbrecircleButton\u00a0\u00bb el_id=\u00a0\u00bbmitmachenCTA3&Prime;][vc_column_text css=\u00a0\u00bb\u00a0\u00bb el_class=\u00a0\u00bbboxTeaserFixedHeight\u00a0\u00bb el_id=\u00a0\u00bbmitmachenCTA3UL\u00a0\u00bb]<strong>Partenariat<\/strong><\/p>\n<ul>\n<li>Mat\u00e9riel d&rsquo;info\/de communication<\/li>\n<li>Mention dans <a href=\"https:\/\/www.recircle-services.ch\/app\">l&rsquo;appli<\/a> &amp; <a href=\"https:\/\/www.recircle.ch\/fr\/partner-finden\/\">reCIRCLE.ch<\/a><\/li>\n<\/ul>\n<p><strong>Paquet de services<\/strong><\/p>\n<ul>\n<li>Achat et rachat des reCIRCLEs avec 10 % de r\u00e9duction<\/li>\n<li>Remplacement de 150 reCIRCLEs usag\u00e9s<\/li>\n<li>Exp\u00e9dition gratuite<\/li>\n<li>Couverts inclus<\/li>\n<li>Plusieurs succursales<\/li>\n<\/ul>\n<p>Co\u00fbts annuelle, facturation annuelle<\/p>\n<p>Vous \u00eates int\u00e9ress\u00e9 par un forfait de service plus complet ?<a href=\"https:\/\/www.recircle.ch\/fr\/contact\/\"> Contactez-nous<\/a> ![\/vc_column_text][\/vc_column][\/vc_row][vc_row full_width=\u00a0\u00bbstretch_row\u00a0\u00bb content_placement=\u00a0\u00bbmiddle\u00a0\u00bb bg_type=\u00a0\u00bbbg_color\u00a0\u00bb bg_color_value=\u00a0\u00bb#F8E4F6&Prime; css=\u00a0\u00bb.vc_custom_1752565240347{padding-top: 20px !important;padding-bottom: 20px !important;background-color: #F8E4F6 !important;}\u00a0\u00bb][vc_column][vc_column_text css=\u00a0\u00bb\u00a0\u00bb el_class=\u00a0\u00bbblockh5&Prime;]<\/p>\n<h5 style=\"text-align: center;\">Vous avez encore des questions ou des demandes?<br \/>\nR\u00e9servez d\u00e8s maintenant votre rendez-vous de conseil gratuit!<\/h5>\n<p>[\/vc_column_text][vc_raw_html css=\u00a0\u00bb\u00a0\u00bb]JTNDJTIxLS0lMjBDYWxlbmRseSUyMGlubGluZSUyMHdpZGdldCUyMGJlZ2luJTIwLS0lM0UlMEQlMEElM0NkaXYlMjBjbGFzcyUzRCUyMmNhbGVuZGx5LWlubGluZS13aWRnZXQlMjIlMjBkYXRhLXVybCUzRCUyMmh0dHBzJTNBJTJGJTJGY2FsZW5kbHkuY29tJTJGcmVjaXJjbGVfcHJvbW90aW9uJTJGcXVpY2stY2hhdC13aXRoLXJlY2lyY2xlJTIyJTIwc3R5bGUlM0QlMjJtaW4td2lkdGglM0EzMjBweCUzQmhlaWdodCUzQTcwMHB4JTNCJTIyJTNFJTNDJTJGZGl2JTNFJTBEJTBBJTNDc2NyaXB0JTIwdHlwZSUzRCUyMnRleHQlMkZqYXZhc2NyaXB0JTIyJTIwc3JjJTNEJTIyaHR0cHMlM0ElMkYlMkZhc3NldHMuY2FsZW5kbHkuY29tJTJGYXNzZXRzJTJGZXh0ZXJuYWwlMkZ3aWRnZXQuanMlMjIlMjBhc3luYyUzRSUzQyUyRnNjcmlwdCUzRSUwRCUwQSUzQyUyMS0tJTIwQ2FsZW5kbHklMjBpbmxpbmUlMjB3aWRnZXQlMjBlbmQlMjAtLSUzRQ==[\/vc_raw_html][vc_empty_space height=\u00a0\u00bb45px\u00a0\u00bb][\/vc_column][\/vc_row]<\/p>\n<\/div>","protected":false},"excerpt":{"rendered":"<p>[vc_row full_width=\u00a0\u00bbstretch_row\u00a0\u00bb equal_height=\u00a0\u00bbyes\u00a0\u00bb content_placement=\u00a0\u00bbmiddle\u00a0\u00bb bg_type=\u00a0\u00bbbg_color\u00a0\u00bb bg_color_value=\u00a0\u00bb#fafafa\u00a0\u00bb css=\u00a0\u00bb.vc_custom_1651242783995{padding-top: 90px !important;padding-bottom: 120px !important;background-color: #ffffff !important;}\u00a0\u00bb][vc_column][vc_empty_space height=\u00a0\u00bb45px\u00a0\u00bb][vc_column_text css=\u00a0\u00bb\u00a0\u00bb] CHOISISSEZ VOTRE OFFRE [\/vc_column_text][vc_single_image image=\u00a0\u00bb20345&Prime; img_size=\u00a0\u00bbfull\u00a0\u00bb alignment=\u00a0\u00bbcenter\u00a0\u00bb style=\u00a0\u00bbvc_box_circle_2&Prime; css=\u00a0\u00bb\u00a0\u00bb][vc_column_text css=\u00a0\u00bb\u00a0\u00bb el_class=\u00a0\u00bbcontent800&Prime;] Vous voulez proposer des contenants r\u00e9utilisables de qualit\u00e9 \u00e0 votre client\u00e8le?\u00a0Alors, c\u2019est parti ! Inscrivez-vous sans tarder et rejoignez les 1800 \u00e9tablissements de restauration en Suisse qui reCIRCLEnt d\u00e9j\u00e0. [&hellip;]<\/p>\n","protected":false},"author":7,"featured_media":0,"parent":0,"menu_order":0,"comment_status":"closed","ping_status":"closed","template":"","meta":{"_acf_changed":false,"content-type":"","footnotes":""},"class_list":["post-11687","page","type-page","status-publish","hentry"],"acf":[],"yoast_head":"<!-- This site is optimized with the Yoast SEO plugin v27.3 - https:\/\/yoast.com\/product\/yoast-seo-wordpress\/ -->\n<title>Je participe ! - reCIRCLE<\/title>\n<meta name=\"robots\" content=\"index, follow, max-snippet:-1, max-image-preview:large, max-video-preview:-1\" \/>\n<link rel=\"canonical\" href=\"https:\/\/www.recircle.ch\/fr\/je-participe\/\" \/>\n<meta property=\"og:locale\" content=\"fr_FR\" \/>\n<meta property=\"og:type\" content=\"article\" \/>\n<meta property=\"og:title\" content=\"Je participe ! - reCIRCLE\" \/>\n<meta property=\"og:description\" content=\"[vc_row full_width=\u00a0\u00bbstretch_row\u00a0\u00bb equal_height=\u00a0\u00bbyes\u00a0\u00bb content_placement=\u00a0\u00bbmiddle\u00a0\u00bb bg_type=\u00a0\u00bbbg_color\u00a0\u00bb bg_color_value=\u00a0\u00bb#fafafa\u00a0\u00bb css=\u00a0\u00bb.vc_custom_1651242783995{padding-top: 90px !important;padding-bottom: 120px !important;background-color: #ffffff !important;}\u00a0\u00bb][vc_column][vc_empty_space height=\u00a0\u00bb45px\u00a0\u00bb][vc_column_text css=\u00a0\u00bb\u00a0\u00bb] CHOISISSEZ VOTRE OFFRE [\/vc_column_text][vc_single_image image=\u00a0\u00bb20345&Prime; img_size=\u00a0\u00bbfull\u00a0\u00bb alignment=\u00a0\u00bbcenter\u00a0\u00bb style=\u00a0\u00bbvc_box_circle_2&Prime; css=\u00a0\u00bb\u00a0\u00bb][vc_column_text css=\u00a0\u00bb\u00a0\u00bb el_class=\u00a0\u00bbcontent800&Prime;] Vous voulez proposer des contenants r\u00e9utilisables de qualit\u00e9 \u00e0 votre client\u00e8le?\u00a0Alors, c\u2019est parti ! Inscrivez-vous sans tarder et rejoignez les 1800 \u00e9tablissements de restauration en Suisse qui reCIRCLEnt d\u00e9j\u00e0. [&hellip;]\" \/>\n<meta property=\"og:url\" content=\"https:\/\/www.recircle.ch\/fr\/je-participe\/\" \/>\n<meta property=\"og:site_name\" content=\"reCIRCLE\" \/>\n<meta property=\"article:publisher\" content=\"https:\/\/www.facebook.com\/reCIRCLEnow\/\" \/>\n<meta property=\"article:modified_time\" content=\"2026-03-13T12:21:30+00:00\" \/>\n<meta property=\"og:image\" content=\"https:\/\/www.recircle.ch\/wp-content\/uploads\/2022\/11\/reCIRCLE_Tavolata-1-scaled.jpg\" \/>\n\t<meta property=\"og:image:width\" content=\"2350\" \/>\n\t<meta property=\"og:image:height\" content=\"1519\" \/>\n\t<meta property=\"og:image:type\" content=\"image\/jpeg\" \/>\n<meta name=\"twitter:card\" content=\"summary_large_image\" \/>\n<meta name=\"twitter:label1\" content=\"Dur\u00e9e de lecture estim\u00e9e\" \/>\n\t<meta name=\"twitter:data1\" content=\"4 minutes\" \/>\n<script type=\"application\/ld+json\" class=\"yoast-schema-graph\">{\"@context\":\"https:\\\/\\\/schema.org\",\"@graph\":[{\"@type\":\"WebPage\",\"@id\":\"https:\\\/\\\/www.recircle.ch\\\/fr\\\/je-participe\\\/\",\"url\":\"https:\\\/\\\/www.recircle.ch\\\/fr\\\/je-participe\\\/\",\"name\":\"Je participe ! - reCIRCLE\",\"isPartOf\":{\"@id\":\"https:\\\/\\\/www.recircle.ch\\\/#website\"},\"datePublished\":\"2022-08-23T12:23:20+00:00\",\"dateModified\":\"2026-03-13T12:21:30+00:00\",\"breadcrumb\":{\"@id\":\"https:\\\/\\\/www.recircle.ch\\\/fr\\\/je-participe\\\/#breadcrumb\"},\"inLanguage\":\"fr-FR\",\"potentialAction\":[{\"@type\":\"ReadAction\",\"target\":[\"https:\\\/\\\/www.recircle.ch\\\/fr\\\/je-participe\\\/\"]}]},{\"@type\":\"BreadcrumbList\",\"@id\":\"https:\\\/\\\/www.recircle.ch\\\/fr\\\/je-participe\\\/#breadcrumb\",\"itemListElement\":[{\"@type\":\"ListItem\",\"position\":1,\"name\":\"Home\",\"item\":\"https:\\\/\\\/www.recircle.ch\\\/fr\\\/\"},{\"@type\":\"ListItem\",\"position\":2,\"name\":\"Je participe !\"}]},{\"@type\":\"WebSite\",\"@id\":\"https:\\\/\\\/www.recircle.ch\\\/#website\",\"url\":\"https:\\\/\\\/www.recircle.ch\\\/\",\"name\":\"reCIRCLE\",\"description\":\"We love to reUSE!\",\"publisher\":{\"@id\":\"https:\\\/\\\/www.recircle.ch\\\/#organization\"},\"potentialAction\":[{\"@type\":\"SearchAction\",\"target\":{\"@type\":\"EntryPoint\",\"urlTemplate\":\"https:\\\/\\\/www.recircle.ch\\\/?s={search_term_string}\"},\"query-input\":{\"@type\":\"PropertyValueSpecification\",\"valueRequired\":true,\"valueName\":\"search_term_string\"}}],\"inLanguage\":\"fr-FR\"},{\"@type\":\"Organization\",\"@id\":\"https:\\\/\\\/www.recircle.ch\\\/#organization\",\"name\":\"reCIRCLE\",\"url\":\"https:\\\/\\\/www.recircle.ch\\\/\",\"logo\":{\"@type\":\"ImageObject\",\"inLanguage\":\"fr-FR\",\"@id\":\"https:\\\/\\\/www.recircle.ch\\\/#\\\/schema\\\/logo\\\/image\\\/\",\"url\":\"https:\\\/\\\/www.recircle.ch\\\/wp-content\\\/uploads\\\/2024\\\/01\\\/RC_Logo_aubergine_20grad_RGB.jpg\",\"contentUrl\":\"https:\\\/\\\/www.recircle.ch\\\/wp-content\\\/uploads\\\/2024\\\/01\\\/RC_Logo_aubergine_20grad_RGB.jpg\",\"width\":2362,\"height\":2362,\"caption\":\"reCIRCLE\"},\"image\":{\"@id\":\"https:\\\/\\\/www.recircle.ch\\\/#\\\/schema\\\/logo\\\/image\\\/\"},\"sameAs\":[\"https:\\\/\\\/www.facebook.com\\\/reCIRCLEnow\\\/\",\"https:\\\/\\\/www.instagram.com\\\/recirclenow\\\/\"]}]}<\/script>\n<!-- \/ Yoast SEO plugin. -->","yoast_head_json":{"title":"Je participe ! - reCIRCLE","robots":{"index":"index","follow":"follow","max-snippet":"max-snippet:-1","max-image-preview":"max-image-preview:large","max-video-preview":"max-video-preview:-1"},"canonical":"https:\/\/www.recircle.ch\/fr\/je-participe\/","og_locale":"fr_FR","og_type":"article","og_title":"Je participe ! - reCIRCLE","og_description":"[vc_row full_width=\u00a0\u00bbstretch_row\u00a0\u00bb equal_height=\u00a0\u00bbyes\u00a0\u00bb content_placement=\u00a0\u00bbmiddle\u00a0\u00bb bg_type=\u00a0\u00bbbg_color\u00a0\u00bb bg_color_value=\u00a0\u00bb#fafafa\u00a0\u00bb css=\u00a0\u00bb.vc_custom_1651242783995{padding-top: 90px !important;padding-bottom: 120px !important;background-color: #ffffff !important;}\u00a0\u00bb][vc_column][vc_empty_space height=\u00a0\u00bb45px\u00a0\u00bb][vc_column_text css=\u00a0\u00bb\u00a0\u00bb] CHOISISSEZ VOTRE OFFRE [\/vc_column_text][vc_single_image image=\u00a0\u00bb20345&Prime; img_size=\u00a0\u00bbfull\u00a0\u00bb alignment=\u00a0\u00bbcenter\u00a0\u00bb style=\u00a0\u00bbvc_box_circle_2&Prime; css=\u00a0\u00bb\u00a0\u00bb][vc_column_text css=\u00a0\u00bb\u00a0\u00bb el_class=\u00a0\u00bbcontent800&Prime;] Vous voulez proposer des contenants r\u00e9utilisables de qualit\u00e9 \u00e0 votre client\u00e8le?\u00a0Alors, c\u2019est parti ! Inscrivez-vous sans tarder et rejoignez les 1800 \u00e9tablissements de restauration en Suisse qui reCIRCLEnt d\u00e9j\u00e0. [&hellip;]","og_url":"https:\/\/www.recircle.ch\/fr\/je-participe\/","og_site_name":"reCIRCLE","article_publisher":"https:\/\/www.facebook.com\/reCIRCLEnow\/","article_modified_time":"2026-03-13T12:21:30+00:00","og_image":[{"width":2350,"height":1519,"url":"https:\/\/www.recircle.ch\/wp-content\/uploads\/2022\/11\/reCIRCLE_Tavolata-1-scaled.jpg","type":"image\/jpeg"}],"twitter_card":"summary_large_image","twitter_misc":{"Dur\u00e9e de lecture estim\u00e9e":"4 minutes"},"schema":{"@context":"https:\/\/schema.org","@graph":[{"@type":"WebPage","@id":"https:\/\/www.recircle.ch\/fr\/je-participe\/","url":"https:\/\/www.recircle.ch\/fr\/je-participe\/","name":"Je participe ! - reCIRCLE","isPartOf":{"@id":"https:\/\/www.recircle.ch\/#website"},"datePublished":"2022-08-23T12:23:20+00:00","dateModified":"2026-03-13T12:21:30+00:00","breadcrumb":{"@id":"https:\/\/www.recircle.ch\/fr\/je-participe\/#breadcrumb"},"inLanguage":"fr-FR","potentialAction":[{"@type":"ReadAction","target":["https:\/\/www.recircle.ch\/fr\/je-participe\/"]}]},{"@type":"BreadcrumbList","@id":"https:\/\/www.recircle.ch\/fr\/je-participe\/#breadcrumb","itemListElement":[{"@type":"ListItem","position":1,"name":"Home","item":"https:\/\/www.recircle.ch\/fr\/"},{"@type":"ListItem","position":2,"name":"Je participe !"}]},{"@type":"WebSite","@id":"https:\/\/www.recircle.ch\/#website","url":"https:\/\/www.recircle.ch\/","name":"reCIRCLE","description":"We love to reUSE!","publisher":{"@id":"https:\/\/www.recircle.ch\/#organization"},"potentialAction":[{"@type":"SearchAction","target":{"@type":"EntryPoint","urlTemplate":"https:\/\/www.recircle.ch\/?s={search_term_string}"},"query-input":{"@type":"PropertyValueSpecification","valueRequired":true,"valueName":"search_term_string"}}],"inLanguage":"fr-FR"},{"@type":"Organization","@id":"https:\/\/www.recircle.ch\/#organization","name":"reCIRCLE","url":"https:\/\/www.recircle.ch\/","logo":{"@type":"ImageObject","inLanguage":"fr-FR","@id":"https:\/\/www.recircle.ch\/#\/schema\/logo\/image\/","url":"https:\/\/www.recircle.ch\/wp-content\/uploads\/2024\/01\/RC_Logo_aubergine_20grad_RGB.jpg","contentUrl":"https:\/\/www.recircle.ch\/wp-content\/uploads\/2024\/01\/RC_Logo_aubergine_20grad_RGB.jpg","width":2362,"height":2362,"caption":"reCIRCLE"},"image":{"@id":"https:\/\/www.recircle.ch\/#\/schema\/logo\/image\/"},"sameAs":["https:\/\/www.facebook.com\/reCIRCLEnow\/","https:\/\/www.instagram.com\/recirclenow\/"]}]}},"_links":{"self":[{"href":"https:\/\/www.recircle.ch\/fr\/wp-json\/wp\/v2\/pages\/11687","targetHints":{"allow":["GET"]}}],"collection":[{"href":"https:\/\/www.recircle.ch\/fr\/wp-json\/wp\/v2\/pages"}],"about":[{"href":"https:\/\/www.recircle.ch\/fr\/wp-json\/wp\/v2\/types\/page"}],"author":[{"embeddable":true,"href":"https:\/\/www.recircle.ch\/fr\/wp-json\/wp\/v2\/users\/7"}],"replies":[{"embeddable":true,"href":"https:\/\/www.recircle.ch\/fr\/wp-json\/wp\/v2\/comments?post=11687"}],"version-history":[{"count":10,"href":"https:\/\/www.recircle.ch\/fr\/wp-json\/wp\/v2\/pages\/11687\/revisions"}],"predecessor-version":[{"id":21462,"href":"https:\/\/www.recircle.ch\/fr\/wp-json\/wp\/v2\/pages\/11687\/revisions\/21462"}],"wp:attachment":[{"href":"https:\/\/www.recircle.ch\/fr\/wp-json\/wp\/v2\/media?parent=11687"}],"curies":[{"name":"wp","href":"https:\/\/api.w.org\/{rel}","templated":true}]}}