{"id":11684,"date":"2022-08-23T12:17:24","date_gmt":"2022-08-23T12:17:24","guid":{"rendered":"https:\/\/www.recircle.ch\/boutique\/"},"modified":"2024-10-10T06:08:44","modified_gmt":"2024-10-10T06:08:44","slug":"boutique","status":"publish","type":"page","link":"https:\/\/www.recircle.ch\/fr\/boutique\/","title":{"rendered":"Boutique"},"content":{"rendered":"<div class=\"wpb-content-wrapper\"><p>[vc_row full_height=\u00a0\u00bbyes\u00a0\u00bb equal_height=\u00a0\u00bbyes\u00a0\u00bb content_placement=\u00a0\u00bbtop\u00a0\u00bb bg_type=\u00a0\u00bbbg_color\u00a0\u00bb bg_color_value=\u00a0\u00bb#ffffff\u00a0\u00bb css=\u00a0\u00bb.vc_custom_1661161050725{padding-top: 120px !important;padding-bottom: 90px !important;background-color: #ffffff !important;}\u00a0\u00bb][vc_column width=\u00a0\u00bb1\/2&Prime;][vc_column_text]<\/p>\n<h1 style=\"text-align: left;\">JE SUIS UN CLIENT PRIV\u00c9<\/h1>\n<p>[\/vc_column_text][vc_column_text css=\u00a0\u00bb\u00a0\u00bb el_class=\u00a0\u00bbcontent800&Prime;]Obtenez vos propres reCIRCLEs et d\u00e9couvrez nos produits z\u00e9ro d\u00e9chet dans la boutique ![\/vc_column_text][vc_empty_space][vc_btn title=\u00a0\u00bbBOUTIQUE\u00a0\u00bb align=\u00a0\u00bbleft\u00a0\u00bb link=\u00a0\u00bburl:https%3A%2F%2Fwww.recircle.ch%2Ffr%2Fonline-shop-konsumentinnen%2F\u00a0\u00bb el_class=\u00a0\u00bbrecircleButton\u00a0\u00bb][vc_column_text css=\u00a0\u00bb\u00a0\u00bb el_class=\u00a0\u00bbcontent800&Prime;]*Livraison uniquement en Suisse.[\/vc_column_text][\/vc_column][vc_column width=\u00a0\u00bb1\/2&Prime;][vc_column_text]<\/p>\n<h1><strong>JE SUIS PARTENAIRE <em>re<\/em>CIRCLE<\/strong><\/h1>\n<p>[\/vc_column_text][vc_column_text css=\u00a0\u00bb\u00a0\u00bb el_class=\u00a0\u00bbcontent800&Prime;]Besoin de r\u00e9approvisionnement ? Commandez vos reCIRCLEs maintenant et trouvez toutes les informations importantes pour les partenaires directement dans votre compte ![\/vc_column_text][vc_empty_space][vc_raw_html]JTNDZm9ybSUyMGNsYXNzJTNEJTIyZ2VuZXJpYy1mb3JtJTIwJTIyJTIwYWN0aW9uJTNEJTIyaHR0cHMlM0ElMkYlMkZzaG9wLnJlY2lyY2xlLmNoJTJGZnIlMkZhY2NvdW50JTJGbG9naW4lMjIlMjBtZXRob2QlM0QlMjJQT1NUJTIyJTIwbmFtZSUzRCUyMmxvZ2luJTIyJTNFJTBBJTNDZGl2JTIwY2xhc3MlM0QlMjJmb3JtLWdyb3VwJTIwcmVxdWlyZWQlMjIlMjBkYXRhLW1ldGEtbmFtZSUzRCUyMnVzZXJuYW1lJTIyJTIwZGF0YS1tZXRhLXR5cGUlM0QlMjJ0ZXh0JTIyJTNFJTBBJTBBJTNDbGFiZWwlMjBjbGFzcyUzRCUyMmNvbnRyb2wtbGFiZWwlMjAlMjIlMjBmb3IlM0QlMjJsb2dpbi11c2VybmFtZS14JTIyJTNFQ291cnJpZWwlM0NzcGFuJTIwY2xhc3MlM0QlMjJyZXF1aXJlZC1maWVsZCUyMiUzRSUyMCUyQSUzQyUyRnNwYW4lM0UlM0MlMkZsYWJlbCUzRSUwQSUzQ2lucHV0JTIwaWQlM0QlMjJsb2dpbi11c2VybmFtZS14JTIyJTIwY2xhc3MlM0QlMjJmb3JtLWNvbnRyb2wlMjAlMjIlMjBuYW1lJTNEJTIydXNlcm5hbWUlMjIlMjB0eXBlJTNEJTIydGV4dCUyMiUyMHZhbHVlJTNEJTIyJTIyJTIwJTJGJTNFJTBBJTBBJTNDJTJGZGl2JTNFJTBBJTNDZGl2JTIwY2xhc3MlM0QlMjJmb3JtLWdyb3VwJTIwcmVxdWlyZWQlMjIlMjBkYXRhLW1ldGEtbmFtZSUzRCUyMnBhc3N3b3JkJTIyJTIwZGF0YS1tZXRhLXR5cGUlM0QlMjJwYXNzd29yZCUyMiUzRSUwQSUwQSUzQ2xhYmVsJTIwY2xhc3MlM0QlMjJjb250cm9sLWxhYmVsJTIwJTIyJTIwZm9yJTNEJTIybG9naW4tcGFzc3dvcmQteCUyMiUzRU1vdCUyMGRlJTIwcGFzc2UlM0NzcGFuJTIwY2xhc3MlM0QlMjJyZXF1aXJlZC1maWVsZCUyMiUzRSUyMCUyQSUzQyUyRnNwYW4lM0UlM0MlMkZsYWJlbCUzRSUwQSUzQ2lucHV0JTIwaWQlM0QlMjJsb2dpbi1wYXNzd29yZC14JTIyJTIwY2xhc3MlM0QlMjJmb3JtLWNvbnRyb2wlMjAlMjIlMjBuYW1lJTNEJTIycGFzc3dvcmQlMjIlMjB0eXBlJTNEJTIycGFzc3dvcmQlMjIlMjB2YWx1ZSUzRCUyMiUyMiUyMCUyRiUzRSUwQSUwQSUzQyUyRmRpdiUzRSUwQSUzQ2ElMjBocmVmJTNEJTIyaHR0cHMlM0ElMkYlMkZzaG9wLnJlY2lyY2xlLmNoJTJGZnIlMkZhY2NvdW50JTJGcmVzZXRQYXNzd29yZCUyMiUzRU1vdCUyMGRlJTIwcGFzc2UlMjBvdWJsaSVDMyVBOSUzQyUyRmElM0UlMEElM0NkaXYlMjBjbGFzcyUzRCUyMnRleHQtcmlnaHQlMjIlM0UlMEElMEElM0NidXR0b24lMjBjbGFzcyUzRCUyMnJlY2lyY2xlQnV0dG9uJTIwYnRuJTIwYnRuLXByaW1hcnklMjBidG4td2lkZSUyMiUyMG5hbWUlM0QlMjJmb3JtJTIyJTIwdHlwZSUzRCUyMnN1Ym1pdCUyMiUyMHZhbHVlJTNEJTIybG9naW4lMjIlM0VBbm1lbGRlbiUzQyUyRmJ1dHRvbiUzRSUwQSUwQSUzQyUyRmRpdiUzRSUwQSUzQ2lucHV0JTIwbmFtZSUzRCUyMmZvcm0lMjIlMjB0eXBlJTNEJTIyaGlkZGVuJTIyJTIwdmFsdWUlM0QlMjJsb2dpbiUyMiUyMCUyRiUzRSUwQSUwQSUzQyUyRmZvcm0lM0U=[\/vc_raw_html][vc_column_text css=\u00a0\u00bb\u00a0\u00bb el_class=\u00a0\u00bbcontent800&Prime;]Vous \u00eates un \u00e9tablissement de restauration et pas encore partenaire ? Devenez partenaire et profitez d\u2019avantages exclusifs ![\/vc_column_text][vc_empty_space][vc_btn title=\u00a0\u00bbEN SAVOIR PLUS\u00a0\u00bb align=\u00a0\u00bbleft\u00a0\u00bb css=\u00a0\u00bb\u00a0\u00bb link=\u00a0\u00bburl:https%3A%2F%2Fwww.recircle.ch%2Ffr%2Fje-participe%2F\u00a0\u00bb el_class=\u00a0\u00bbrecircleButton\u00a0\u00bb][\/vc_column][\/vc_row]<\/p>\n<\/div>","protected":false},"excerpt":{"rendered":"<p>[vc_row full_height=\u00a0\u00bbyes\u00a0\u00bb equal_height=\u00a0\u00bbyes\u00a0\u00bb content_placement=\u00a0\u00bbtop\u00a0\u00bb bg_type=\u00a0\u00bbbg_color\u00a0\u00bb bg_color_value=\u00a0\u00bb#ffffff\u00a0\u00bb css=\u00a0\u00bb.vc_custom_1661161050725{padding-top: 120px !important;padding-bottom: 90px !important;background-color: #ffffff !important;}\u00a0\u00bb][vc_column width=\u00a0\u00bb1\/2&Prime;][vc_column_text] JE SUIS UN CLIENT PRIV\u00c9 [\/vc_column_text][vc_column_text css=\u00a0\u00bb\u00a0\u00bb el_class=\u00a0\u00bbcontent800&Prime;]Obtenez vos propres reCIRCLEs et d\u00e9couvrez nos produits z\u00e9ro d\u00e9chet dans la boutique ![\/vc_column_text][vc_empty_space][vc_btn title=\u00a0\u00bbBOUTIQUE\u00a0\u00bb align=\u00a0\u00bbleft\u00a0\u00bb link=\u00a0\u00bburl:https%3A%2F%2Fwww.recircle.ch%2Ffr%2Fonline-shop-konsumentinnen%2F\u00a0\u00bb el_class=\u00a0\u00bbrecircleButton\u00a0\u00bb][vc_column_text css=\u00a0\u00bb\u00a0\u00bb el_class=\u00a0\u00bbcontent800&Prime;]*Livraison uniquement en Suisse.[\/vc_column_text][\/vc_column][vc_column width=\u00a0\u00bb1\/2&Prime;][vc_column_text] JE SUIS PARTENAIRE reCIRCLE [\/vc_column_text][vc_column_text css=\u00a0\u00bb\u00a0\u00bb el_class=\u00a0\u00bbcontent800&Prime;]Besoin de r\u00e9approvisionnement ? [&hellip;]<\/p>\n","protected":false},"author":1,"featured_media":0,"parent":0,"menu_order":0,"comment_status":"closed","ping_status":"closed","template":"","meta":{"_acf_changed":false,"content-type":"","footnotes":""},"class_list":["post-11684","page","type-page","status-publish","hentry"],"acf":[],"yoast_head":"<!-- This site is optimized with the Yoast SEO plugin v27.3 - https:\/\/yoast.com\/product\/yoast-seo-wordpress\/ -->\n<title>Boutique - reCIRCLE<\/title>\n<meta name=\"robots\" content=\"index, follow, max-snippet:-1, max-image-preview:large, max-video-preview:-1\" \/>\n<link rel=\"canonical\" href=\"https:\/\/www.recircle.ch\/fr\/boutique\/\" \/>\n<meta property=\"og:locale\" content=\"fr_FR\" \/>\n<meta property=\"og:type\" content=\"article\" \/>\n<meta property=\"og:title\" content=\"Boutique - reCIRCLE\" \/>\n<meta property=\"og:description\" content=\"[vc_row full_height=\u00a0\u00bbyes\u00a0\u00bb equal_height=\u00a0\u00bbyes\u00a0\u00bb content_placement=\u00a0\u00bbtop\u00a0\u00bb bg_type=\u00a0\u00bbbg_color\u00a0\u00bb bg_color_value=\u00a0\u00bb#ffffff\u00a0\u00bb css=\u00a0\u00bb.vc_custom_1661161050725{padding-top: 120px !important;padding-bottom: 90px !important;background-color: #ffffff !important;}\u00a0\u00bb][vc_column width=\u00a0\u00bb1\/2&Prime;][vc_column_text] JE SUIS UN CLIENT PRIV\u00c9 [\/vc_column_text][vc_column_text css=\u00a0\u00bb\u00a0\u00bb el_class=\u00a0\u00bbcontent800&Prime;]Obtenez vos propres reCIRCLEs et d\u00e9couvrez nos produits z\u00e9ro d\u00e9chet dans la boutique ![\/vc_column_text][vc_empty_space][vc_btn title=\u00a0\u00bbBOUTIQUE\u00a0\u00bb align=\u00a0\u00bbleft\u00a0\u00bb link=\u00a0\u00bburl:https%3A%2F%2Fwww.recircle.ch%2Ffr%2Fonline-shop-konsumentinnen%2F\u00a0\u00bb el_class=\u00a0\u00bbrecircleButton\u00a0\u00bb][vc_column_text css=\u00a0\u00bb\u00a0\u00bb el_class=\u00a0\u00bbcontent800&Prime;]*Livraison uniquement en Suisse.[\/vc_column_text][\/vc_column][vc_column width=\u00a0\u00bb1\/2&Prime;][vc_column_text] JE SUIS PARTENAIRE reCIRCLE [\/vc_column_text][vc_column_text css=\u00a0\u00bb\u00a0\u00bb el_class=\u00a0\u00bbcontent800&Prime;]Besoin de r\u00e9approvisionnement ? [&hellip;]\" \/>\n<meta property=\"og:url\" content=\"https:\/\/www.recircle.ch\/fr\/boutique\/\" \/>\n<meta property=\"og:site_name\" content=\"reCIRCLE\" \/>\n<meta property=\"article:publisher\" content=\"https:\/\/www.facebook.com\/reCIRCLEnow\/\" \/>\n<meta property=\"article:modified_time\" content=\"2024-10-10T06:08:44+00:00\" \/>\n<meta property=\"og:image\" content=\"https:\/\/www.recircle.ch\/wp-content\/uploads\/2022\/11\/reCIRCLE_Tavolata-1-scaled.jpg\" \/>\n\t<meta property=\"og:image:width\" content=\"2350\" \/>\n\t<meta property=\"og:image:height\" content=\"1519\" \/>\n\t<meta property=\"og:image:type\" content=\"image\/jpeg\" \/>\n<meta name=\"twitter:card\" content=\"summary_large_image\" \/>\n<meta name=\"twitter:label1\" content=\"Dur\u00e9e de lecture estim\u00e9e\" \/>\n\t<meta name=\"twitter:data1\" content=\"1 minute\" \/>\n<script type=\"application\/ld+json\" class=\"yoast-schema-graph\">{\"@context\":\"https:\\\/\\\/schema.org\",\"@graph\":[{\"@type\":\"WebPage\",\"@id\":\"https:\\\/\\\/www.recircle.ch\\\/fr\\\/boutique\\\/\",\"url\":\"https:\\\/\\\/www.recircle.ch\\\/fr\\\/boutique\\\/\",\"name\":\"Boutique - reCIRCLE\",\"isPartOf\":{\"@id\":\"https:\\\/\\\/www.recircle.ch\\\/#website\"},\"datePublished\":\"2022-08-23T12:17:24+00:00\",\"dateModified\":\"2024-10-10T06:08:44+00:00\",\"breadcrumb\":{\"@id\":\"https:\\\/\\\/www.recircle.ch\\\/fr\\\/boutique\\\/#breadcrumb\"},\"inLanguage\":\"fr-FR\",\"potentialAction\":[{\"@type\":\"ReadAction\",\"target\":[\"https:\\\/\\\/www.recircle.ch\\\/fr\\\/boutique\\\/\"]}]},{\"@type\":\"BreadcrumbList\",\"@id\":\"https:\\\/\\\/www.recircle.ch\\\/fr\\\/boutique\\\/#breadcrumb\",\"itemListElement\":[{\"@type\":\"ListItem\",\"position\":1,\"name\":\"Home\",\"item\":\"https:\\\/\\\/www.recircle.ch\\\/fr\\\/\"},{\"@type\":\"ListItem\",\"position\":2,\"name\":\"Boutique\"}]},{\"@type\":\"WebSite\",\"@id\":\"https:\\\/\\\/www.recircle.ch\\\/#website\",\"url\":\"https:\\\/\\\/www.recircle.ch\\\/\",\"name\":\"reCIRCLE\",\"description\":\"We love to reUSE!\",\"publisher\":{\"@id\":\"https:\\\/\\\/www.recircle.ch\\\/#organization\"},\"potentialAction\":[{\"@type\":\"SearchAction\",\"target\":{\"@type\":\"EntryPoint\",\"urlTemplate\":\"https:\\\/\\\/www.recircle.ch\\\/?s={search_term_string}\"},\"query-input\":{\"@type\":\"PropertyValueSpecification\",\"valueRequired\":true,\"valueName\":\"search_term_string\"}}],\"inLanguage\":\"fr-FR\"},{\"@type\":\"Organization\",\"@id\":\"https:\\\/\\\/www.recircle.ch\\\/#organization\",\"name\":\"reCIRCLE\",\"url\":\"https:\\\/\\\/www.recircle.ch\\\/\",\"logo\":{\"@type\":\"ImageObject\",\"inLanguage\":\"fr-FR\",\"@id\":\"https:\\\/\\\/www.recircle.ch\\\/#\\\/schema\\\/logo\\\/image\\\/\",\"url\":\"https:\\\/\\\/www.recircle.ch\\\/wp-content\\\/uploads\\\/2024\\\/01\\\/RC_Logo_aubergine_20grad_RGB.jpg\",\"contentUrl\":\"https:\\\/\\\/www.recircle.ch\\\/wp-content\\\/uploads\\\/2024\\\/01\\\/RC_Logo_aubergine_20grad_RGB.jpg\",\"width\":2362,\"height\":2362,\"caption\":\"reCIRCLE\"},\"image\":{\"@id\":\"https:\\\/\\\/www.recircle.ch\\\/#\\\/schema\\\/logo\\\/image\\\/\"},\"sameAs\":[\"https:\\\/\\\/www.facebook.com\\\/reCIRCLEnow\\\/\",\"https:\\\/\\\/www.instagram.com\\\/recirclenow\\\/\"]}]}<\/script>\n<!-- \/ Yoast SEO plugin. -->","yoast_head_json":{"title":"Boutique - reCIRCLE","robots":{"index":"index","follow":"follow","max-snippet":"max-snippet:-1","max-image-preview":"max-image-preview:large","max-video-preview":"max-video-preview:-1"},"canonical":"https:\/\/www.recircle.ch\/fr\/boutique\/","og_locale":"fr_FR","og_type":"article","og_title":"Boutique - reCIRCLE","og_description":"[vc_row full_height=\u00a0\u00bbyes\u00a0\u00bb equal_height=\u00a0\u00bbyes\u00a0\u00bb content_placement=\u00a0\u00bbtop\u00a0\u00bb bg_type=\u00a0\u00bbbg_color\u00a0\u00bb bg_color_value=\u00a0\u00bb#ffffff\u00a0\u00bb css=\u00a0\u00bb.vc_custom_1661161050725{padding-top: 120px !important;padding-bottom: 90px !important;background-color: #ffffff !important;}\u00a0\u00bb][vc_column width=\u00a0\u00bb1\/2&Prime;][vc_column_text] JE SUIS UN CLIENT PRIV\u00c9 [\/vc_column_text][vc_column_text css=\u00a0\u00bb\u00a0\u00bb el_class=\u00a0\u00bbcontent800&Prime;]Obtenez vos propres reCIRCLEs et d\u00e9couvrez nos produits z\u00e9ro d\u00e9chet dans la boutique ![\/vc_column_text][vc_empty_space][vc_btn title=\u00a0\u00bbBOUTIQUE\u00a0\u00bb align=\u00a0\u00bbleft\u00a0\u00bb link=\u00a0\u00bburl:https%3A%2F%2Fwww.recircle.ch%2Ffr%2Fonline-shop-konsumentinnen%2F\u00a0\u00bb el_class=\u00a0\u00bbrecircleButton\u00a0\u00bb][vc_column_text css=\u00a0\u00bb\u00a0\u00bb el_class=\u00a0\u00bbcontent800&Prime;]*Livraison uniquement en Suisse.[\/vc_column_text][\/vc_column][vc_column width=\u00a0\u00bb1\/2&Prime;][vc_column_text] JE SUIS PARTENAIRE reCIRCLE [\/vc_column_text][vc_column_text css=\u00a0\u00bb\u00a0\u00bb el_class=\u00a0\u00bbcontent800&Prime;]Besoin de r\u00e9approvisionnement ? [&hellip;]","og_url":"https:\/\/www.recircle.ch\/fr\/boutique\/","og_site_name":"reCIRCLE","article_publisher":"https:\/\/www.facebook.com\/reCIRCLEnow\/","article_modified_time":"2024-10-10T06:08:44+00:00","og_image":[{"width":2350,"height":1519,"url":"https:\/\/www.recircle.ch\/wp-content\/uploads\/2022\/11\/reCIRCLE_Tavolata-1-scaled.jpg","type":"image\/jpeg"}],"twitter_card":"summary_large_image","twitter_misc":{"Dur\u00e9e de lecture estim\u00e9e":"1 minute"},"schema":{"@context":"https:\/\/schema.org","@graph":[{"@type":"WebPage","@id":"https:\/\/www.recircle.ch\/fr\/boutique\/","url":"https:\/\/www.recircle.ch\/fr\/boutique\/","name":"Boutique - reCIRCLE","isPartOf":{"@id":"https:\/\/www.recircle.ch\/#website"},"datePublished":"2022-08-23T12:17:24+00:00","dateModified":"2024-10-10T06:08:44+00:00","breadcrumb":{"@id":"https:\/\/www.recircle.ch\/fr\/boutique\/#breadcrumb"},"inLanguage":"fr-FR","potentialAction":[{"@type":"ReadAction","target":["https:\/\/www.recircle.ch\/fr\/boutique\/"]}]},{"@type":"BreadcrumbList","@id":"https:\/\/www.recircle.ch\/fr\/boutique\/#breadcrumb","itemListElement":[{"@type":"ListItem","position":1,"name":"Home","item":"https:\/\/www.recircle.ch\/fr\/"},{"@type":"ListItem","position":2,"name":"Boutique"}]},{"@type":"WebSite","@id":"https:\/\/www.recircle.ch\/#website","url":"https:\/\/www.recircle.ch\/","name":"reCIRCLE","description":"We love to reUSE!","publisher":{"@id":"https:\/\/www.recircle.ch\/#organization"},"potentialAction":[{"@type":"SearchAction","target":{"@type":"EntryPoint","urlTemplate":"https:\/\/www.recircle.ch\/?s={search_term_string}"},"query-input":{"@type":"PropertyValueSpecification","valueRequired":true,"valueName":"search_term_string"}}],"inLanguage":"fr-FR"},{"@type":"Organization","@id":"https:\/\/www.recircle.ch\/#organization","name":"reCIRCLE","url":"https:\/\/www.recircle.ch\/","logo":{"@type":"ImageObject","inLanguage":"fr-FR","@id":"https:\/\/www.recircle.ch\/#\/schema\/logo\/image\/","url":"https:\/\/www.recircle.ch\/wp-content\/uploads\/2024\/01\/RC_Logo_aubergine_20grad_RGB.jpg","contentUrl":"https:\/\/www.recircle.ch\/wp-content\/uploads\/2024\/01\/RC_Logo_aubergine_20grad_RGB.jpg","width":2362,"height":2362,"caption":"reCIRCLE"},"image":{"@id":"https:\/\/www.recircle.ch\/#\/schema\/logo\/image\/"},"sameAs":["https:\/\/www.facebook.com\/reCIRCLEnow\/","https:\/\/www.instagram.com\/recirclenow\/"]}]}},"_links":{"self":[{"href":"https:\/\/www.recircle.ch\/fr\/wp-json\/wp\/v2\/pages\/11684","targetHints":{"allow":["GET"]}}],"collection":[{"href":"https:\/\/www.recircle.ch\/fr\/wp-json\/wp\/v2\/pages"}],"about":[{"href":"https:\/\/www.recircle.ch\/fr\/wp-json\/wp\/v2\/types\/page"}],"author":[{"embeddable":true,"href":"https:\/\/www.recircle.ch\/fr\/wp-json\/wp\/v2\/users\/1"}],"replies":[{"embeddable":true,"href":"https:\/\/www.recircle.ch\/fr\/wp-json\/wp\/v2\/comments?post=11684"}],"version-history":[{"count":0,"href":"https:\/\/www.recircle.ch\/fr\/wp-json\/wp\/v2\/pages\/11684\/revisions"}],"wp:attachment":[{"href":"https:\/\/www.recircle.ch\/fr\/wp-json\/wp\/v2\/media?parent=11684"}],"curies":[{"name":"wp","href":"https:\/\/api.w.org\/{rel}","templated":true}]}}