{"id":11681,"date":"2022-08-23T12:12:31","date_gmt":"2022-08-23T12:12:31","guid":{"rendered":"https:\/\/www.recircle.ch\/a-propos-de-nous\/campagnes\/"},"modified":"2022-08-23T12:12:31","modified_gmt":"2022-08-23T12:12:31","slug":"campagnes","status":"publish","type":"page","link":"https:\/\/www.recircle.ch\/fr\/campagnes\/","title":{"rendered":"Campagnes"},"content":{"rendered":"<div class=\"wpb-content-wrapper\"><p>[vc_row full_width=\u00a0\u00bbstretch_row\u00a0\u00bb full_height=\u00a0\u00bbyes\u00a0\u00bb equal_height=\u00a0\u00bbyes\u00a0\u00bb content_placement=\u00a0\u00bbmiddle\u00a0\u00bb bg_type=\u00a0\u00bbbg_color\u00a0\u00bb bg_color_value=\u00a0\u00bb#fafafa\u00a0\u00bb css=\u00a0\u00bb.vc_custom_1650292621957{background-color: #ffffff !important;}\u00a0\u00bb][vc_column width=\u00a0\u00bb1\/2&Prime;][vc_column_text]<\/p>\n<h1><strong>PROMOUVOIR ENSEMBLE LA DURABILIT\u00c9<\/strong><\/h1>\n<p>&nbsp;[\/vc_column_text][\/vc_column][vc_column width=\u00a0\u00bb1\/2&Prime;][vc_column_text]Nous avons d\u00e9j\u00e0 men\u00e9 des projets communs avec les communes suivantes pour r\u00e9duire le volume des d\u00e9chets. Merci de votre coop\u00e9ration\u00a0![\/vc_column_text][\/vc_column][\/vc_row][vc_row full_width=\u00a0\u00bbstretch_row\u00a0\u00bb equal_height=\u00a0\u00bbyes\u00a0\u00bb content_placement=\u00a0\u00bbmiddle\u00a0\u00bb bg_type=\u00a0\u00bbbg_color\u00a0\u00bb bg_color_value=\u00a0\u00bb#fafafa\u00a0\u00bb css=\u00a0\u00bb.vc_custom_1650292701707{padding-top: 90px !important;padding-bottom: 120px !important;background-color: #fafafa !important;}\u00a0\u00bb][vc_column][vc_column_text]<\/p>\n<h1 style=\"text-align: center;\">Partenaires<\/h1>\n<p>&nbsp;[\/vc_column_text][vc_column_text el_class=\u00a0\u00bbcontent800&Prime;]<\/p>\n<p style=\"text-align: center;\">Nous avons men\u00e9 diff\u00e9rentes campagnes conjointes avec les villes et municipalit\u00e9s suivantes afin de r\u00e9duire les d\u00e9chets.<\/p>\n<p>&nbsp;[\/vc_column_text][vc_empty_space][vc_column_text]<div id=\"kooperationenlist\"><div class=\"kooperationen_grid\" style=\"margin: 0 auto; display: grid; grid-template-columns: repeat(4, 1fr); grid-gap: 10em;\"><div class=\"kooperationen_item\" style=\"position: relative; text-align: center; vertical-align: middle; max-width: 250px;\"><a style=\"display: unset !important;\" target=\"_blank\" href=\"https:\/\/www.balerna.ch\/Progetto-Comune-Zero-Rifiuti-0fd3fa00\" class=\"pub_item\"><img decoding=\"async\" style=\"vertical-align: middle; object-fit: contain; height: 55px;\" src=\"https:\/\/www.recircle.ch\/wp-content\/uploads\/2024\/02\/Balerna-coat_of_arms.svg\" alt=\"\" \/><\/a><p style=\"position: absolute; bottom: -45px;  text-align: center; width: 100%; display: block;\" class=\"kooperationen_item_title\">Balerna<\/p><\/div><div class=\"kooperationen_item\" style=\"position: relative; text-align: center; vertical-align: middle; max-width: 250px;\"><img decoding=\"async\" style=\"vertical-align: middle; object-fit: contain; height: 55px;\" src=\"https:\/\/www.recircle.ch\/wp-content\/uploads\/2022\/11\/Basel_Stadt.png\" alt=\"\" \/><p style=\"position: absolute; bottom: -45px;  text-align: center; width: 100%; display: block;\" class=\"kooperationen_item_title\">Basel Stadt<\/p><\/div><div class=\"kooperationen_item\" style=\"position: relative; text-align: center; vertical-align: middle; max-width: 250px;\"><img decoding=\"async\" style=\"vertical-align: middle; object-fit: contain; height: 55px;\" src=\"https:\/\/www.recircle.ch\/wp-content\/uploads\/2022\/11\/duebendorf.png\" alt=\"\" \/><p style=\"position: absolute; bottom: -45px;  text-align: center; width: 100%; display: block;\" class=\"kooperationen_item_title\">D\u00fcbendorf<\/p><\/div><div class=\"kooperationen_item\" style=\"position: relative; text-align: center; vertical-align: middle; max-width: 250px;\"><a style=\"display: unset !important;\" target=\"_blank\" href=\"https:\/\/www.ge.ch\/teaser\/emportons-malin\" class=\"pub_item\"><img decoding=\"async\" style=\"vertical-align: middle; object-fit: contain; height: 55px;\" src=\"https:\/\/www.recircle.ch\/wp-content\/uploads\/2022\/11\/Wappen_Genf.png\" alt=\"\" \/><\/a><p style=\"position: absolute; bottom: -45px;  text-align: center; width: 100%; display: block;\" class=\"kooperationen_item_title\">Gen\u00e8ve<\/p><\/div><div class=\"kooperationen_item\" style=\"position: relative; text-align: center; vertical-align: middle; max-width: 250px;\"><img decoding=\"async\" style=\"vertical-align: middle; object-fit: contain; height: 55px;\" src=\"https:\/\/www.recircle.ch\/wp-content\/uploads\/2022\/07\/1200px-Gland-coat_of_arms.svg.png\" alt=\"\" \/><p style=\"position: absolute; bottom: -45px;  text-align: center; width: 100%; display: block;\" class=\"kooperationen_item_title\">Gland<\/p><\/div><div class=\"kooperationen_item\" style=\"position: relative; text-align: center; vertical-align: middle; max-width: 250px;\"><img decoding=\"async\" style=\"vertical-align: middle; object-fit: contain; height: 55px;\" src=\"https:\/\/www.recircle.ch\/wp-content\/uploads\/2022\/07\/CHE_Koeniz_COA.svg.png\" alt=\"\" \/><p style=\"position: absolute; bottom: -45px;  text-align: center; width: 100%; display: block;\" class=\"kooperationen_item_title\">K\u00f6niz<\/p><\/div><div class=\"kooperationen_item\" style=\"position: relative; text-align: center; vertical-align: middle; max-width: 250px;\"><a style=\"display: unset !important;\" target=\"_blank\" href=\"https:\/\/www.kuessnacht.ch\/\" class=\"pub_item\"><img decoding=\"async\" style=\"vertical-align: middle; object-fit: contain; height: 55px;\" src=\"https:\/\/www.recircle.ch\/wp-content\/uploads\/2025\/08\/20101025-Logo-Bezirk-Kuessnacht.jpg\" alt=\"\" \/><\/a><p style=\"position: absolute; bottom: -45px;  text-align: center; width: 100%; display: block;\" class=\"kooperationen_item_title\">K\u00fcssnacht<\/p><\/div><div class=\"kooperationen_item\" style=\"position: relative; text-align: center; vertical-align: middle; max-width: 250px;\"><a style=\"display: unset !important;\" target=\"_blank\" href=\"https:\/\/lausanne-restobox.ch\/\" class=\"pub_item\"><img decoding=\"async\" style=\"vertical-align: middle; object-fit: contain; height: 55px;\" src=\"https:\/\/www.recircle.ch\/wp-content\/uploads\/2022\/11\/lausanne.png\" alt=\"\" \/><\/a><p style=\"position: absolute; bottom: -45px;  text-align: center; width: 100%; display: block;\" class=\"kooperationen_item_title\">Lausanne<\/p><\/div><div class=\"kooperationen_item\" style=\"position: relative; text-align: center; vertical-align: middle; max-width: 250px;\"><a style=\"display: unset !important;\" target=\"_blank\" href=\"https:\/\/www.morges.ch\/vivre-a-morges\/commerces-artisants-et-entreprises\/test-recircle-vente-a-l-emporter-zero-dechets-203856\" class=\"pub_item\"><img decoding=\"async\" style=\"vertical-align: middle; object-fit: contain; height: 55px;\" src=\"https:\/\/www.recircle.ch\/wp-content\/uploads\/2022\/07\/1200px-Morges-coat_of_arms.svg.png\" alt=\"\" \/><\/a><p style=\"position: absolute; bottom: -45px;  text-align: center; width: 100%; display: block;\" class=\"kooperationen_item_title\">Morges<\/p><\/div><div class=\"kooperationen_item\" style=\"position: relative; text-align: center; vertical-align: middle; max-width: 250px;\"><img decoding=\"async\" style=\"vertical-align: middle; object-fit: contain; height: 55px;\" src=\"https:\/\/www.recircle.ch\/wp-content\/uploads\/2022\/07\/Neuchatel_city_coat_of_arms.svg\" alt=\"\" \/><p style=\"position: absolute; bottom: -45px;  text-align: center; width: 100%; display: block;\" class=\"kooperationen_item_title\">Neuch\u00e2tel<\/p><\/div><div class=\"kooperationen_item\" style=\"position: relative; text-align: center; vertical-align: middle; max-width: 250px;\"><img decoding=\"async\" style=\"vertical-align: middle; object-fit: contain; height: 55px;\" src=\"https:\/\/www.recircle.ch\/wp-content\/uploads\/2022\/11\/1200px-Nyon-coat_of_arms.svg.png\" alt=\"\" \/><p style=\"position: absolute; bottom: -45px;  text-align: center; width: 100%; display: block;\" class=\"kooperationen_item_title\">Nyon<\/p><\/div><div class=\"kooperationen_item\" style=\"position: relative; text-align: center; vertical-align: middle; max-width: 250px;\"><img decoding=\"async\" style=\"vertical-align: middle; object-fit: contain; height: 55px;\" src=\"https:\/\/www.recircle.ch\/wp-content\/uploads\/2022\/07\/Preverenges-coat_of_arms.svg\" alt=\"\" \/><p style=\"position: absolute; bottom: -45px;  text-align: center; width: 100%; display: block;\" class=\"kooperationen_item_title\">Pr\u00e9verenges<\/p><\/div><div class=\"kooperationen_item\" style=\"position: relative; text-align: center; vertical-align: middle; max-width: 250px;\"><a style=\"display: unset !important;\" target=\"_blank\" href=\"https:\/\/www.recircle.ch\/fr\/kooperationen\/pully\/\" class=\"pub_item\"><img decoding=\"async\" style=\"vertical-align: middle; object-fit: contain; height: 55px;\" src=\"https:\/\/www.recircle.ch\/wp-content\/uploads\/2024\/08\/Pully-coat_of_arms.svg\" alt=\"\" \/><\/a><p style=\"position: absolute; bottom: -45px;  text-align: center; width: 100%; display: block;\" class=\"kooperationen_item_title\">Pully<\/p><\/div><div class=\"kooperationen_item\" style=\"position: relative; text-align: center; vertical-align: middle; max-width: 250px;\"><img decoding=\"async\" style=\"vertical-align: middle; object-fit: contain; height: 55px;\" src=\"https:\/\/www.recircle.ch\/wp-content\/uploads\/2022\/08\/Rolle_district_coa.png\" alt=\"\" \/><p style=\"position: absolute; bottom: -45px;  text-align: center; width: 100%; display: block;\" class=\"kooperationen_item_title\">Rolle<\/p><\/div><div class=\"kooperationen_item\" style=\"position: relative; text-align: center; vertical-align: middle; max-width: 250px;\"><a style=\"display: unset !important;\" target=\"_blank\" href=\"https:\/\/www.stadt.sg.ch\/home\/raum-umwelt\/umwelt-nachhaltigkeit\/mehrweggeschirr\/anmeldung-testangebot-recircle.html\" class=\"pub_item\"><img decoding=\"async\" style=\"vertical-align: middle; object-fit: contain; height: 55px;\" src=\"https:\/\/www.recircle.ch\/wp-content\/uploads\/2024\/08\/Wappen_St._Gallen_matt.svg\" alt=\"\" \/><\/a><p style=\"position: absolute; bottom: -45px;  text-align: center; width: 100%; display: block;\" class=\"kooperationen_item_title\">St. Gallen<\/p><\/div><div class=\"kooperationen_item\" style=\"position: relative; text-align: center; vertical-align: middle; max-width: 250px;\"><a style=\"display: unset !important;\" target=\"_blank\" href=\"https:\/\/www.uster.ch\/aktuellesinformationen\/1809629\" class=\"pub_item\"><img decoding=\"async\" style=\"vertical-align: middle; object-fit: contain; height: 55px;\" src=\"https:\/\/www.recircle.ch\/wp-content\/uploads\/2022\/07\/1200px-Uster-blazon.svg.png\" alt=\"\" \/><\/a><p style=\"position: absolute; bottom: -45px;  text-align: center; width: 100%; display: block;\" class=\"kooperationen_item_title\">Uster<\/p><\/div><div class=\"kooperationen_item\" style=\"position: relative; text-align: center; vertical-align: middle; max-width: 250px;\"><img decoding=\"async\" style=\"vertical-align: middle; object-fit: contain; height: 55px;\" src=\"https:\/\/www.recircle.ch\/wp-content\/uploads\/2022\/11\/zkri.jpg\" alt=\"\" \/><p style=\"position: absolute; bottom: -45px;  text-align: center; width: 100%; display: block;\" class=\"kooperationen_item_title\">ZKRI<\/p><\/div><div class=\"kooperationen_item\" style=\"position: relative; text-align: center; vertical-align: middle; max-width: 250px;\"><img decoding=\"async\" style=\"vertical-align: middle; object-fit: contain; height: 55px;\" src=\"https:\/\/www.recircle.ch\/wp-content\/uploads\/2022\/11\/Kanton_Zug.png\" alt=\"\" \/><p style=\"position: absolute; bottom: -45px;  text-align: center; width: 100%; display: block;\" class=\"kooperationen_item_title\">Zug<\/p><\/div><\/div><\/div>[\/vc_column_text][\/vc_column][\/vc_row][vc_row full_width=\u00a0\u00bbstretch_row\u00a0\u00bb equal_height=\u00a0\u00bbyes\u00a0\u00bb content_placement=\u00a0\u00bbmiddle\u00a0\u00bb bg_type=\u00a0\u00bbbg_color\u00a0\u00bb bg_color_value=\u00a0\u00bb#ffffff\u00a0\u00bb css=\u00a0\u00bb.vc_custom_1660918232957{padding-top: 60px !important;padding-bottom: 200px !important;background-color: #ffffff !important;}\u00a0\u00bb][vc_column width=\u00a0\u00bb1\/2&Prime;][vc_single_image image=\u00a0\u00bb9334&Prime; img_size=\u00a0\u00bb350&#215;350&Prime; style=\u00a0\u00bbvc_box_circle_2&Prime;][\/vc_column][vc_column width=\u00a0\u00bb1\/2&Prime;][vc_column_text]<\/p>\n<h2>LANCER UNE CAMPAGNE<\/h2>\n<p>Vous souhaitez vous aussi que votre commune produise moins de d\u00e9chets ?\u00a0 N&rsquo;h\u00e9sitez pas \u00e0 nous contacter ! Nous nous ferons un plaisir de te pr\u00e9senter notre offre.[\/vc_column_text][vc_btn title=\u00a0\u00bbCoop\u00e9ration\u00a0\u00bb link=\u00a0\u00bburl:https%3A%2F%2Fwww.recircle.ch%2Ffr%2Frecircle-pour-vous%2Fcommunes%2F|title:Communes|\u00a0\u00bb][\/vc_column][\/vc_row]<\/p>\n<\/div>","protected":false},"excerpt":{"rendered":"<p>[vc_row full_width=\u00a0\u00bbstretch_row\u00a0\u00bb full_height=\u00a0\u00bbyes\u00a0\u00bb equal_height=\u00a0\u00bbyes\u00a0\u00bb content_placement=\u00a0\u00bbmiddle\u00a0\u00bb bg_type=\u00a0\u00bbbg_color\u00a0\u00bb bg_color_value=\u00a0\u00bb#fafafa\u00a0\u00bb css=\u00a0\u00bb.vc_custom_1650292621957{background-color: #ffffff !important;}\u00a0\u00bb][vc_column width=\u00a0\u00bb1\/2&Prime;][vc_column_text] PROMOUVOIR ENSEMBLE LA DURABILIT\u00c9 &nbsp;[\/vc_column_text][\/vc_column][vc_column width=\u00a0\u00bb1\/2&Prime;][vc_column_text]Nous avons d\u00e9j\u00e0 men\u00e9 des projets communs avec les communes suivantes pour r\u00e9duire le volume des d\u00e9chets. Merci de votre coop\u00e9ration\u00a0![\/vc_column_text][\/vc_column][\/vc_row][vc_row full_width=\u00a0\u00bbstretch_row\u00a0\u00bb equal_height=\u00a0\u00bbyes\u00a0\u00bb content_placement=\u00a0\u00bbmiddle\u00a0\u00bb bg_type=\u00a0\u00bbbg_color\u00a0\u00bb bg_color_value=\u00a0\u00bb#fafafa\u00a0\u00bb css=\u00a0\u00bb.vc_custom_1650292701707{padding-top: 90px !important;padding-bottom: 120px !important;background-color: #fafafa !important;}\u00a0\u00bb][vc_column][vc_column_text] Partenaires &nbsp;[\/vc_column_text][vc_column_text el_class=\u00a0\u00bbcontent800&Prime;] Nous avons men\u00e9 [&hellip;]<\/p>\n","protected":false},"author":1,"featured_media":0,"parent":0,"menu_order":0,"comment_status":"closed","ping_status":"closed","template":"","meta":{"_acf_changed":false,"content-type":"","footnotes":""},"class_list":["post-11681","page","type-page","status-publish","hentry"],"acf":[],"yoast_head":"<!-- This site is optimized with the Yoast SEO plugin v27.3 - https:\/\/yoast.com\/product\/yoast-seo-wordpress\/ -->\n<title>Campagnes - reCIRCLE<\/title>\n<meta name=\"robots\" content=\"index, follow, max-snippet:-1, max-image-preview:large, max-video-preview:-1\" \/>\n<link rel=\"canonical\" href=\"https:\/\/www.recircle.ch\/fr\/campagnes\/\" \/>\n<meta property=\"og:locale\" content=\"fr_FR\" \/>\n<meta property=\"og:type\" content=\"article\" \/>\n<meta property=\"og:title\" content=\"Campagnes - reCIRCLE\" \/>\n<meta property=\"og:description\" content=\"[vc_row full_width=\u00a0\u00bbstretch_row\u00a0\u00bb full_height=\u00a0\u00bbyes\u00a0\u00bb equal_height=\u00a0\u00bbyes\u00a0\u00bb content_placement=\u00a0\u00bbmiddle\u00a0\u00bb bg_type=\u00a0\u00bbbg_color\u00a0\u00bb bg_color_value=\u00a0\u00bb#fafafa\u00a0\u00bb css=\u00a0\u00bb.vc_custom_1650292621957{background-color: #ffffff !important;}\u00a0\u00bb][vc_column width=\u00a0\u00bb1\/2&Prime;][vc_column_text] PROMOUVOIR ENSEMBLE LA DURABILIT\u00c9 &nbsp;[\/vc_column_text][\/vc_column][vc_column width=\u00a0\u00bb1\/2&Prime;][vc_column_text]Nous avons d\u00e9j\u00e0 men\u00e9 des projets communs avec les communes suivantes pour r\u00e9duire le volume des d\u00e9chets. Merci de votre coop\u00e9ration\u00a0![\/vc_column_text][\/vc_column][\/vc_row][vc_row full_width=\u00a0\u00bbstretch_row\u00a0\u00bb equal_height=\u00a0\u00bbyes\u00a0\u00bb content_placement=\u00a0\u00bbmiddle\u00a0\u00bb bg_type=\u00a0\u00bbbg_color\u00a0\u00bb bg_color_value=\u00a0\u00bb#fafafa\u00a0\u00bb css=\u00a0\u00bb.vc_custom_1650292701707{padding-top: 90px !important;padding-bottom: 120px !important;background-color: #fafafa !important;}\u00a0\u00bb][vc_column][vc_column_text] Partenaires &nbsp;[\/vc_column_text][vc_column_text el_class=\u00a0\u00bbcontent800&Prime;] Nous avons men\u00e9 [&hellip;]\" \/>\n<meta property=\"og:url\" content=\"https:\/\/www.recircle.ch\/fr\/campagnes\/\" \/>\n<meta property=\"og:site_name\" content=\"reCIRCLE\" \/>\n<meta property=\"article:publisher\" content=\"https:\/\/www.facebook.com\/reCIRCLEnow\/\" \/>\n<meta property=\"og:image\" content=\"https:\/\/www.recircle.ch\/wp-content\/uploads\/2022\/11\/reCIRCLE_Tavolata-1-scaled.jpg\" \/>\n\t<meta property=\"og:image:width\" content=\"2350\" \/>\n\t<meta property=\"og:image:height\" content=\"1519\" \/>\n\t<meta property=\"og:image:type\" content=\"image\/jpeg\" \/>\n<meta name=\"twitter:card\" content=\"summary_large_image\" \/>\n<meta name=\"twitter:label1\" content=\"Dur\u00e9e de lecture estim\u00e9e\" \/>\n\t<meta name=\"twitter:data1\" content=\"1 minute\" \/>\n<script type=\"application\/ld+json\" class=\"yoast-schema-graph\">{\"@context\":\"https:\\\/\\\/schema.org\",\"@graph\":[{\"@type\":\"WebPage\",\"@id\":\"https:\\\/\\\/www.recircle.ch\\\/fr\\\/campagnes\\\/\",\"url\":\"https:\\\/\\\/www.recircle.ch\\\/fr\\\/campagnes\\\/\",\"name\":\"Campagnes - reCIRCLE\",\"isPartOf\":{\"@id\":\"https:\\\/\\\/www.recircle.ch\\\/#website\"},\"datePublished\":\"2022-08-23T12:12:31+00:00\",\"breadcrumb\":{\"@id\":\"https:\\\/\\\/www.recircle.ch\\\/fr\\\/campagnes\\\/#breadcrumb\"},\"inLanguage\":\"fr-FR\",\"potentialAction\":[{\"@type\":\"ReadAction\",\"target\":[\"https:\\\/\\\/www.recircle.ch\\\/fr\\\/campagnes\\\/\"]}]},{\"@type\":\"BreadcrumbList\",\"@id\":\"https:\\\/\\\/www.recircle.ch\\\/fr\\\/campagnes\\\/#breadcrumb\",\"itemListElement\":[{\"@type\":\"ListItem\",\"position\":1,\"name\":\"Home\",\"item\":\"https:\\\/\\\/www.recircle.ch\\\/fr\\\/\"},{\"@type\":\"ListItem\",\"position\":2,\"name\":\"Campagnes\"}]},{\"@type\":\"WebSite\",\"@id\":\"https:\\\/\\\/www.recircle.ch\\\/#website\",\"url\":\"https:\\\/\\\/www.recircle.ch\\\/\",\"name\":\"reCIRCLE\",\"description\":\"We love to reUSE!\",\"publisher\":{\"@id\":\"https:\\\/\\\/www.recircle.ch\\\/#organization\"},\"potentialAction\":[{\"@type\":\"SearchAction\",\"target\":{\"@type\":\"EntryPoint\",\"urlTemplate\":\"https:\\\/\\\/www.recircle.ch\\\/?s={search_term_string}\"},\"query-input\":{\"@type\":\"PropertyValueSpecification\",\"valueRequired\":true,\"valueName\":\"search_term_string\"}}],\"inLanguage\":\"fr-FR\"},{\"@type\":\"Organization\",\"@id\":\"https:\\\/\\\/www.recircle.ch\\\/#organization\",\"name\":\"reCIRCLE\",\"url\":\"https:\\\/\\\/www.recircle.ch\\\/\",\"logo\":{\"@type\":\"ImageObject\",\"inLanguage\":\"fr-FR\",\"@id\":\"https:\\\/\\\/www.recircle.ch\\\/#\\\/schema\\\/logo\\\/image\\\/\",\"url\":\"https:\\\/\\\/www.recircle.ch\\\/wp-content\\\/uploads\\\/2024\\\/01\\\/RC_Logo_aubergine_20grad_RGB.jpg\",\"contentUrl\":\"https:\\\/\\\/www.recircle.ch\\\/wp-content\\\/uploads\\\/2024\\\/01\\\/RC_Logo_aubergine_20grad_RGB.jpg\",\"width\":2362,\"height\":2362,\"caption\":\"reCIRCLE\"},\"image\":{\"@id\":\"https:\\\/\\\/www.recircle.ch\\\/#\\\/schema\\\/logo\\\/image\\\/\"},\"sameAs\":[\"https:\\\/\\\/www.facebook.com\\\/reCIRCLEnow\\\/\",\"https:\\\/\\\/www.instagram.com\\\/recirclenow\\\/\"]}]}<\/script>\n<!-- \/ Yoast SEO plugin. -->","yoast_head_json":{"title":"Campagnes - reCIRCLE","robots":{"index":"index","follow":"follow","max-snippet":"max-snippet:-1","max-image-preview":"max-image-preview:large","max-video-preview":"max-video-preview:-1"},"canonical":"https:\/\/www.recircle.ch\/fr\/campagnes\/","og_locale":"fr_FR","og_type":"article","og_title":"Campagnes - reCIRCLE","og_description":"[vc_row full_width=\u00a0\u00bbstretch_row\u00a0\u00bb full_height=\u00a0\u00bbyes\u00a0\u00bb equal_height=\u00a0\u00bbyes\u00a0\u00bb content_placement=\u00a0\u00bbmiddle\u00a0\u00bb bg_type=\u00a0\u00bbbg_color\u00a0\u00bb bg_color_value=\u00a0\u00bb#fafafa\u00a0\u00bb css=\u00a0\u00bb.vc_custom_1650292621957{background-color: #ffffff !important;}\u00a0\u00bb][vc_column width=\u00a0\u00bb1\/2&Prime;][vc_column_text] PROMOUVOIR ENSEMBLE LA DURABILIT\u00c9 &nbsp;[\/vc_column_text][\/vc_column][vc_column width=\u00a0\u00bb1\/2&Prime;][vc_column_text]Nous avons d\u00e9j\u00e0 men\u00e9 des projets communs avec les communes suivantes pour r\u00e9duire le volume des d\u00e9chets. Merci de votre coop\u00e9ration\u00a0![\/vc_column_text][\/vc_column][\/vc_row][vc_row full_width=\u00a0\u00bbstretch_row\u00a0\u00bb equal_height=\u00a0\u00bbyes\u00a0\u00bb content_placement=\u00a0\u00bbmiddle\u00a0\u00bb bg_type=\u00a0\u00bbbg_color\u00a0\u00bb bg_color_value=\u00a0\u00bb#fafafa\u00a0\u00bb css=\u00a0\u00bb.vc_custom_1650292701707{padding-top: 90px !important;padding-bottom: 120px !important;background-color: #fafafa !important;}\u00a0\u00bb][vc_column][vc_column_text] Partenaires &nbsp;[\/vc_column_text][vc_column_text el_class=\u00a0\u00bbcontent800&Prime;] Nous avons men\u00e9 [&hellip;]","og_url":"https:\/\/www.recircle.ch\/fr\/campagnes\/","og_site_name":"reCIRCLE","article_publisher":"https:\/\/www.facebook.com\/reCIRCLEnow\/","og_image":[{"width":2350,"height":1519,"url":"https:\/\/www.recircle.ch\/wp-content\/uploads\/2022\/11\/reCIRCLE_Tavolata-1-scaled.jpg","type":"image\/jpeg"}],"twitter_card":"summary_large_image","twitter_misc":{"Dur\u00e9e de lecture estim\u00e9e":"1 minute"},"schema":{"@context":"https:\/\/schema.org","@graph":[{"@type":"WebPage","@id":"https:\/\/www.recircle.ch\/fr\/campagnes\/","url":"https:\/\/www.recircle.ch\/fr\/campagnes\/","name":"Campagnes - reCIRCLE","isPartOf":{"@id":"https:\/\/www.recircle.ch\/#website"},"datePublished":"2022-08-23T12:12:31+00:00","breadcrumb":{"@id":"https:\/\/www.recircle.ch\/fr\/campagnes\/#breadcrumb"},"inLanguage":"fr-FR","potentialAction":[{"@type":"ReadAction","target":["https:\/\/www.recircle.ch\/fr\/campagnes\/"]}]},{"@type":"BreadcrumbList","@id":"https:\/\/www.recircle.ch\/fr\/campagnes\/#breadcrumb","itemListElement":[{"@type":"ListItem","position":1,"name":"Home","item":"https:\/\/www.recircle.ch\/fr\/"},{"@type":"ListItem","position":2,"name":"Campagnes"}]},{"@type":"WebSite","@id":"https:\/\/www.recircle.ch\/#website","url":"https:\/\/www.recircle.ch\/","name":"reCIRCLE","description":"We love to reUSE!","publisher":{"@id":"https:\/\/www.recircle.ch\/#organization"},"potentialAction":[{"@type":"SearchAction","target":{"@type":"EntryPoint","urlTemplate":"https:\/\/www.recircle.ch\/?s={search_term_string}"},"query-input":{"@type":"PropertyValueSpecification","valueRequired":true,"valueName":"search_term_string"}}],"inLanguage":"fr-FR"},{"@type":"Organization","@id":"https:\/\/www.recircle.ch\/#organization","name":"reCIRCLE","url":"https:\/\/www.recircle.ch\/","logo":{"@type":"ImageObject","inLanguage":"fr-FR","@id":"https:\/\/www.recircle.ch\/#\/schema\/logo\/image\/","url":"https:\/\/www.recircle.ch\/wp-content\/uploads\/2024\/01\/RC_Logo_aubergine_20grad_RGB.jpg","contentUrl":"https:\/\/www.recircle.ch\/wp-content\/uploads\/2024\/01\/RC_Logo_aubergine_20grad_RGB.jpg","width":2362,"height":2362,"caption":"reCIRCLE"},"image":{"@id":"https:\/\/www.recircle.ch\/#\/schema\/logo\/image\/"},"sameAs":["https:\/\/www.facebook.com\/reCIRCLEnow\/","https:\/\/www.instagram.com\/recirclenow\/"]}]}},"_links":{"self":[{"href":"https:\/\/www.recircle.ch\/fr\/wp-json\/wp\/v2\/pages\/11681","targetHints":{"allow":["GET"]}}],"collection":[{"href":"https:\/\/www.recircle.ch\/fr\/wp-json\/wp\/v2\/pages"}],"about":[{"href":"https:\/\/www.recircle.ch\/fr\/wp-json\/wp\/v2\/types\/page"}],"author":[{"embeddable":true,"href":"https:\/\/www.recircle.ch\/fr\/wp-json\/wp\/v2\/users\/1"}],"replies":[{"embeddable":true,"href":"https:\/\/www.recircle.ch\/fr\/wp-json\/wp\/v2\/comments?post=11681"}],"version-history":[{"count":0,"href":"https:\/\/www.recircle.ch\/fr\/wp-json\/wp\/v2\/pages\/11681\/revisions"}],"wp:attachment":[{"href":"https:\/\/www.recircle.ch\/fr\/wp-json\/wp\/v2\/media?parent=11681"}],"curies":[{"name":"wp","href":"https:\/\/api.w.org\/{rel}","templated":true}]}}