{"id":11638,"date":"2022-08-23T09:05:48","date_gmt":"2022-08-23T09:05:48","guid":{"rendered":"https:\/\/www.recircle.ch\/pourquoi\/"},"modified":"2024-11-18T10:25:31","modified_gmt":"2024-11-18T10:25:31","slug":"pourquoi","status":"publish","type":"page","link":"https:\/\/www.recircle.ch\/fr\/pourquoi\/","title":{"rendered":"Pourquoi"},"content":{"rendered":"<div class=\"wpb-content-wrapper\"><p>[vc_row full_width=\u00a0\u00bbstretch_row\u00a0\u00bb full_height=\u00a0\u00bbyes\u00a0\u00bb equal_height=\u00a0\u00bbyes\u00a0\u00bb bg_type=\u00a0\u00bbbg_color\u00a0\u00bb bg_color_value=\u00a0\u00bb#fafafa\u00a0\u00bb css=\u00a0\u00bb.vc_custom_1680081557248{background-color: #fafafa !important;}\u00a0\u00bb el_class=\u00a0\u00bbreversemobile\u00a0\u00bb][vc_column width=\u00a0\u00bb1\/2&Prime;][vc_column_text]<\/p>\n<h1>UNE AFFAIRE RONDEMENT MEN\u00c9E<\/h1>\n<p>[\/vc_column_text][vc_column_text css=\u00a0\u00bb\u00a0\u00bb]Nous avons d\u00e9velopp\u00e9 un syst\u00e8me circulaire de contenants pour aliments et boissons \u00e0 emporter. Les contenants reCIRCLE peuvent \u00eatre obtenu et restitu\u00e9s aupr\u00e8s de n\u2019importe quel \u00e9tablissement partenaire (restaurant, boulangerie, takeaway, cantines, etc.). Le z\u00e9ro d\u00e9chet n\u2019a jamais \u00e9t\u00e9 aussi simple.<\/p>\n<p>[\/vc_column_text][\/vc_column][vc_column width=\u00a0\u00bb1\/2&Prime;][vc_single_image image=\u00a0\u00bb6743&Prime; img_size=\u00a0\u00bbfull\u00a0\u00bb alignment=\u00a0\u00bbcenter\u00a0\u00bb style=\u00a0\u00bbvc_box_circle_2&Prime;][\/vc_column][\/vc_row][vc_row full_width=\u00a0\u00bbstretch_row\u00a0\u00bb content_placement=\u00a0\u00bbtop\u00a0\u00bb bg_type=\u00a0\u00bbbg_color\u00a0\u00bb bg_color_value=\u00a0\u00bb#fafafa\u00a0\u00bb css=\u00a0\u00bb.vc_custom_1660246582741{background-color: #ffffff !important;}\u00a0\u00bb el_class=\u00a0\u00bbarrowdownsection\u00a0\u00bb][vc_column][vc_raw_html]PGEgc3R5bGU9Im91dGxpbmU6IG5vbmU7IiBocmVmPSIjc2VjdGlvbjk4MjM0OTg0MzI0MjEzIj48ZGl2IHN0eWxlPSJ3aWR0aDogNzBweDsgaGVpZ2h0OiA3MHB4OyBvdXRsaW5lOiBub25lOyIgaWQ9InNjcm9sbGRvd24iPjwvZGl2PjwvYT4=[\/vc_raw_html][\/vc_column][\/vc_row][vc_row full_width=\u00a0\u00bbstretch_row\u00a0\u00bb content_placement=\u00a0\u00bbmiddle\u00a0\u00bb bg_type=\u00a0\u00bbbg_color\u00a0\u00bb bg_color_value=\u00a0\u00bb#ffffff\u00a0\u00bb css=\u00a0\u00bb.vc_custom_1680092561367{padding-top: 60px !important;padding-bottom: 120px !important;background-color: #ffffff !important;}\u00a0\u00bb][vc_column width=\u00a0\u00bb1\/2&Prime;][vc_single_image image=\u00a0\u00bb5278&Prime; img_size=\u00a0\u00bbfull\u00a0\u00bb alignment=\u00a0\u00bbcenter\u00a0\u00bb][\/vc_column][vc_column width=\u00a0\u00bb1\/2&Prime;][vc_column_text]<\/p>\n<h2>DES PRODUITS D\u00c9VELOPP\u00c9S POUR L&rsquo;\u00c9CONOMIE DE CIRCUITS<\/h2>\n<p>.<br \/>\nLes reCIRCLEs sont r\u00e9sistants \u00e0 la chaleur et au gel, inodores, adapt\u00e9s au micro-ondes et au lave-vaisselle. Gr\u00e2ce aux mat\u00e9riaux de haute qualit\u00e9, ils sont tr\u00e8s durables et peuvent \u00eatre r\u00e9utilis\u00e9s jusqu&rsquo;\u00e0 500 fois. Nettoyage facile, s\u00e9chage complet, empilabilit\u00e9, a\u00e9ration &#8211; m\u00eame \u00e0 l&rsquo;\u00e9tat empil\u00e9 &#8211; ne sont que quelques-unes des caract\u00e9ristiques indispensables lorsqu&rsquo;il s&rsquo;agit d&#8217;emballages r\u00e9utilisables. M\u00eame apr\u00e8s des centaines d&rsquo;utilisations, nos produits peuvent toujours \u00eatre recycl\u00e9s.[\/vc_column_text][\/vc_column][\/vc_row][vc_row full_width=\u00a0\u00bbstretch_row\u00a0\u00bb content_placement=\u00a0\u00bbmiddle\u00a0\u00bb bg_type=\u00a0\u00bbbg_color\u00a0\u00bb bg_color_value=\u00a0\u00bb#ffffff\u00a0\u00bb css=\u00a0\u00bb.vc_custom_1680092548742{padding-top: 80px !important;padding-bottom: 90px !important;background-color: #fafafa !important;}\u00a0\u00bb el_class=\u00a0\u00bbreversemobile\u00a0\u00bb][vc_column width=\u00a0\u00bb1\/2&Prime;][vc_column_text]<\/p>\n<h2>LE R\u00c9SEAU reCIRCLE<\/h2>\n<p>reCIRCLE, c\u2019est bien plus que des contenants. C\u2019est un mouvement, qui prend la forme d\u2019un r\u00e9seau d\u2019\u00e9tablissements de restauration tels que takeaway, restaurants et cantines. Ce r\u00e9seau vous permet de passer au r\u00e9utilisable en toute simplicit\u00e9. Aujourd\u2019hui, il compte plus de 1800 \u00e9tablissements partenaires en Suisse et 600 en Europe, de quoi remplacer plus de 60 000 emballages jetables par jour.[\/vc_column_text][\/vc_column][vc_column width=\u00a0\u00bb1\/2&Prime;][vc_single_image image=\u00a0\u00bb4829&Prime; img_size=\u00a0\u00bbfull\u00a0\u00bb alignment=\u00a0\u00bbcenter\u00a0\u00bb el_class=\u00a0\u00bbimage250&Prime;][\/vc_column][\/vc_row][vc_row full_width=\u00a0\u00bbstretch_row\u00a0\u00bb equal_height=\u00a0\u00bbyes\u00a0\u00bb content_placement=\u00a0\u00bbmiddle\u00a0\u00bb bg_type=\u00a0\u00bbbg_color\u00a0\u00bb bg_color_value=\u00a0\u00bb#ffffff\u00a0\u00bb css=\u00a0\u00bb.vc_custom_1649877853583{padding-top: 60px !important;padding-bottom: 120px !important;background-color: #fafafa !important;}\u00a0\u00bb][vc_column width=\u00a0\u00bb1\/2&Prime;][vc_single_image image=\u00a0\u00bb4670&Prime; img_size=\u00a0\u00bbfull\u00a0\u00bb alignment=\u00a0\u00bbcenter\u00a0\u00bb][\/vc_column][vc_column width=\u00a0\u00bb1\/2&Prime;][vc_column_text]<\/p>\n<h2>ECONOMISONS ENSEMBLE DES RESSOURCES DE VALEUR<\/h2>\n<p>En 2023, la communaut\u00e9 reCIRCLE a \u00e9conomis\u00e9 plus de 20 millions d&#8217;emballages jetables. En CO2, cela repr\u00e9sente 1400 tonnes. En passant, confortablement install\u00e9 autour d&rsquo;un d\u00e9licieux repas.[\/vc_column_text][\/vc_column][\/vc_row][vc_row full_width=\u00a0\u00bbstretch_row\u00a0\u00bb equal_height=\u00a0\u00bbyes\u00a0\u00bb content_placement=\u00a0\u00bbmiddle\u00a0\u00bb bg_type=\u00a0\u00bbbg_color\u00a0\u00bb bg_color_value=\u00a0\u00bb#ffffff\u00a0\u00bb css=\u00a0\u00bb.vc_custom_1680081579906{padding-top: 80px !important;padding-bottom: 90px !important;background-color: #fafafa !important;}\u00a0\u00bb el_class=\u00a0\u00bbreversemobile\u00a0\u00bb][vc_column width=\u00a0\u00bb1\/2&Prime;][vc_column_text]<\/p>\n<h2>BILAN \u00c9COLOGIQUE<\/h2>\n<p>Quelques cycles de lavage suffisent \u00e0 rendre les reCIRCLEs plus durables que les emballages jetables.[\/vc_column_text][vc_btn title=\u00a0\u00bbvoir le bilan \u00e9cologique\u00a0\u00bb align=\u00a0\u00bbleft\u00a0\u00bb link=\u00a0\u00bburl:https%3A%2F%2Fwww.recircle.ch%2Fwp-content%2Fuploads%2F2023%2F11%2FReCIRCLE_Sheet_PPT_2021_12_14_FR.pdf|target:_blank\u00a0\u00bb el_class=\u00a0\u00bbrecircleButton\u00a0\u00bb][\/vc_column][vc_column width=\u00a0\u00bb1\/2&Prime;][vc_single_image image=\u00a0\u00bb4550&Prime; img_size=\u00a0\u00bbfull\u00a0\u00bb alignment=\u00a0\u00bbcenter\u00a0\u00bb el_class=\u00a0\u00bbimage250&Prime;][\/vc_column][\/vc_row][vc_row full_width=\u00a0\u00bbstretch_row\u00a0\u00bb equal_height=\u00a0\u00bbyes\u00a0\u00bb content_placement=\u00a0\u00bbmiddle\u00a0\u00bb bg_type=\u00a0\u00bbbg_color\u00a0\u00bb bg_color_value=\u00a0\u00bb#ffffff\u00a0\u00bb css=\u00a0\u00bb.vc_custom_1649878813903{padding-top: 60px !important;padding-bottom: 120px !important;background-color: #ffffff !important;}\u00a0\u00bb][vc_column width=\u00a0\u00bb1\/2&Prime;][vc_single_image image=\u00a0\u00bb5285&Prime; img_size=\u00a0\u00bb350&#215;350&Prime;][\/vc_column][vc_column width=\u00a0\u00bb1\/2&Prime;][vc_column_text]<\/p>\n<h2><i>re<\/i>CIRCLE App<\/h2>\n<p>Gr\u00e2ce \u00e0 notre application, les reCIRCLE peuvent \u00eatre emprunt\u00e9s gratuitement pour une dur\u00e9e allant jusqu&rsquo;\u00e0 7 jours. Ainsi, il n&rsquo;y a pas de consigne, pas d&rsquo;argent liquide et c&rsquo;est encore plus simple. Gr\u00e2ce \u00e0 l&rsquo;application, tu trouveras toujours le partenaire reCIRCLE le plus proche et tu pourras en outre commander des repas sans produire de d\u00e9chets. Qu&rsquo;est-ce que tu attends encore ?[\/vc_column_text][vc_btn title=\u00a0\u00bbT\u00e9l\u00e9charger la reCIRCLE App\u00a0\u00bb align=\u00a0\u00bbleft\u00a0\u00bb link=\u00a0\u00bburl:https%3A%2F%2Frecircle-services.ch%2Fapp|target:_blank|\u00a0\u00bb el_class=\u00a0\u00bbrecircleButton\u00a0\u00bb][\/vc_column][\/vc_row][vc_row full_width=\u00a0\u00bbstretch_row\u00a0\u00bb css=\u00a0\u00bb.vc_custom_1660919217413{padding-top: 100px !important;padding-bottom: 80px !important;background-color: #fafafa !important;}\u00a0\u00bb][vc_column][vc_column_text]<\/p>\n<h2><b class=\"b5\">T\u00c9MOINAGE DE L&rsquo;EXPERIENCE\u00a0<\/b><\/h2>\n<p>[\/vc_column_text][vc_column_text]<div id=\"testimonialslist\"><div class=\"testimonials\" style=\"display: flex;\"><div class=\"testimonials_item\" style=\"max-width: 100%; text-align: center; vertical-align: middle;\">\n\t\t\t\t\t<div class=\"testimonial_image\" style=\"text-align: left; width: 350px; height: 400px; float: left; margin-right: 2em;\">\n\t\t\t\t\t<figure class=\"wpb_wrapper vc_figure\">\n\t\t\t\t\t\t<div class=\"vc_single_image-wrapper vc_box_border_grey\" style=\"\"><img decoding=\"async\" src=\"https:\/\/www.recircle.ch\/wp-content\/uploads\/2022\/04\/Naruemon-Wongbua-Suban-Thai-Restaurant-e1657548706481.png\" style=\"border-radius: 50%; overflow: hidden;\" \/><\/div>\n\t\t\t\t\t<\/figure>\n\t\t\t\t\t<\/div>\n\t\t\t\t\t<div style=\"text-align: left; margin-top: 1em;\" class=\"statementContent\"><p>\u00ab\u00a0Depuis que j&rsquo;utilise reCIRCLE, ma consommation de vaisselle r\u00e9utilisable a diminu\u00e9 de moiti\u00e9.\u00a0\u00bb<\/p>\n<\/div>\n\t\t\t\t\t<div class=\"statmentPerson\" style=\"margin-top: 1.2em; text-align: left; width: 100%; display: block !important;\">Nar\u00fcmon Wongbua, Suban Thai Restaurant, Berne<\/div>\n\t\t\t\t\t<\/div><\/div><\/div>[\/vc_column_text][\/vc_column][\/vc_row]<\/p>\n<\/div>","protected":false},"excerpt":{"rendered":"<p>[vc_row full_width=\u00a0\u00bbstretch_row\u00a0\u00bb full_height=\u00a0\u00bbyes\u00a0\u00bb equal_height=\u00a0\u00bbyes\u00a0\u00bb bg_type=\u00a0\u00bbbg_color\u00a0\u00bb bg_color_value=\u00a0\u00bb#fafafa\u00a0\u00bb css=\u00a0\u00bb.vc_custom_1680081557248{background-color: #fafafa !important;}\u00a0\u00bb el_class=\u00a0\u00bbreversemobile\u00a0\u00bb][vc_column width=\u00a0\u00bb1\/2&Prime;][vc_column_text] UNE AFFAIRE RONDEMENT MEN\u00c9E [\/vc_column_text][vc_column_text css=\u00a0\u00bb\u00a0\u00bb]Nous avons d\u00e9velopp\u00e9 un syst\u00e8me circulaire de contenants pour aliments et boissons \u00e0 emporter. Les contenants reCIRCLE peuvent \u00eatre obtenu et restitu\u00e9s aupr\u00e8s de n\u2019importe quel \u00e9tablissement partenaire (restaurant, boulangerie, takeaway, cantines, etc.). Le z\u00e9ro d\u00e9chet n\u2019a jamais \u00e9t\u00e9 [&hellip;]<\/p>\n","protected":false},"author":1,"featured_media":0,"parent":0,"menu_order":0,"comment_status":"closed","ping_status":"closed","template":"","meta":{"_acf_changed":false,"content-type":"","footnotes":""},"class_list":["post-11638","page","type-page","status-publish","hentry"],"acf":[],"yoast_head":"<!-- This site is optimized with the Yoast SEO plugin v27.3 - https:\/\/yoast.com\/product\/yoast-seo-wordpress\/ -->\n<title>Pourquoi - reCIRCLE<\/title>\n<meta name=\"robots\" content=\"index, follow, max-snippet:-1, max-image-preview:large, max-video-preview:-1\" \/>\n<link rel=\"canonical\" href=\"https:\/\/www.recircle.ch\/fr\/pourquoi\/\" \/>\n<meta property=\"og:locale\" content=\"fr_FR\" \/>\n<meta property=\"og:type\" content=\"article\" \/>\n<meta property=\"og:title\" content=\"Pourquoi - reCIRCLE\" \/>\n<meta property=\"og:description\" content=\"[vc_row full_width=\u00a0\u00bbstretch_row\u00a0\u00bb full_height=\u00a0\u00bbyes\u00a0\u00bb equal_height=\u00a0\u00bbyes\u00a0\u00bb bg_type=\u00a0\u00bbbg_color\u00a0\u00bb bg_color_value=\u00a0\u00bb#fafafa\u00a0\u00bb css=\u00a0\u00bb.vc_custom_1680081557248{background-color: #fafafa !important;}\u00a0\u00bb el_class=\u00a0\u00bbreversemobile\u00a0\u00bb][vc_column width=\u00a0\u00bb1\/2&Prime;][vc_column_text] UNE AFFAIRE RONDEMENT MEN\u00c9E [\/vc_column_text][vc_column_text css=\u00a0\u00bb\u00a0\u00bb]Nous avons d\u00e9velopp\u00e9 un syst\u00e8me circulaire de contenants pour aliments et boissons \u00e0 emporter. Les contenants reCIRCLE peuvent \u00eatre obtenu et restitu\u00e9s aupr\u00e8s de n\u2019importe quel \u00e9tablissement partenaire (restaurant, boulangerie, takeaway, cantines, etc.). Le z\u00e9ro d\u00e9chet n\u2019a jamais \u00e9t\u00e9 [&hellip;]\" \/>\n<meta property=\"og:url\" content=\"https:\/\/www.recircle.ch\/fr\/pourquoi\/\" \/>\n<meta property=\"og:site_name\" content=\"reCIRCLE\" \/>\n<meta property=\"article:publisher\" content=\"https:\/\/www.facebook.com\/reCIRCLEnow\/\" \/>\n<meta property=\"article:modified_time\" content=\"2024-11-18T10:25:31+00:00\" \/>\n<meta property=\"og:image\" content=\"https:\/\/www.recircle.ch\/wp-content\/uploads\/2022\/11\/reCIRCLE_Tavolata-1-scaled.jpg\" \/>\n\t<meta property=\"og:image:width\" content=\"2350\" \/>\n\t<meta property=\"og:image:height\" content=\"1519\" \/>\n\t<meta property=\"og:image:type\" content=\"image\/jpeg\" \/>\n<meta name=\"twitter:card\" content=\"summary_large_image\" \/>\n<meta name=\"twitter:label1\" content=\"Dur\u00e9e de lecture estim\u00e9e\" \/>\n\t<meta name=\"twitter:data1\" content=\"4 minutes\" \/>\n<script type=\"application\/ld+json\" class=\"yoast-schema-graph\">{\"@context\":\"https:\\\/\\\/schema.org\",\"@graph\":[{\"@type\":\"WebPage\",\"@id\":\"https:\\\/\\\/www.recircle.ch\\\/fr\\\/pourquoi\\\/\",\"url\":\"https:\\\/\\\/www.recircle.ch\\\/fr\\\/pourquoi\\\/\",\"name\":\"Pourquoi - reCIRCLE\",\"isPartOf\":{\"@id\":\"https:\\\/\\\/www.recircle.ch\\\/#website\"},\"datePublished\":\"2022-08-23T09:05:48+00:00\",\"dateModified\":\"2024-11-18T10:25:31+00:00\",\"breadcrumb\":{\"@id\":\"https:\\\/\\\/www.recircle.ch\\\/fr\\\/pourquoi\\\/#breadcrumb\"},\"inLanguage\":\"fr-FR\",\"potentialAction\":[{\"@type\":\"ReadAction\",\"target\":[\"https:\\\/\\\/www.recircle.ch\\\/fr\\\/pourquoi\\\/\"]}]},{\"@type\":\"BreadcrumbList\",\"@id\":\"https:\\\/\\\/www.recircle.ch\\\/fr\\\/pourquoi\\\/#breadcrumb\",\"itemListElement\":[{\"@type\":\"ListItem\",\"position\":1,\"name\":\"Home\",\"item\":\"https:\\\/\\\/www.recircle.ch\\\/fr\\\/\"},{\"@type\":\"ListItem\",\"position\":2,\"name\":\"Pourquoi\"}]},{\"@type\":\"WebSite\",\"@id\":\"https:\\\/\\\/www.recircle.ch\\\/#website\",\"url\":\"https:\\\/\\\/www.recircle.ch\\\/\",\"name\":\"reCIRCLE\",\"description\":\"We love to reUSE!\",\"publisher\":{\"@id\":\"https:\\\/\\\/www.recircle.ch\\\/#organization\"},\"potentialAction\":[{\"@type\":\"SearchAction\",\"target\":{\"@type\":\"EntryPoint\",\"urlTemplate\":\"https:\\\/\\\/www.recircle.ch\\\/?s={search_term_string}\"},\"query-input\":{\"@type\":\"PropertyValueSpecification\",\"valueRequired\":true,\"valueName\":\"search_term_string\"}}],\"inLanguage\":\"fr-FR\"},{\"@type\":\"Organization\",\"@id\":\"https:\\\/\\\/www.recircle.ch\\\/#organization\",\"name\":\"reCIRCLE\",\"url\":\"https:\\\/\\\/www.recircle.ch\\\/\",\"logo\":{\"@type\":\"ImageObject\",\"inLanguage\":\"fr-FR\",\"@id\":\"https:\\\/\\\/www.recircle.ch\\\/#\\\/schema\\\/logo\\\/image\\\/\",\"url\":\"https:\\\/\\\/www.recircle.ch\\\/wp-content\\\/uploads\\\/2024\\\/01\\\/RC_Logo_aubergine_20grad_RGB.jpg\",\"contentUrl\":\"https:\\\/\\\/www.recircle.ch\\\/wp-content\\\/uploads\\\/2024\\\/01\\\/RC_Logo_aubergine_20grad_RGB.jpg\",\"width\":2362,\"height\":2362,\"caption\":\"reCIRCLE\"},\"image\":{\"@id\":\"https:\\\/\\\/www.recircle.ch\\\/#\\\/schema\\\/logo\\\/image\\\/\"},\"sameAs\":[\"https:\\\/\\\/www.facebook.com\\\/reCIRCLEnow\\\/\",\"https:\\\/\\\/www.instagram.com\\\/recirclenow\\\/\"]}]}<\/script>\n<!-- \/ Yoast SEO plugin. -->","yoast_head_json":{"title":"Pourquoi - reCIRCLE","robots":{"index":"index","follow":"follow","max-snippet":"max-snippet:-1","max-image-preview":"max-image-preview:large","max-video-preview":"max-video-preview:-1"},"canonical":"https:\/\/www.recircle.ch\/fr\/pourquoi\/","og_locale":"fr_FR","og_type":"article","og_title":"Pourquoi - reCIRCLE","og_description":"[vc_row full_width=\u00a0\u00bbstretch_row\u00a0\u00bb full_height=\u00a0\u00bbyes\u00a0\u00bb equal_height=\u00a0\u00bbyes\u00a0\u00bb bg_type=\u00a0\u00bbbg_color\u00a0\u00bb bg_color_value=\u00a0\u00bb#fafafa\u00a0\u00bb css=\u00a0\u00bb.vc_custom_1680081557248{background-color: #fafafa !important;}\u00a0\u00bb el_class=\u00a0\u00bbreversemobile\u00a0\u00bb][vc_column width=\u00a0\u00bb1\/2&Prime;][vc_column_text] UNE AFFAIRE RONDEMENT MEN\u00c9E [\/vc_column_text][vc_column_text css=\u00a0\u00bb\u00a0\u00bb]Nous avons d\u00e9velopp\u00e9 un syst\u00e8me circulaire de contenants pour aliments et boissons \u00e0 emporter. Les contenants reCIRCLE peuvent \u00eatre obtenu et restitu\u00e9s aupr\u00e8s de n\u2019importe quel \u00e9tablissement partenaire (restaurant, boulangerie, takeaway, cantines, etc.). Le z\u00e9ro d\u00e9chet n\u2019a jamais \u00e9t\u00e9 [&hellip;]","og_url":"https:\/\/www.recircle.ch\/fr\/pourquoi\/","og_site_name":"reCIRCLE","article_publisher":"https:\/\/www.facebook.com\/reCIRCLEnow\/","article_modified_time":"2024-11-18T10:25:31+00:00","og_image":[{"width":2350,"height":1519,"url":"https:\/\/www.recircle.ch\/wp-content\/uploads\/2022\/11\/reCIRCLE_Tavolata-1-scaled.jpg","type":"image\/jpeg"}],"twitter_card":"summary_large_image","twitter_misc":{"Dur\u00e9e de lecture estim\u00e9e":"4 minutes"},"schema":{"@context":"https:\/\/schema.org","@graph":[{"@type":"WebPage","@id":"https:\/\/www.recircle.ch\/fr\/pourquoi\/","url":"https:\/\/www.recircle.ch\/fr\/pourquoi\/","name":"Pourquoi - reCIRCLE","isPartOf":{"@id":"https:\/\/www.recircle.ch\/#website"},"datePublished":"2022-08-23T09:05:48+00:00","dateModified":"2024-11-18T10:25:31+00:00","breadcrumb":{"@id":"https:\/\/www.recircle.ch\/fr\/pourquoi\/#breadcrumb"},"inLanguage":"fr-FR","potentialAction":[{"@type":"ReadAction","target":["https:\/\/www.recircle.ch\/fr\/pourquoi\/"]}]},{"@type":"BreadcrumbList","@id":"https:\/\/www.recircle.ch\/fr\/pourquoi\/#breadcrumb","itemListElement":[{"@type":"ListItem","position":1,"name":"Home","item":"https:\/\/www.recircle.ch\/fr\/"},{"@type":"ListItem","position":2,"name":"Pourquoi"}]},{"@type":"WebSite","@id":"https:\/\/www.recircle.ch\/#website","url":"https:\/\/www.recircle.ch\/","name":"reCIRCLE","description":"We love to reUSE!","publisher":{"@id":"https:\/\/www.recircle.ch\/#organization"},"potentialAction":[{"@type":"SearchAction","target":{"@type":"EntryPoint","urlTemplate":"https:\/\/www.recircle.ch\/?s={search_term_string}"},"query-input":{"@type":"PropertyValueSpecification","valueRequired":true,"valueName":"search_term_string"}}],"inLanguage":"fr-FR"},{"@type":"Organization","@id":"https:\/\/www.recircle.ch\/#organization","name":"reCIRCLE","url":"https:\/\/www.recircle.ch\/","logo":{"@type":"ImageObject","inLanguage":"fr-FR","@id":"https:\/\/www.recircle.ch\/#\/schema\/logo\/image\/","url":"https:\/\/www.recircle.ch\/wp-content\/uploads\/2024\/01\/RC_Logo_aubergine_20grad_RGB.jpg","contentUrl":"https:\/\/www.recircle.ch\/wp-content\/uploads\/2024\/01\/RC_Logo_aubergine_20grad_RGB.jpg","width":2362,"height":2362,"caption":"reCIRCLE"},"image":{"@id":"https:\/\/www.recircle.ch\/#\/schema\/logo\/image\/"},"sameAs":["https:\/\/www.facebook.com\/reCIRCLEnow\/","https:\/\/www.instagram.com\/recirclenow\/"]}]}},"_links":{"self":[{"href":"https:\/\/www.recircle.ch\/fr\/wp-json\/wp\/v2\/pages\/11638","targetHints":{"allow":["GET"]}}],"collection":[{"href":"https:\/\/www.recircle.ch\/fr\/wp-json\/wp\/v2\/pages"}],"about":[{"href":"https:\/\/www.recircle.ch\/fr\/wp-json\/wp\/v2\/types\/page"}],"author":[{"embeddable":true,"href":"https:\/\/www.recircle.ch\/fr\/wp-json\/wp\/v2\/users\/1"}],"replies":[{"embeddable":true,"href":"https:\/\/www.recircle.ch\/fr\/wp-json\/wp\/v2\/comments?post=11638"}],"version-history":[{"count":1,"href":"https:\/\/www.recircle.ch\/fr\/wp-json\/wp\/v2\/pages\/11638\/revisions"}],"predecessor-version":[{"id":18929,"href":"https:\/\/www.recircle.ch\/fr\/wp-json\/wp\/v2\/pages\/11638\/revisions\/18929"}],"wp:attachment":[{"href":"https:\/\/www.recircle.ch\/fr\/wp-json\/wp\/v2\/media?parent=11638"}],"curies":[{"name":"wp","href":"https:\/\/api.w.org\/{rel}","templated":true}]}}